{"id":1935,"date":"2023-05-02T16:55:36","date_gmt":"2023-05-02T14:55:36","guid":{"rendered":"https:\/\/www.campariacademy.com\/es-es\/?page_id=1935"},"modified":"2023-08-04T21:21:59","modified_gmt":"2023-08-04T19:21:59","slug":"liderazgo","status":"publish","type":"page","link":"https:\/\/www.campariacademy.com\/es-es\/perspectives\/temporada-2\/liderazgo\/","title":{"rendered":"El liderazgo es&#8230;"},"content":{"rendered":"","protected":false},"excerpt":{"rendered":"","protected":false},"author":1,"featured_media":0,"parent":1933,"menu_order":0,"comment_status":"closed","ping_status":"closed","template":"template-season-theme.php","meta":{"_acf_changed":false,"footnotes":""},"class_list":["post-1935","page","type-page","status-publish","hentry"],"acf":[],"yoast_head":"<!-- This site is optimized with the Yoast SEO plugin v26.9 - https:\/\/yoast.com\/product\/yoast-seo-wordpress\/ -->\n<title>El liderazgo es... - Campari Academy<\/title>\n<meta name=\"description\" content=\"\u00bfC\u00f3mo deber\u00eda ser el liderazgo en los bares? Hemos hablado con due\u00f1os de bares y con reputados l\u00edderes que han trabajado duro para construir y liderar equipos que trabajen en armon\u00eda para ser algunos de los mejores en nuestro sector. Desde la comunicaci\u00f3n eficaz hasta lidiar con el fracaso y la adversidad, explican qu\u00e9 se necesita para realmente liderar un equipo.\" \/>\n<meta name=\"robots\" content=\"index, follow, max-snippet:-1, max-image-preview:large, max-video-preview:-1\" \/>\n<link rel=\"canonical\" href=\"https:\/\/www.campariacademy.com\/es-es\/perspectives\/temporada-2\/liderazgo\/\" \/>\n<meta property=\"og:locale\" content=\"es_ES\" \/>\n<meta property=\"og:type\" content=\"article\" \/>\n<meta property=\"og:title\" content=\"El liderazgo es... - Campari Academy\" \/>\n<meta property=\"og:description\" content=\"\u00bfC\u00f3mo deber\u00eda ser el liderazgo en los bares? Hemos hablado con due\u00f1os de bares y con reputados l\u00edderes que han trabajado duro para construir y liderar equipos que trabajen en armon\u00eda para ser algunos de los mejores en nuestro sector. Desde la comunicaci\u00f3n eficaz hasta lidiar con el fracaso y la adversidad, explican qu\u00e9 se necesita para realmente liderar un equipo.\" \/>\n<meta property=\"og:url\" content=\"https:\/\/www.campariacademy.com\/es-es\/perspectives\/temporada-2\/liderazgo\/\" \/>\n<meta property=\"og:site_name\" content=\"Campari Academy\" \/>\n<meta property=\"article:modified_time\" content=\"2023-08-04T19:21:59+00:00\" \/>\n<meta name=\"twitter:card\" content=\"summary_large_image\" \/>\n<script type=\"application\/ld+json\" class=\"yoast-schema-graph\">{\"@context\":\"https:\/\/schema.org\",\"@graph\":[{\"@type\":\"WebPage\",\"@id\":\"https:\/\/www.campariacademy.com\/es-es\/perspectives\/temporada-2\/liderazgo\/\",\"url\":\"https:\/\/www.campariacademy.com\/es-es\/perspectives\/temporada-2\/liderazgo\/\",\"name\":\"El liderazgo es... - Campari Academy\",\"isPartOf\":{\"@id\":\"https:\/\/www.campariacademy.com\/es-es\/#website\"},\"datePublished\":\"2023-05-02T14:55:36+00:00\",\"dateModified\":\"2023-08-04T19:21:59+00:00\",\"description\":\"\u00bfC\u00f3mo deber\u00eda ser el liderazgo en los bares? Hemos hablado con due\u00f1os de bares y con reputados l\u00edderes que han trabajado duro para construir y liderar equipos que trabajen en armon\u00eda para ser algunos de los mejores en nuestro sector. Desde la comunicaci\u00f3n eficaz hasta lidiar con el fracaso y la adversidad, explican qu\u00e9 se necesita para realmente liderar un equipo.\",\"breadcrumb\":{\"@id\":\"https:\/\/www.campariacademy.com\/es-es\/perspectives\/temporada-2\/liderazgo\/#breadcrumb\"},\"inLanguage\":\"es\",\"potentialAction\":[{\"@type\":\"ReadAction\",\"target\":[\"https:\/\/www.campariacademy.com\/es-es\/perspectives\/temporada-2\/liderazgo\/\"]}]},{\"@type\":\"BreadcrumbList\",\"@id\":\"https:\/\/www.campariacademy.com\/es-es\/perspectives\/temporada-2\/liderazgo\/#breadcrumb\",\"itemListElement\":[{\"@type\":\"ListItem\",\"position\":1,\"name\":\"Perspectives\",\"item\":\"https:\/\/www.campariacademy.com\/es-es\/perspectives\/\"},{\"@type\":\"ListItem\",\"position\":2,\"name\":\"Temporada 2\",\"item\":\"https:\/\/www.campariacademy.com\/es-es\/perspectives\/temporada-2\/\"},{\"@type\":\"ListItem\",\"position\":3,\"name\":\"El liderazgo es&#8230;\"}]},{\"@type\":\"WebSite\",\"@id\":\"https:\/\/www.campariacademy.com\/es-es\/#website\",\"url\":\"https:\/\/www.campariacademy.com\/es-es\/\",\"name\":\"Campari Academy\",\"description\":\"\",\"publisher\":{\"@id\":\"https:\/\/www.campariacademy.com\/es-es\/#organization\"},\"potentialAction\":[{\"@type\":\"SearchAction\",\"target\":{\"@type\":\"EntryPoint\",\"urlTemplate\":\"https:\/\/www.campariacademy.com\/es-es\/?s={search_term_string}\"},\"query-input\":{\"@type\":\"PropertyValueSpecification\",\"valueRequired\":true,\"valueName\":\"search_term_string\"}}],\"inLanguage\":\"es\"},{\"@type\":\"Organization\",\"@id\":\"https:\/\/www.campariacademy.com\/es-es\/#organization\",\"name\":\"Campari Academy\",\"url\":\"https:\/\/www.campariacademy.com\/es-es\/\",\"logo\":{\"@type\":\"ImageObject\",\"inLanguage\":\"es\",\"@id\":\"https:\/\/www.campariacademy.com\/es-es\/#\/schema\/logo\/image\/\",\"url\":\"https:\/\/www.campariacademy.com\/es-es\/wp-content\/uploads\/sites\/7\/2022\/07\/campariacademy-logo.jpeg\",\"contentUrl\":\"https:\/\/www.campariacademy.com\/es-es\/wp-content\/uploads\/sites\/7\/2022\/07\/campariacademy-logo.jpeg\",\"width\":500,\"height\":185,\"caption\":\"Campari Academy\"},\"image\":{\"@id\":\"https:\/\/www.campariacademy.com\/es-es\/#\/schema\/logo\/image\/\"}}]}<\/script>\n<!-- \/ Yoast SEO plugin. -->","yoast_head_json":{"title":"El liderazgo es... - Campari Academy","description":"\u00bfC\u00f3mo deber\u00eda ser el liderazgo en los bares? Hemos hablado con due\u00f1os de bares y con reputados l\u00edderes que han trabajado duro para construir y liderar equipos que trabajen en armon\u00eda para ser algunos de los mejores en nuestro sector. Desde la comunicaci\u00f3n eficaz hasta lidiar con el fracaso y la adversidad, explican qu\u00e9 se necesita para realmente liderar un equipo.","robots":{"index":"index","follow":"follow","max-snippet":"max-snippet:-1","max-image-preview":"max-image-preview:large","max-video-preview":"max-video-preview:-1"},"canonical":"https:\/\/www.campariacademy.com\/es-es\/perspectives\/temporada-2\/liderazgo\/","og_locale":"es_ES","og_type":"article","og_title":"El liderazgo es... - Campari Academy","og_description":"\u00bfC\u00f3mo deber\u00eda ser el liderazgo en los bares? Hemos hablado con due\u00f1os de bares y con reputados l\u00edderes que han trabajado duro para construir y liderar equipos que trabajen en armon\u00eda para ser algunos de los mejores en nuestro sector. Desde la comunicaci\u00f3n eficaz hasta lidiar con el fracaso y la adversidad, explican qu\u00e9 se necesita para realmente liderar un equipo.","og_url":"https:\/\/www.campariacademy.com\/es-es\/perspectives\/temporada-2\/liderazgo\/","og_site_name":"Campari Academy","article_modified_time":"2023-08-04T19:21:59+00:00","twitter_card":"summary_large_image","schema":{"@context":"https:\/\/schema.org","@graph":[{"@type":"WebPage","@id":"https:\/\/www.campariacademy.com\/es-es\/perspectives\/temporada-2\/liderazgo\/","url":"https:\/\/www.campariacademy.com\/es-es\/perspectives\/temporada-2\/liderazgo\/","name":"El liderazgo es... - Campari Academy","isPartOf":{"@id":"https:\/\/www.campariacademy.com\/es-es\/#website"},"datePublished":"2023-05-02T14:55:36+00:00","dateModified":"2023-08-04T19:21:59+00:00","description":"\u00bfC\u00f3mo deber\u00eda ser el liderazgo en los bares? Hemos hablado con due\u00f1os de bares y con reputados l\u00edderes que han trabajado duro para construir y liderar equipos que trabajen en armon\u00eda para ser algunos de los mejores en nuestro sector. Desde la comunicaci\u00f3n eficaz hasta lidiar con el fracaso y la adversidad, explican qu\u00e9 se necesita para realmente liderar un equipo.","breadcrumb":{"@id":"https:\/\/www.campariacademy.com\/es-es\/perspectives\/temporada-2\/liderazgo\/#breadcrumb"},"inLanguage":"es","potentialAction":[{"@type":"ReadAction","target":["https:\/\/www.campariacademy.com\/es-es\/perspectives\/temporada-2\/liderazgo\/"]}]},{"@type":"BreadcrumbList","@id":"https:\/\/www.campariacademy.com\/es-es\/perspectives\/temporada-2\/liderazgo\/#breadcrumb","itemListElement":[{"@type":"ListItem","position":1,"name":"Perspectives","item":"https:\/\/www.campariacademy.com\/es-es\/perspectives\/"},{"@type":"ListItem","position":2,"name":"Temporada 2","item":"https:\/\/www.campariacademy.com\/es-es\/perspectives\/temporada-2\/"},{"@type":"ListItem","position":3,"name":"El liderazgo es&#8230;"}]},{"@type":"WebSite","@id":"https:\/\/www.campariacademy.com\/es-es\/#website","url":"https:\/\/www.campariacademy.com\/es-es\/","name":"Campari Academy","description":"","publisher":{"@id":"https:\/\/www.campariacademy.com\/es-es\/#organization"},"potentialAction":[{"@type":"SearchAction","target":{"@type":"EntryPoint","urlTemplate":"https:\/\/www.campariacademy.com\/es-es\/?s={search_term_string}"},"query-input":{"@type":"PropertyValueSpecification","valueRequired":true,"valueName":"search_term_string"}}],"inLanguage":"es"},{"@type":"Organization","@id":"https:\/\/www.campariacademy.com\/es-es\/#organization","name":"Campari Academy","url":"https:\/\/www.campariacademy.com\/es-es\/","logo":{"@type":"ImageObject","inLanguage":"es","@id":"https:\/\/www.campariacademy.com\/es-es\/#\/schema\/logo\/image\/","url":"https:\/\/www.campariacademy.com\/es-es\/wp-content\/uploads\/sites\/7\/2022\/07\/campariacademy-logo.jpeg","contentUrl":"https:\/\/www.campariacademy.com\/es-es\/wp-content\/uploads\/sites\/7\/2022\/07\/campariacademy-logo.jpeg","width":500,"height":185,"caption":"Campari Academy"},"image":{"@id":"https:\/\/www.campariacademy.com\/es-es\/#\/schema\/logo\/image\/"}}]}},"_links":{"self":[{"href":"https:\/\/www.campariacademy.com\/es-es\/wp-json\/wp\/v2\/pages\/1935","targetHints":{"allow":["GET"]}}],"collection":[{"href":"https:\/\/www.campariacademy.com\/es-es\/wp-json\/wp\/v2\/pages"}],"about":[{"href":"https:\/\/www.campariacademy.com\/es-es\/wp-json\/wp\/v2\/types\/page"}],"author":[{"embeddable":true,"href":"https:\/\/www.campariacademy.com\/es-es\/wp-json\/wp\/v2\/users\/1"}],"replies":[{"embeddable":true,"href":"https:\/\/www.campariacademy.com\/es-es\/wp-json\/wp\/v2\/comments?post=1935"}],"version-history":[{"count":4,"href":"https:\/\/www.campariacademy.com\/es-es\/wp-json\/wp\/v2\/pages\/1935\/revisions"}],"predecessor-version":[{"id":1977,"href":"https:\/\/www.campariacademy.com\/es-es\/wp-json\/wp\/v2\/pages\/1935\/revisions\/1977"}],"up":[{"embeddable":true,"href":"https:\/\/www.campariacademy.com\/es-es\/wp-json\/wp\/v2\/pages\/1933"}],"wp:attachment":[{"href":"https:\/\/www.campariacademy.com\/es-es\/wp-json\/wp\/v2\/media?parent=1935"}],"curies":[{"name":"wp","href":"https:\/\/api.w.org\/{rel}","templated":true}]}}