{"id":2070,"date":"2023-08-04T21:32:57","date_gmt":"2023-08-04T19:32:57","guid":{"rendered":"https:\/\/www.campariacademy.com\/es-es\/?page_id=2070"},"modified":"2023-08-04T21:33:04","modified_gmt":"2023-08-04T19:33:04","slug":"como-percibimos-el-sabor","status":"publish","type":"page","link":"https:\/\/www.campariacademy.com\/es-es\/perspectives\/temporada-2\/como-percibimos-el-sabor\/","title":{"rendered":"\u00bfC\u00f3mo percibimos el sabor?"},"content":{"rendered":"","protected":false},"excerpt":{"rendered":"","protected":false},"author":24136,"featured_media":0,"parent":1933,"menu_order":0,"comment_status":"closed","ping_status":"closed","template":"template-season-theme.php","meta":{"_acf_changed":false,"footnotes":""},"class_list":["post-2070","page","type-page","status-publish","hentry"],"acf":[],"yoast_head":"<!-- This site is optimized with the Yoast SEO plugin v26.9 - https:\/\/yoast.com\/product\/yoast-seo-wordpress\/ -->\n<title>\u00bfC\u00f3mo percibimos el sabor? - Campari Academy<\/title>\n<meta name=\"description\" content=\"Examinamos c\u00f3mo funcionan los sentidos y el impacto que pueden tener en nuestra percepci\u00f3n de los sabores. Vista, o\u00eddo, gusto, tacto y olfato: los cinco sentidos deben tenerse en cuenta a la hora de trabajar en la creaci\u00f3n de sabores. Desde Londres hasta Taip\u00e9i y Se\u00fal, nuestros expertos -profesores y autores, bartenders y due\u00f1os de bares- explican c\u00f3mo los sentidos influyen en el sabor de nuestro c\u00f3ctel.\" \/>\n<meta name=\"robots\" content=\"index, follow, max-snippet:-1, max-image-preview:large, max-video-preview:-1\" \/>\n<link rel=\"canonical\" href=\"https:\/\/www.campariacademy.com\/es-es\/perspectives\/temporada-2\/como-percibimos-el-sabor\/\" \/>\n<meta property=\"og:locale\" content=\"es_ES\" \/>\n<meta property=\"og:type\" content=\"article\" \/>\n<meta property=\"og:title\" content=\"\u00bfC\u00f3mo percibimos el sabor? - Campari Academy\" \/>\n<meta property=\"og:description\" content=\"Examinamos c\u00f3mo funcionan los sentidos y el impacto que pueden tener en nuestra percepci\u00f3n de los sabores. Vista, o\u00eddo, gusto, tacto y olfato: los cinco sentidos deben tenerse en cuenta a la hora de trabajar en la creaci\u00f3n de sabores. Desde Londres hasta Taip\u00e9i y Se\u00fal, nuestros expertos -profesores y autores, bartenders y due\u00f1os de bares- explican c\u00f3mo los sentidos influyen en el sabor de nuestro c\u00f3ctel.\" \/>\n<meta property=\"og:url\" content=\"https:\/\/www.campariacademy.com\/es-es\/perspectives\/temporada-2\/como-percibimos-el-sabor\/\" \/>\n<meta property=\"og:site_name\" content=\"Campari Academy\" \/>\n<meta property=\"article:modified_time\" content=\"2023-08-04T19:33:04+00:00\" \/>\n<meta name=\"twitter:card\" content=\"summary_large_image\" \/>\n<script type=\"application\/ld+json\" class=\"yoast-schema-graph\">{\"@context\":\"https:\/\/schema.org\",\"@graph\":[{\"@type\":\"WebPage\",\"@id\":\"https:\/\/www.campariacademy.com\/es-es\/perspectives\/temporada-2\/como-percibimos-el-sabor\/\",\"url\":\"https:\/\/www.campariacademy.com\/es-es\/perspectives\/temporada-2\/como-percibimos-el-sabor\/\",\"name\":\"\u00bfC\u00f3mo percibimos el sabor? - Campari Academy\",\"isPartOf\":{\"@id\":\"https:\/\/www.campariacademy.com\/es-es\/#website\"},\"datePublished\":\"2023-08-04T19:32:57+00:00\",\"dateModified\":\"2023-08-04T19:33:04+00:00\",\"description\":\"Examinamos c\u00f3mo funcionan los sentidos y el impacto que pueden tener en nuestra percepci\u00f3n de los sabores. Vista, o\u00eddo, gusto, tacto y olfato: los cinco sentidos deben tenerse en cuenta a la hora de trabajar en la creaci\u00f3n de sabores. Desde Londres hasta Taip\u00e9i y Se\u00fal, nuestros expertos -profesores y autores, bartenders y due\u00f1os de bares- explican c\u00f3mo los sentidos influyen en el sabor de nuestro c\u00f3ctel.\",\"breadcrumb\":{\"@id\":\"https:\/\/www.campariacademy.com\/es-es\/perspectives\/temporada-2\/como-percibimos-el-sabor\/#breadcrumb\"},\"inLanguage\":\"es\",\"potentialAction\":[{\"@type\":\"ReadAction\",\"target\":[\"https:\/\/www.campariacademy.com\/es-es\/perspectives\/temporada-2\/como-percibimos-el-sabor\/\"]}]},{\"@type\":\"BreadcrumbList\",\"@id\":\"https:\/\/www.campariacademy.com\/es-es\/perspectives\/temporada-2\/como-percibimos-el-sabor\/#breadcrumb\",\"itemListElement\":[{\"@type\":\"ListItem\",\"position\":1,\"name\":\"Perspectives\",\"item\":\"https:\/\/www.campariacademy.com\/es-es\/perspectives\/\"},{\"@type\":\"ListItem\",\"position\":2,\"name\":\"Temporada 2\",\"item\":\"https:\/\/www.campariacademy.com\/es-es\/perspectives\/temporada-2\/\"},{\"@type\":\"ListItem\",\"position\":3,\"name\":\"\u00bfC\u00f3mo percibimos el sabor?\"}]},{\"@type\":\"WebSite\",\"@id\":\"https:\/\/www.campariacademy.com\/es-es\/#website\",\"url\":\"https:\/\/www.campariacademy.com\/es-es\/\",\"name\":\"Campari Academy\",\"description\":\"\",\"publisher\":{\"@id\":\"https:\/\/www.campariacademy.com\/es-es\/#organization\"},\"potentialAction\":[{\"@type\":\"SearchAction\",\"target\":{\"@type\":\"EntryPoint\",\"urlTemplate\":\"https:\/\/www.campariacademy.com\/es-es\/?s={search_term_string}\"},\"query-input\":{\"@type\":\"PropertyValueSpecification\",\"valueRequired\":true,\"valueName\":\"search_term_string\"}}],\"inLanguage\":\"es\"},{\"@type\":\"Organization\",\"@id\":\"https:\/\/www.campariacademy.com\/es-es\/#organization\",\"name\":\"Campari Academy\",\"url\":\"https:\/\/www.campariacademy.com\/es-es\/\",\"logo\":{\"@type\":\"ImageObject\",\"inLanguage\":\"es\",\"@id\":\"https:\/\/www.campariacademy.com\/es-es\/#\/schema\/logo\/image\/\",\"url\":\"https:\/\/www.campariacademy.com\/es-es\/wp-content\/uploads\/sites\/7\/2022\/07\/campariacademy-logo.jpeg\",\"contentUrl\":\"https:\/\/www.campariacademy.com\/es-es\/wp-content\/uploads\/sites\/7\/2022\/07\/campariacademy-logo.jpeg\",\"width\":500,\"height\":185,\"caption\":\"Campari Academy\"},\"image\":{\"@id\":\"https:\/\/www.campariacademy.com\/es-es\/#\/schema\/logo\/image\/\"}}]}<\/script>\n<!-- \/ Yoast SEO plugin. -->","yoast_head_json":{"title":"\u00bfC\u00f3mo percibimos el sabor? - Campari Academy","description":"Examinamos c\u00f3mo funcionan los sentidos y el impacto que pueden tener en nuestra percepci\u00f3n de los sabores. Vista, o\u00eddo, gusto, tacto y olfato: los cinco sentidos deben tenerse en cuenta a la hora de trabajar en la creaci\u00f3n de sabores. Desde Londres hasta Taip\u00e9i y Se\u00fal, nuestros expertos -profesores y autores, bartenders y due\u00f1os de bares- explican c\u00f3mo los sentidos influyen en el sabor de nuestro c\u00f3ctel.","robots":{"index":"index","follow":"follow","max-snippet":"max-snippet:-1","max-image-preview":"max-image-preview:large","max-video-preview":"max-video-preview:-1"},"canonical":"https:\/\/www.campariacademy.com\/es-es\/perspectives\/temporada-2\/como-percibimos-el-sabor\/","og_locale":"es_ES","og_type":"article","og_title":"\u00bfC\u00f3mo percibimos el sabor? - Campari Academy","og_description":"Examinamos c\u00f3mo funcionan los sentidos y el impacto que pueden tener en nuestra percepci\u00f3n de los sabores. Vista, o\u00eddo, gusto, tacto y olfato: los cinco sentidos deben tenerse en cuenta a la hora de trabajar en la creaci\u00f3n de sabores. Desde Londres hasta Taip\u00e9i y Se\u00fal, nuestros expertos -profesores y autores, bartenders y due\u00f1os de bares- explican c\u00f3mo los sentidos influyen en el sabor de nuestro c\u00f3ctel.","og_url":"https:\/\/www.campariacademy.com\/es-es\/perspectives\/temporada-2\/como-percibimos-el-sabor\/","og_site_name":"Campari Academy","article_modified_time":"2023-08-04T19:33:04+00:00","twitter_card":"summary_large_image","schema":{"@context":"https:\/\/schema.org","@graph":[{"@type":"WebPage","@id":"https:\/\/www.campariacademy.com\/es-es\/perspectives\/temporada-2\/como-percibimos-el-sabor\/","url":"https:\/\/www.campariacademy.com\/es-es\/perspectives\/temporada-2\/como-percibimos-el-sabor\/","name":"\u00bfC\u00f3mo percibimos el sabor? - Campari Academy","isPartOf":{"@id":"https:\/\/www.campariacademy.com\/es-es\/#website"},"datePublished":"2023-08-04T19:32:57+00:00","dateModified":"2023-08-04T19:33:04+00:00","description":"Examinamos c\u00f3mo funcionan los sentidos y el impacto que pueden tener en nuestra percepci\u00f3n de los sabores. Vista, o\u00eddo, gusto, tacto y olfato: los cinco sentidos deben tenerse en cuenta a la hora de trabajar en la creaci\u00f3n de sabores. Desde Londres hasta Taip\u00e9i y Se\u00fal, nuestros expertos -profesores y autores, bartenders y due\u00f1os de bares- explican c\u00f3mo los sentidos influyen en el sabor de nuestro c\u00f3ctel.","breadcrumb":{"@id":"https:\/\/www.campariacademy.com\/es-es\/perspectives\/temporada-2\/como-percibimos-el-sabor\/#breadcrumb"},"inLanguage":"es","potentialAction":[{"@type":"ReadAction","target":["https:\/\/www.campariacademy.com\/es-es\/perspectives\/temporada-2\/como-percibimos-el-sabor\/"]}]},{"@type":"BreadcrumbList","@id":"https:\/\/www.campariacademy.com\/es-es\/perspectives\/temporada-2\/como-percibimos-el-sabor\/#breadcrumb","itemListElement":[{"@type":"ListItem","position":1,"name":"Perspectives","item":"https:\/\/www.campariacademy.com\/es-es\/perspectives\/"},{"@type":"ListItem","position":2,"name":"Temporada 2","item":"https:\/\/www.campariacademy.com\/es-es\/perspectives\/temporada-2\/"},{"@type":"ListItem","position":3,"name":"\u00bfC\u00f3mo percibimos el sabor?"}]},{"@type":"WebSite","@id":"https:\/\/www.campariacademy.com\/es-es\/#website","url":"https:\/\/www.campariacademy.com\/es-es\/","name":"Campari Academy","description":"","publisher":{"@id":"https:\/\/www.campariacademy.com\/es-es\/#organization"},"potentialAction":[{"@type":"SearchAction","target":{"@type":"EntryPoint","urlTemplate":"https:\/\/www.campariacademy.com\/es-es\/?s={search_term_string}"},"query-input":{"@type":"PropertyValueSpecification","valueRequired":true,"valueName":"search_term_string"}}],"inLanguage":"es"},{"@type":"Organization","@id":"https:\/\/www.campariacademy.com\/es-es\/#organization","name":"Campari Academy","url":"https:\/\/www.campariacademy.com\/es-es\/","logo":{"@type":"ImageObject","inLanguage":"es","@id":"https:\/\/www.campariacademy.com\/es-es\/#\/schema\/logo\/image\/","url":"https:\/\/www.campariacademy.com\/es-es\/wp-content\/uploads\/sites\/7\/2022\/07\/campariacademy-logo.jpeg","contentUrl":"https:\/\/www.campariacademy.com\/es-es\/wp-content\/uploads\/sites\/7\/2022\/07\/campariacademy-logo.jpeg","width":500,"height":185,"caption":"Campari Academy"},"image":{"@id":"https:\/\/www.campariacademy.com\/es-es\/#\/schema\/logo\/image\/"}}]}},"_links":{"self":[{"href":"https:\/\/www.campariacademy.com\/es-es\/wp-json\/wp\/v2\/pages\/2070","targetHints":{"allow":["GET"]}}],"collection":[{"href":"https:\/\/www.campariacademy.com\/es-es\/wp-json\/wp\/v2\/pages"}],"about":[{"href":"https:\/\/www.campariacademy.com\/es-es\/wp-json\/wp\/v2\/types\/page"}],"author":[{"embeddable":true,"href":"https:\/\/www.campariacademy.com\/es-es\/wp-json\/wp\/v2\/users\/24136"}],"replies":[{"embeddable":true,"href":"https:\/\/www.campariacademy.com\/es-es\/wp-json\/wp\/v2\/comments?post=2070"}],"version-history":[{"count":1,"href":"https:\/\/www.campariacademy.com\/es-es\/wp-json\/wp\/v2\/pages\/2070\/revisions"}],"predecessor-version":[{"id":2073,"href":"https:\/\/www.campariacademy.com\/es-es\/wp-json\/wp\/v2\/pages\/2070\/revisions\/2073"}],"up":[{"embeddable":true,"href":"https:\/\/www.campariacademy.com\/es-es\/wp-json\/wp\/v2\/pages\/1933"}],"wp:attachment":[{"href":"https:\/\/www.campariacademy.com\/es-es\/wp-json\/wp\/v2\/media?parent=2070"}],"curies":[{"name":"wp","href":"https:\/\/api.w.org\/{rel}","templated":true}]}}