{"id":2592,"date":"2024-05-14T21:00:45","date_gmt":"2024-05-14T19:00:45","guid":{"rendered":"https:\/\/www.campariacademy.com\/es-es\/?page_id=2592"},"modified":"2025-01-13T12:15:17","modified_gmt":"2025-01-13T10:15:17","slug":"eventos","status":"publish","type":"page","link":"https:\/\/www.campariacademy.com\/es-es\/eventos\/","title":{"rendered":"Eventos"},"content":{"rendered":"","protected":false},"excerpt":{"rendered":"","protected":false},"author":24136,"featured_media":0,"parent":0,"menu_order":0,"comment_status":"closed","ping_status":"closed","template":"template-special-programs.php","meta":{"_acf_changed":false,"footnotes":""},"class_list":["post-2592","page","type-page","status-publish","hentry"],"acf":[],"yoast_head":"<!-- This site is optimized with the Yoast SEO plugin v26.9 - https:\/\/yoast.com\/product\/yoast-seo-wordpress\/ -->\n<title>Eventos - Campari Academy<\/title>\n<meta name=\"description\" content=\"La Campari Academy organiza eventos de cocteler\u00eda que buscan promover el arte de la cocteler\u00eda, inspirando y fomentado la formaci\u00f3n continua.\" \/>\n<meta name=\"robots\" content=\"index, follow, max-snippet:-1, max-image-preview:large, max-video-preview:-1\" \/>\n<link rel=\"canonical\" href=\"https:\/\/www.campariacademy.com\/es-es\/eventos\/\" \/>\n<meta property=\"og:locale\" content=\"es_ES\" \/>\n<meta property=\"og:type\" content=\"article\" \/>\n<meta property=\"og:title\" content=\"Eventos - Campari Academy\" \/>\n<meta property=\"og:description\" content=\"La Campari Academy organiza eventos de cocteler\u00eda que buscan promover el arte de la cocteler\u00eda, inspirando y fomentado la formaci\u00f3n continua.\" \/>\n<meta property=\"og:url\" content=\"https:\/\/www.campariacademy.com\/es-es\/eventos\/\" \/>\n<meta property=\"og:site_name\" content=\"Campari Academy\" \/>\n<meta property=\"article:modified_time\" content=\"2025-01-13T10:15:17+00:00\" \/>\n<meta name=\"twitter:card\" content=\"summary_large_image\" \/>\n<script type=\"application\/ld+json\" class=\"yoast-schema-graph\">{\"@context\":\"https:\/\/schema.org\",\"@graph\":[{\"@type\":\"WebPage\",\"@id\":\"https:\/\/www.campariacademy.com\/es-es\/eventos\/\",\"url\":\"https:\/\/www.campariacademy.com\/es-es\/eventos\/\",\"name\":\"Eventos - Campari Academy\",\"isPartOf\":{\"@id\":\"https:\/\/www.campariacademy.com\/es-es\/#website\"},\"datePublished\":\"2024-05-14T19:00:45+00:00\",\"dateModified\":\"2025-01-13T10:15:17+00:00\",\"description\":\"La Campari Academy organiza eventos de cocteler\u00eda que buscan promover el arte de la cocteler\u00eda, inspirando y fomentado la formaci\u00f3n continua.\",\"inLanguage\":\"es\",\"potentialAction\":[{\"@type\":\"ReadAction\",\"target\":[\"https:\/\/www.campariacademy.com\/es-es\/eventos\/\"]}]},{\"@type\":\"WebSite\",\"@id\":\"https:\/\/www.campariacademy.com\/es-es\/#website\",\"url\":\"https:\/\/www.campariacademy.com\/es-es\/\",\"name\":\"Campari Academy\",\"description\":\"\",\"publisher\":{\"@id\":\"https:\/\/www.campariacademy.com\/es-es\/#organization\"},\"potentialAction\":[{\"@type\":\"SearchAction\",\"target\":{\"@type\":\"EntryPoint\",\"urlTemplate\":\"https:\/\/www.campariacademy.com\/es-es\/?s={search_term_string}\"},\"query-input\":{\"@type\":\"PropertyValueSpecification\",\"valueRequired\":true,\"valueName\":\"search_term_string\"}}],\"inLanguage\":\"es\"},{\"@type\":\"Organization\",\"@id\":\"https:\/\/www.campariacademy.com\/es-es\/#organization\",\"name\":\"Campari Academy\",\"url\":\"https:\/\/www.campariacademy.com\/es-es\/\",\"logo\":{\"@type\":\"ImageObject\",\"inLanguage\":\"es\",\"@id\":\"https:\/\/www.campariacademy.com\/es-es\/#\/schema\/logo\/image\/\",\"url\":\"https:\/\/www.campariacademy.com\/es-es\/wp-content\/uploads\/sites\/7\/2022\/07\/campariacademy-logo.jpeg\",\"contentUrl\":\"https:\/\/www.campariacademy.com\/es-es\/wp-content\/uploads\/sites\/7\/2022\/07\/campariacademy-logo.jpeg\",\"width\":500,\"height\":185,\"caption\":\"Campari Academy\"},\"image\":{\"@id\":\"https:\/\/www.campariacademy.com\/es-es\/#\/schema\/logo\/image\/\"}}]}<\/script>\n<!-- \/ Yoast SEO plugin. -->","yoast_head_json":{"title":"Eventos - Campari Academy","description":"La Campari Academy organiza eventos de cocteler\u00eda que buscan promover el arte de la cocteler\u00eda, inspirando y fomentado la formaci\u00f3n continua.","robots":{"index":"index","follow":"follow","max-snippet":"max-snippet:-1","max-image-preview":"max-image-preview:large","max-video-preview":"max-video-preview:-1"},"canonical":"https:\/\/www.campariacademy.com\/es-es\/eventos\/","og_locale":"es_ES","og_type":"article","og_title":"Eventos - Campari Academy","og_description":"La Campari Academy organiza eventos de cocteler\u00eda que buscan promover el arte de la cocteler\u00eda, inspirando y fomentado la formaci\u00f3n continua.","og_url":"https:\/\/www.campariacademy.com\/es-es\/eventos\/","og_site_name":"Campari Academy","article_modified_time":"2025-01-13T10:15:17+00:00","twitter_card":"summary_large_image","schema":{"@context":"https:\/\/schema.org","@graph":[{"@type":"WebPage","@id":"https:\/\/www.campariacademy.com\/es-es\/eventos\/","url":"https:\/\/www.campariacademy.com\/es-es\/eventos\/","name":"Eventos - Campari Academy","isPartOf":{"@id":"https:\/\/www.campariacademy.com\/es-es\/#website"},"datePublished":"2024-05-14T19:00:45+00:00","dateModified":"2025-01-13T10:15:17+00:00","description":"La Campari Academy organiza eventos de cocteler\u00eda que buscan promover el arte de la cocteler\u00eda, inspirando y fomentado la formaci\u00f3n continua.","inLanguage":"es","potentialAction":[{"@type":"ReadAction","target":["https:\/\/www.campariacademy.com\/es-es\/eventos\/"]}]},{"@type":"WebSite","@id":"https:\/\/www.campariacademy.com\/es-es\/#website","url":"https:\/\/www.campariacademy.com\/es-es\/","name":"Campari Academy","description":"","publisher":{"@id":"https:\/\/www.campariacademy.com\/es-es\/#organization"},"potentialAction":[{"@type":"SearchAction","target":{"@type":"EntryPoint","urlTemplate":"https:\/\/www.campariacademy.com\/es-es\/?s={search_term_string}"},"query-input":{"@type":"PropertyValueSpecification","valueRequired":true,"valueName":"search_term_string"}}],"inLanguage":"es"},{"@type":"Organization","@id":"https:\/\/www.campariacademy.com\/es-es\/#organization","name":"Campari Academy","url":"https:\/\/www.campariacademy.com\/es-es\/","logo":{"@type":"ImageObject","inLanguage":"es","@id":"https:\/\/www.campariacademy.com\/es-es\/#\/schema\/logo\/image\/","url":"https:\/\/www.campariacademy.com\/es-es\/wp-content\/uploads\/sites\/7\/2022\/07\/campariacademy-logo.jpeg","contentUrl":"https:\/\/www.campariacademy.com\/es-es\/wp-content\/uploads\/sites\/7\/2022\/07\/campariacademy-logo.jpeg","width":500,"height":185,"caption":"Campari Academy"},"image":{"@id":"https:\/\/www.campariacademy.com\/es-es\/#\/schema\/logo\/image\/"}}]}},"_links":{"self":[{"href":"https:\/\/www.campariacademy.com\/es-es\/wp-json\/wp\/v2\/pages\/2592","targetHints":{"allow":["GET"]}}],"collection":[{"href":"https:\/\/www.campariacademy.com\/es-es\/wp-json\/wp\/v2\/pages"}],"about":[{"href":"https:\/\/www.campariacademy.com\/es-es\/wp-json\/wp\/v2\/types\/page"}],"author":[{"embeddable":true,"href":"https:\/\/www.campariacademy.com\/es-es\/wp-json\/wp\/v2\/users\/24136"}],"replies":[{"embeddable":true,"href":"https:\/\/www.campariacademy.com\/es-es\/wp-json\/wp\/v2\/comments?post=2592"}],"version-history":[{"count":11,"href":"https:\/\/www.campariacademy.com\/es-es\/wp-json\/wp\/v2\/pages\/2592\/revisions"}],"predecessor-version":[{"id":2724,"href":"https:\/\/www.campariacademy.com\/es-es\/wp-json\/wp\/v2\/pages\/2592\/revisions\/2724"}],"wp:attachment":[{"href":"https:\/\/www.campariacademy.com\/es-es\/wp-json\/wp\/v2\/media?parent=2592"}],"curies":[{"name":"wp","href":"https:\/\/api.w.org\/{rel}","templated":true}]}}