{"id":361,"date":"2022-04-17T15:10:00","date_gmt":"2022-04-17T15:10:00","guid":{"rendered":"https:\/\/www.campariacademy.com\/es-es\/?page_id=361"},"modified":"2022-10-26T18:52:05","modified_gmt":"2022-10-26T16:52:05","slug":"politica-cookies","status":"publish","type":"page","link":"https:\/\/www.campariacademy.com\/es-es\/politica-cookies\/","title":{"rendered":"Pol\u00edtica de cookies"},"content":{"rendered":"<p><strong style=\"font-family: 'GT Esti Pro Display', system-ui, -apple-system, 'Segoe UI', Roboto, 'Helvetica Neue', Arial, 'Noto Sans', 'Liberation Sans', sans-serif, 'Apple Color Emoji', 'Segoe UI Emoji', 'Segoe UI Symbol', 'Noto Color Emoji';font-size: 36px\">Introducci\u00f3n<\/strong><\/p>\n<div class=\"elementor-element elementor-element-95d9f94 elementor-widget elementor-widget-text-editor\" data-id=\"95d9f94\" data-element_type=\"widget\" data-widget_type=\"text-editor.default\">\n<div class=\"elementor-widget-container\">\n<div class=\"elementor-text-editor elementor-clearfix\">\n<p>Para que el sitio web funcione correctamente y para proporcionar los productos y servicios m\u00e1s relevantes para los visitantes y miembros de nuestro sitio, colocamos peque\u00f1os archivos de datos llamados\u00a0<em>cookies<\/em>\u00a0en su dispositivo. Esta nota proporciona informaci\u00f3n sobre las\u00a0<em>cookies<\/em>\u00a0del sitio web y sobre c\u00f3mo manejar su interacci\u00f3n.<\/p>\n<h4 class=\"folio-bold-24 red text-uppercase\"><strong>\u00bfQu\u00e9 es una cookie?<\/strong><\/h4>\n<p>Una\u00a0<em>cookie<\/em>\u00a0es un peque\u00f1o archivo de texto que un sitio web guarda en su computadora o dispositivo m\u00f3vil cuando usted visita el sitio web. Las\u00a0<em>cookies<\/em>\u00a0se env\u00edan de nuevo al sitio web original en cada visita posterior, o a otro sitio web que reconozca la\u00a0<em>cookie<\/em>, para desarrollar un registro de su actividad on-line. Las\u00a0<em>cookies<\/em>\u00a0de este sitio web pueden definirse como\u00a0<em>cookies<\/em>\u00a0de origen (establecidas por nuestro sitio web) o\u00a0<em>cookies<\/em>\u00a0de terceros (establecidas por otro sitio web) y tambi\u00e9n pueden estar contenidas en los correos electr\u00f3nicos que recibe de nosotros.<\/p>\n<h4 class=\"folio-bold-24 red text-uppercase\"><strong>Cookies anal\u00edticas<\/strong><\/h4>\n<p>Utilizamos\u00a0<em>cookies<\/em>\u00a0anal\u00edticas para crear informes agregados sobre las interacciones de los visitantes con nuestro sitio web. Los informes incluyen informaci\u00f3n sobre el tiempo de permanencia en los sitios web y la zona geogr\u00e1fica desde la que se accede a ellos. Utilizamos esta informaci\u00f3n para optimizar nuestro sitio web y proporcionarle la mejor experiencia posible.<\/p>\n<p>Configuramos estas caracter\u00edsticas de an\u00e1lisis para que su direcci\u00f3n IP sea an\u00f3nima. En este caso, no procesamos datos personales. De hecho, la direcci\u00f3n IP completa nunca se escribe o almacena por un sistema. Por ejemplo, si su direcci\u00f3n IP es 12.428.58.394, la tecnolog\u00eda borra los tres \u00faltimos n\u00fameros. De esta manera, no somos capaces de asociar un IP como el 12.428.58.0 con un individuo.<\/p>\n<p>En el caso de que dichas capacidades de an\u00e1lisis se basen en el procesamiento de su direcci\u00f3n IP completa (Protocolo de Internet), solicitamos su consentimiento para el procesamiento de dicha informaci\u00f3n.<\/p>\n<\/div>\n<\/div>\n<\/div>\n<div class=\"elementor-element elementor-element-5bd1baa elementor-widget elementor-widget-html\" data-id=\"5bd1baa\" data-element_type=\"widget\" data-widget_type=\"html.default\">\n<div class=\"elementor-widget-container\">\n<div>\n<div class=\"CookieDeclaration\" dir=\"ltr\" lang=\"es\">\n<p class=\"CookieDeclarationDialogText\" data-qblock-id=\"228758de6ad7f0ac90da2c28a30323e8\">Esta p\u00e1gina web usa cookies. Para hacer que esta p\u00e1gina web funcione adecuadamente y para prestar los productos y servicios m\u00e1s relevantes a los visitantes de nuestra p\u00e1gina web y miembros, colocamos peque\u00f1os archivos de datos llamados cookies en su dispositivo. Esta pol\u00edtica le proporciona la informaci\u00f3n cobre cookies y como controlarlas para esta p\u00e1gina web.<\/p>\n<p class=\"CookieDeclarationIntro\" data-qblock-id=\"183c0f3dd15f0d1cfea6b810aaa656c0\">Las cookies son peque\u00f1os archivos de texto que las p\u00e1ginas web pueden utilizar para hacer m\u00e1s eficiente la experiencia del usuario.<\/p>\n<p>La ley afirma que podemos almacenar cookies en su dispositivo si son estrictamente necesarias para el funcionamiento de esta p\u00e1gina. Para todos los dem\u00e1s tipos de cookies necesitamos su permiso.<\/p>\n<p>Esta p\u00e1gina utiliza tipos diferentes de cookies. Algunas cookies son colocadas por servicios de terceros que aparecen en nuestras p\u00e1ginas.<\/p>\n<p>En cualquier momento puede cambiar o retirar su consentimiento desde la Declaraci\u00f3n de cookies en nuestro sitio web.<\/p>\n<p>Obtenga m\u00e1s informaci\u00f3n sobre qui\u00e9nes somos, c\u00f3mo puede contactarnos y c\u00f3mo procesamos los datos personales en nuestra Pol\u00edtica de privacidad.<\/p>\n<p>Al contactarnos respecto a su consentimiento, por favor, indique el ID y la fecha de su consentimiento.<\/p>\n<p data-qblock-id=\"a244ae957a99c4f24c1c746671eac3e1\">Su consentimiento se aplica a los siguientes dominios: campariacademy.com\/es-es<\/p>\n<\/div>\n<h3 class=\"folio-bold-36 red text-uppercase\"><strong>Como controlar y borrar cookies<\/strong><\/h3>\n<h4 class=\"folio-bold-24 red text-uppercase\"><strong>Herramienta de Consentimiento<\/strong><\/h4>\n<p>Si el sitio web utiliza\u00a0<em>cookies<\/em>\u00a0anal\u00edticas y\/o de marketing, es posible que aparezca un\u00a0<em>banner<\/em>\u00a0de manejo de\u00a0<em>cookies<\/em>\u00a0en la p\u00e1gina de inicio. Esta herramienta, cuando est\u00e9 presente, puede utilizarse para personalizar las preferencias de las\u00a0<em>cookies<\/em>. La herramienta registrar\u00e1 cuando haya dado el consentimiento a nuestra pol\u00edtica de\u00a0<em>cookies<\/em>.<\/p>\n<h4 class=\"folio-bold-24 red text-uppercase\"><strong>Usando su navegador<\/strong><\/h4>\n<p>Muchas de las\u00a0<em>cookies<\/em>\u00a0utilizadas en nuestro sitio web y en el correo electr\u00f3nico pueden activarse o desactivarse a trav\u00e9s de la herramienta de consentimiento o desactivando las\u00a0<em>cookies<\/em>\u00a0a trav\u00e9s de la configuraci\u00f3n del navegador. Para deshabilitar las\u00a0<em>cookies<\/em>\u00a0a trav\u00e9s de su navegador, siga las instrucciones que normalmente se encuentran en los men\u00fas de \u201cAyuda\u201d, \u201cHerramientas\u201d o \u201cEditar\u201d de su navegador. Tenga en cuenta que la desactivaci\u00f3n de una\u00a0<em>cookie<\/em>\u00a0o de una categor\u00eda de\u00a0<em>cookies<\/em>\u00a0no implica la eliminaci\u00f3n de las\u00a0<em>cookies<\/em>\u00a0registradas previamente por su navegador, a menos que la acci\u00f3n de eliminaci\u00f3n se haya completado manualmente a trav\u00e9s de la funcionalidad de su navegador.<\/p>\n<p>A diferencia de lo anterior, usted puede utilizar el servicio\u00a0<a href=\"http:\/\/www.youronlinechoices.com\/\">Sus Opciones On Line<\/a>. Este servicio permite a los usuarios seleccionar sus preferencias de rastreo para la mayor\u00eda de las herramientas publicitarias. Por consiguiente, recomendamos que los usuarios aprovechen esta posibilidad adem\u00e1s de la informaci\u00f3n que se proporciona en el presente documento.<\/p>\n<h4><strong>Cookies que han sido autorizadas en el pasado<\/strong><\/h4>\n<p>La recolecci\u00f3n de sus datos a trav\u00e9s de nuestras\u00a0<em>cookies<\/em>\u00a0de an\u00e1lisis puede ser eliminada. Si se eliminan las\u00a0<em>cookies<\/em>, la informaci\u00f3n recopilada antes de cambiar sus preferencias puede seguir utiliz\u00e1ndose. Sin embargo, ya no utilizaremos la\u00a0<em>cookie<\/em>\u00a0desactivada para recopilar m\u00e1s informaci\u00f3n sobre su experiencia de navegaci\u00f3n. En el caso de nuestras\u00a0<em>cookies<\/em>\u00a0de marketing, cuando un usuario decide no ser rastreado, se coloca una nueva\u00a0<em>cookie<\/em>\u00a0para evitar que los usuarios sean rastreados.<\/p>\n<\/div>\n<\/div>\n<\/div>\n<h2>Contacto<\/h2>\n<p>Si tienes alguna pregunta o solicitud en relaci\u00f3n con nuestra Pol\u00edtica de Cookies o cualquier otro asunto relacionado con la privacidad, puedes ponerte en contacto con nosotros en la direcci\u00f3n de correo electr\u00f3nico <a href=\"mailto:gpdp.office@campari.com\">gpdp.office@campari.com<\/a><\/p>\n<h2>Declaraci\u00f3n de cookies actualizada<\/h2>\n<p><span style=\"color: #ff0000\"><em>DISPONIBLE PRONTO<\/em><\/span><\/p>\n","protected":false},"excerpt":{"rendered":"<p>Introducci\u00f3n Para que el sitio web funcione correctamente y para proporcionar los productos y servicios m\u00e1s relevantes para los visitantes y miembros de nuestro sitio, colocamos peque\u00f1os archivos de datos llamados\u00a0cookies\u00a0en su dispositivo. Esta nota proporciona informaci\u00f3n sobre las\u00a0cookies\u00a0del sitio web y sobre c\u00f3mo manejar su interacci\u00f3n. \u00bfQu\u00e9 es una cookie? Una\u00a0cookie\u00a0es un peque\u00f1o archivo [&hellip;]<\/p>\n","protected":false},"author":1,"featured_media":0,"parent":0,"menu_order":0,"comment_status":"closed","ping_status":"closed","template":"","meta":{"_acf_changed":false,"footnotes":""},"class_list":["post-361","page","type-page","status-publish","hentry"],"acf":[],"yoast_head":"<!-- This site is optimized with the Yoast SEO plugin v26.9 - https:\/\/yoast.com\/product\/yoast-seo-wordpress\/ -->\n<title>Pol\u00edtica de cookies - Campari Academy<\/title>\n<meta name=\"robots\" content=\"index, follow, max-snippet:-1, max-image-preview:large, max-video-preview:-1\" \/>\n<link rel=\"canonical\" href=\"https:\/\/www.campariacademy.com\/es-es\/politica-cookies\/\" \/>\n<meta property=\"og:locale\" content=\"es_ES\" \/>\n<meta property=\"og:type\" content=\"article\" \/>\n<meta property=\"og:title\" content=\"Pol\u00edtica de cookies - Campari Academy\" \/>\n<meta property=\"og:description\" content=\"Introducci\u00f3n Para que el sitio web funcione correctamente y para proporcionar los productos y servicios m\u00e1s relevantes para los visitantes y miembros de nuestro sitio, colocamos peque\u00f1os archivos de datos llamados\u00a0cookies\u00a0en su dispositivo. Esta nota proporciona informaci\u00f3n sobre las\u00a0cookies\u00a0del sitio web y sobre c\u00f3mo manejar su interacci\u00f3n. \u00bfQu\u00e9 es una cookie? Una\u00a0cookie\u00a0es un peque\u00f1o archivo [&hellip;]\" \/>\n<meta property=\"og:url\" content=\"https:\/\/www.campariacademy.com\/es-es\/politica-cookies\/\" \/>\n<meta property=\"og:site_name\" content=\"Campari Academy\" \/>\n<meta property=\"article:modified_time\" content=\"2022-10-26T16:52:05+00:00\" \/>\n<meta name=\"twitter:card\" content=\"summary_large_image\" \/>\n<meta name=\"twitter:label1\" content=\"Tiempo de lectura\" \/>\n\t<meta name=\"twitter:data1\" content=\"6 minutos\" \/>\n<script type=\"application\/ld+json\" class=\"yoast-schema-graph\">{\"@context\":\"https:\/\/schema.org\",\"@graph\":[{\"@type\":\"WebPage\",\"@id\":\"https:\/\/www.campariacademy.com\/es-es\/politica-cookies\/\",\"url\":\"https:\/\/www.campariacademy.com\/es-es\/politica-cookies\/\",\"name\":\"Pol\u00edtica de cookies - Campari Academy\",\"isPartOf\":{\"@id\":\"https:\/\/www.campariacademy.com\/es-es\/#website\"},\"datePublished\":\"2022-04-17T15:10:00+00:00\",\"dateModified\":\"2022-10-26T16:52:05+00:00\",\"inLanguage\":\"es\",\"potentialAction\":[{\"@type\":\"ReadAction\",\"target\":[\"https:\/\/www.campariacademy.com\/es-es\/politica-cookies\/\"]}]},{\"@type\":\"WebSite\",\"@id\":\"https:\/\/www.campariacademy.com\/es-es\/#website\",\"url\":\"https:\/\/www.campariacademy.com\/es-es\/\",\"name\":\"Campari Academy\",\"description\":\"\",\"publisher\":{\"@id\":\"https:\/\/www.campariacademy.com\/es-es\/#organization\"},\"potentialAction\":[{\"@type\":\"SearchAction\",\"target\":{\"@type\":\"EntryPoint\",\"urlTemplate\":\"https:\/\/www.campariacademy.com\/es-es\/?s={search_term_string}\"},\"query-input\":{\"@type\":\"PropertyValueSpecification\",\"valueRequired\":true,\"valueName\":\"search_term_string\"}}],\"inLanguage\":\"es\"},{\"@type\":\"Organization\",\"@id\":\"https:\/\/www.campariacademy.com\/es-es\/#organization\",\"name\":\"Campari Academy\",\"url\":\"https:\/\/www.campariacademy.com\/es-es\/\",\"logo\":{\"@type\":\"ImageObject\",\"inLanguage\":\"es\",\"@id\":\"https:\/\/www.campariacademy.com\/es-es\/#\/schema\/logo\/image\/\",\"url\":\"https:\/\/www.campariacademy.com\/es-es\/wp-content\/uploads\/sites\/7\/2022\/07\/campariacademy-logo.jpeg\",\"contentUrl\":\"https:\/\/www.campariacademy.com\/es-es\/wp-content\/uploads\/sites\/7\/2022\/07\/campariacademy-logo.jpeg\",\"width\":500,\"height\":185,\"caption\":\"Campari Academy\"},\"image\":{\"@id\":\"https:\/\/www.campariacademy.com\/es-es\/#\/schema\/logo\/image\/\"}}]}<\/script>\n<!-- \/ Yoast SEO plugin. -->","yoast_head_json":{"title":"Pol\u00edtica de cookies - Campari Academy","robots":{"index":"index","follow":"follow","max-snippet":"max-snippet:-1","max-image-preview":"max-image-preview:large","max-video-preview":"max-video-preview:-1"},"canonical":"https:\/\/www.campariacademy.com\/es-es\/politica-cookies\/","og_locale":"es_ES","og_type":"article","og_title":"Pol\u00edtica de cookies - Campari Academy","og_description":"Introducci\u00f3n Para que el sitio web funcione correctamente y para proporcionar los productos y servicios m\u00e1s relevantes para los visitantes y miembros de nuestro sitio, colocamos peque\u00f1os archivos de datos llamados\u00a0cookies\u00a0en su dispositivo. Esta nota proporciona informaci\u00f3n sobre las\u00a0cookies\u00a0del sitio web y sobre c\u00f3mo manejar su interacci\u00f3n. \u00bfQu\u00e9 es una cookie? Una\u00a0cookie\u00a0es un peque\u00f1o archivo [&hellip;]","og_url":"https:\/\/www.campariacademy.com\/es-es\/politica-cookies\/","og_site_name":"Campari Academy","article_modified_time":"2022-10-26T16:52:05+00:00","twitter_card":"summary_large_image","twitter_misc":{"Tiempo de lectura":"6 minutos"},"schema":{"@context":"https:\/\/schema.org","@graph":[{"@type":"WebPage","@id":"https:\/\/www.campariacademy.com\/es-es\/politica-cookies\/","url":"https:\/\/www.campariacademy.com\/es-es\/politica-cookies\/","name":"Pol\u00edtica de cookies - Campari Academy","isPartOf":{"@id":"https:\/\/www.campariacademy.com\/es-es\/#website"},"datePublished":"2022-04-17T15:10:00+00:00","dateModified":"2022-10-26T16:52:05+00:00","inLanguage":"es","potentialAction":[{"@type":"ReadAction","target":["https:\/\/www.campariacademy.com\/es-es\/politica-cookies\/"]}]},{"@type":"WebSite","@id":"https:\/\/www.campariacademy.com\/es-es\/#website","url":"https:\/\/www.campariacademy.com\/es-es\/","name":"Campari Academy","description":"","publisher":{"@id":"https:\/\/www.campariacademy.com\/es-es\/#organization"},"potentialAction":[{"@type":"SearchAction","target":{"@type":"EntryPoint","urlTemplate":"https:\/\/www.campariacademy.com\/es-es\/?s={search_term_string}"},"query-input":{"@type":"PropertyValueSpecification","valueRequired":true,"valueName":"search_term_string"}}],"inLanguage":"es"},{"@type":"Organization","@id":"https:\/\/www.campariacademy.com\/es-es\/#organization","name":"Campari Academy","url":"https:\/\/www.campariacademy.com\/es-es\/","logo":{"@type":"ImageObject","inLanguage":"es","@id":"https:\/\/www.campariacademy.com\/es-es\/#\/schema\/logo\/image\/","url":"https:\/\/www.campariacademy.com\/es-es\/wp-content\/uploads\/sites\/7\/2022\/07\/campariacademy-logo.jpeg","contentUrl":"https:\/\/www.campariacademy.com\/es-es\/wp-content\/uploads\/sites\/7\/2022\/07\/campariacademy-logo.jpeg","width":500,"height":185,"caption":"Campari Academy"},"image":{"@id":"https:\/\/www.campariacademy.com\/es-es\/#\/schema\/logo\/image\/"}}]}},"_links":{"self":[{"href":"https:\/\/www.campariacademy.com\/es-es\/wp-json\/wp\/v2\/pages\/361","targetHints":{"allow":["GET"]}}],"collection":[{"href":"https:\/\/www.campariacademy.com\/es-es\/wp-json\/wp\/v2\/pages"}],"about":[{"href":"https:\/\/www.campariacademy.com\/es-es\/wp-json\/wp\/v2\/types\/page"}],"author":[{"embeddable":true,"href":"https:\/\/www.campariacademy.com\/es-es\/wp-json\/wp\/v2\/users\/1"}],"replies":[{"embeddable":true,"href":"https:\/\/www.campariacademy.com\/es-es\/wp-json\/wp\/v2\/comments?post=361"}],"version-history":[{"count":3,"href":"https:\/\/www.campariacademy.com\/es-es\/wp-json\/wp\/v2\/pages\/361\/revisions"}],"predecessor-version":[{"id":1717,"href":"https:\/\/www.campariacademy.com\/es-es\/wp-json\/wp\/v2\/pages\/361\/revisions\/1717"}],"wp:attachment":[{"href":"https:\/\/www.campariacademy.com\/es-es\/wp-json\/wp\/v2\/media?parent=361"}],"curies":[{"name":"wp","href":"https:\/\/api.w.org\/{rel}","templated":true}]}}