{"id":363,"date":"2022-04-17T15:11:02","date_gmt":"2022-04-17T15:11:02","guid":{"rendered":"https:\/\/www.campariacademy.com\/es-es\/?page_id=363"},"modified":"2022-10-24T12:17:35","modified_gmt":"2022-10-24T10:17:35","slug":"terminos-condiciones","status":"publish","type":"page","link":"https:\/\/www.campariacademy.com\/es-es\/terminos-condiciones\/","title":{"rendered":"T\u00e9rminos y condiciones"},"content":{"rendered":"<h2>T\u00e9rminos de uso<\/h2>\n<p>Los contenidos de este Sitio Web son publicados por Davide Campari-Milano N.V., con domicilio social en Via Franco Sacchetti 20, 20099 Sesto San Giovanni (MI), Italia (en adelante, con sus afiliados, \u201cGruppo Campari\u201d) con fines meramente informativos, en vista de potenciar el conocimiento del Gruppo Campari y de sus marcas.<br \/>\nAntes de navegar y utilizar el Sitio Web, le rogamos lea atentamente la totalidad de los t\u00e9rminos y condiciones de acceso que se muestran a continuaci\u00f3n, ya que el consentimiento prestado por su parte en la p\u00e1gina de inicio o, en cualquier caso, el uso en general del Sitio Web, implica la aceptaci\u00f3n integral de dichos t\u00e9rminos y condiciones. Tenga en cuenta que la aceptaci\u00f3n por su parte es vinculante.<br \/>\nSi, por el contrario, no est\u00e1 de acuerdo con dichos t\u00e9rminos y condiciones y, por lo tanto, no desea estar sujeto a los mismos, le rogamos que abandone este Sitio Web.<br \/>\nDe la misma forma, le rogamos que abandone este Sitio Web si usted no tiene la mayor\u00eda de edad legal para el consumo de bebidas alcoh\u00f3licas en el pa\u00eds en el que se encuentra, es decir, si se encuentra en un pa\u00eds en el que el uso o el acceso exclusivo a los contenidos de este Sitio Web no est\u00e1 permitido por la ley.<br \/>\nGruppo Campari podr\u00e1 modificar libremente los t\u00e9rminos y condiciones de acceso al Sitio Web siempre que lo considere conveniente, sin necesidad de preaviso alguno y, por tanto, ser\u00e1 responsabilidad exclusiva del usuario que acceda al Sitio Web leer los t\u00e9rminos y condiciones, cada vez que acceda al Sitio Web.<\/p>\n<h3>Marcas registradas y otros derechos de propiedad intelectual<\/h3>\n<p>Gruppo Campari es el propietario exclusivo o leg\u00edtimo usuario de los contenidos del Sitio Web, incluyendo, a t\u00edtulo enunciativo pero no limitativo, dise\u00f1os, extractos, im\u00e1genes, audios y v\u00eddeos.<br \/>\nTodas las marcas comerciales mostradas, ya sean nominativas o figurativas, son propiedad exclusiva de Gruppo Campari o de las sociedades bajo su control, o se refieren a productos que el Gruppo Campari distribuye en nombre de otras empresas, atendiendo a sus acuerdos comerciales.<br \/>\nTodas las marcas comerciales est\u00e1n registradas ante las autoridades italianas o internacionales pertinentes y est\u00e1n protegidas por las leyes de propiedad intelectual aplicables.<br \/>\nSe proh\u00edbe cualquier tipo de uso o reproducci\u00f3n, sin la debida autorizaci\u00f3n por escrito por parte de los titulares de los derechos de las marcas correspondientes.<br \/>\nCualquier contenido de este Sitio Web puede ser impreso directamente o a trav\u00e9s de terceros, siempre y cuando el uso del material descargado sea exclusivamente para fines personales y no comerciales, y que dicho material no sea alterado en modo alguno y, en particular, siempre que no aparezca ninguna referencia de derechos de autor en el material descargado, como &#8220;\u00a9 Davide Gruppo Campari-Milano N.V. 2004&#8221; o cualquier otra indicaci\u00f3n de exclusividad que eventualmente deba insertarse.<\/p>\n<h3>Limitaci\u00f3n de responsabilidad<\/h3>\n<p>Cualquier usuario que acceda al Sitio Web ser\u00e1 el \u00fanico y exclusivo responsable del uso y navegaci\u00f3n por el mismo.<br \/>\nGruppo Campari se compromete a facilitar el acceso continuado al Sitio Web a aquellos usuarios que puedan navegar l\u00edcitamente por el Sitio Web, comprometi\u00e9ndose asimismo a proporcionarles informaci\u00f3n actualizada.<br \/>\nNo obstante, el Sitio Web y sus contenidos se proporcionan y aceptan tal como aparecen, sin garant\u00eda alguna, ni impl\u00edcita ni expl\u00edcita, respecto al funcionamiento del Sitio Web o la ausencia de virus, la exactitud de los servicios ofrecidos y\/o la correcci\u00f3n y la exactitud de la informaci\u00f3n publicada en dicho Sitio Web.<br \/>\nPor lo tanto, Gruppo Campari, las sociedades bajo su control, sus directores, gerentes, y empleados, no ser\u00e1n responsables por cualquier eventual error, inexactitud u omisi\u00f3n en relaci\u00f3n con el material incluido en el Sitio Web, ni ser\u00e1n responsables por eventuales da\u00f1os y perjuicios de cualquier tipo derivados de la acceso o navegaci\u00f3n relevante o de la imposibilidad de uso de los mismos, y tampoco responde de la fiabilidad que se pueda atribuir al material incluido en el Sitio Web.<br \/>\nGruppo Campari se reserva el derecho a suspender el acceso al Sitio Web o a cualquier desactivaci\u00f3n que impida la consulta de un n\u00famero o de una parte del Sitio Web, en cualquier momento y sin necesidad de previo aviso.<br \/>\nLas referencias hechas a un producto o servicio en particular no implica que el Gruppo Campari tenga la intenci\u00f3n de garantizar que dicho producto o servicio est\u00e9 disponible en todos los pa\u00edses.<\/p>\n<h3>Comunicaciones al Sitio Web<\/h3>\n<p>Cualquier comunicaci\u00f3n o cualquier otro material enviado al Sitio Web, ya sea por correo electr\u00f3nico o por cualquier otro medio, ser\u00e1 tratado como no confidencial; por lo tanto, le rogamos que no env\u00ede informaci\u00f3n que desee mantener confidencial.<br \/>\nLa comunicaci\u00f3n de informaci\u00f3n o de cualquier otro material implica el reconocimiento en beneficio del Gruppo Campari de la autorizaci\u00f3n libre e irrevocable para usar, reproducir, modificar, publicar, traducir, distribuir o mostrar la informaci\u00f3n o material recibido, incluso de forma no exclusiva, ya sea solo o como parte de otro proyecto, de cualquier manera y por cualquier medio o tecnolog\u00eda.<br \/>\nUsted acepta que el Gruppo Campari sea libre de utilizar el material enviado al Sitio Web para cualquier prop\u00f3sito, incluido el desarrollo, la fabricaci\u00f3n y la venta de productos.<br \/>\nEl Gruppo Campari no reconoce ning\u00fan tipo de compensaci\u00f3n por el material enviado, independientemente del uso que se haga del mismo.<br \/>\nEl Gruppo Campari no realiza ninguna selecci\u00f3n ni control alguno sobre los contenidos enviados por terceros al Sitio Web y no ser\u00e1 responsable de la selecci\u00f3n y\/o control de dichos materiales, por lo que el Gruppo Campari no asume ning\u00fan tipo de responsabilidad u obligaci\u00f3n en cuanto al mismo.<\/p>\n<h3>Informaci\u00f3n recopilada autom\u00e1ticamente<\/h3>\n<p>Cada vez que usted acceda al Sitio Web, su navegador transferir\u00e1 autom\u00e1ticamente la direcci\u00f3n del Protocolo de Internet junto con cierta informaci\u00f3n, como el tipo de navegador utilizado, la fecha y la hora de acceso al Sitio Web, con el fin de personalizar su navegaci\u00f3n, mostrarle contenidos preferidos personalizados y para la propia administraci\u00f3n del Sitio Web.<br \/>\nAdem\u00e1s, tenga en cuenta que se puede recopilar informaci\u00f3n a trav\u00e9s de &#8220;cookies&#8221;.<\/p>\n<p>Las cookies proporcionan informaci\u00f3n sobre cualquier acceso anterior al Sitio Web y, en su caso, las p\u00e1ginas concretas visitadas, pero no se utilizar\u00e1n para recopilar informaci\u00f3n personal con el fin de contactarlo o para recopilar informaci\u00f3n de su ordenador. No obstante, la mayor\u00eda de los navegadores permiten cancelar o bloquear las cookies o recibir un aviso antes de que se graben en el ordenador.<\/p>\n<h3>Enlaces a otros sitios webs<\/h3>\n<p>El Sitio Web puede incluir enlaces a otros Sitios Web de terceros.<br \/>\nDichos enlaces no implican en modo alguno que Gruppo Campari otorgue o apruebe el contenido de dichos Sitios Web. Gruppo Campari no ser\u00e1 en ning\u00fan caso responsable de su contenido.<br \/>\nUsted ser\u00e1 directa y exclusivamente responsable del acceso y navegaci\u00f3n por dichos Sitios Web. Queda entendido que Gruppo Campari no ser\u00e1 de ninguna manera responsable de los t\u00e9rminos y condiciones establecidos por otras empresas. Cualquier usuario que desee incluir en su propia &#8220;p\u00e1gina de inicio&#8221; un enlace a nuestro Sitio Web deber\u00e1 solicitar autorizaci\u00f3n formal y expresa al Gruppo Campari enviando un email a la siguiente direcci\u00f3n de correo electr\u00f3nico <a href=\"mailto:communications@campari.com\">communications@campari.com<\/a><\/p>\n<h3>Leyes y jurisdicci\u00f3n aplicable<\/h3>\n<p>Los t\u00e9rminos y condiciones de acceso al Sitio Web se regir\u00e1n por la ley italiana y se interpretar\u00e1n de conformidad con las leyes italianas.<br \/>\nPor la presente, usted acepta irrevocablemente que los tribunales italianos sean la jurisdicci\u00f3n competente en caso de cualquier disputa que surja o est\u00e9 relacionada con dichos t\u00e9rminos y condiciones, en su navegaci\u00f3n o uso del Sitio Web.<\/p>\n","protected":false},"excerpt":{"rendered":"<p>T\u00e9rminos de uso Los contenidos de este Sitio Web son publicados por Davide Campari-Milano N.V., con domicilio social en Via Franco Sacchetti 20, 20099 Sesto San Giovanni (MI), Italia (en adelante, con sus afiliados, \u201cGruppo Campari\u201d) con fines meramente informativos, en vista de potenciar el conocimiento del Gruppo Campari y de sus marcas. Antes de [&hellip;]<\/p>\n","protected":false},"author":1,"featured_media":0,"parent":0,"menu_order":0,"comment_status":"closed","ping_status":"closed","template":"","meta":{"_acf_changed":false,"footnotes":""},"class_list":["post-363","page","type-page","status-publish","hentry"],"acf":[],"yoast_head":"<!-- This site is optimized with the Yoast SEO plugin v26.9 - https:\/\/yoast.com\/product\/yoast-seo-wordpress\/ -->\n<title>T\u00e9rminos y condiciones - Campari Academy<\/title>\n<meta name=\"robots\" content=\"index, follow, max-snippet:-1, max-image-preview:large, max-video-preview:-1\" \/>\n<link rel=\"canonical\" href=\"https:\/\/www.campariacademy.com\/es-es\/terminos-condiciones\/\" \/>\n<meta property=\"og:locale\" content=\"es_ES\" \/>\n<meta property=\"og:type\" content=\"article\" \/>\n<meta property=\"og:title\" content=\"T\u00e9rminos y condiciones - Campari Academy\" \/>\n<meta property=\"og:description\" content=\"T\u00e9rminos de uso Los contenidos de este Sitio Web son publicados por Davide Campari-Milano N.V., con domicilio social en Via Franco Sacchetti 20, 20099 Sesto San Giovanni (MI), Italia (en adelante, con sus afiliados, \u201cGruppo Campari\u201d) con fines meramente informativos, en vista de potenciar el conocimiento del Gruppo Campari y de sus marcas. Antes de [&hellip;]\" \/>\n<meta property=\"og:url\" content=\"https:\/\/www.campariacademy.com\/es-es\/terminos-condiciones\/\" \/>\n<meta property=\"og:site_name\" content=\"Campari Academy\" \/>\n<meta property=\"article:modified_time\" content=\"2022-10-24T10:17:35+00:00\" \/>\n<meta name=\"twitter:card\" content=\"summary_large_image\" \/>\n<meta name=\"twitter:label1\" content=\"Tiempo de lectura\" \/>\n\t<meta name=\"twitter:data1\" content=\"6 minutos\" \/>\n<script type=\"application\/ld+json\" class=\"yoast-schema-graph\">{\"@context\":\"https:\/\/schema.org\",\"@graph\":[{\"@type\":\"WebPage\",\"@id\":\"https:\/\/www.campariacademy.com\/es-es\/terminos-condiciones\/\",\"url\":\"https:\/\/www.campariacademy.com\/es-es\/terminos-condiciones\/\",\"name\":\"T\u00e9rminos y condiciones - Campari Academy\",\"isPartOf\":{\"@id\":\"https:\/\/www.campariacademy.com\/es-es\/#website\"},\"datePublished\":\"2022-04-17T15:11:02+00:00\",\"dateModified\":\"2022-10-24T10:17:35+00:00\",\"inLanguage\":\"es\",\"potentialAction\":[{\"@type\":\"ReadAction\",\"target\":[\"https:\/\/www.campariacademy.com\/es-es\/terminos-condiciones\/\"]}]},{\"@type\":\"WebSite\",\"@id\":\"https:\/\/www.campariacademy.com\/es-es\/#website\",\"url\":\"https:\/\/www.campariacademy.com\/es-es\/\",\"name\":\"Campari Academy\",\"description\":\"\",\"publisher\":{\"@id\":\"https:\/\/www.campariacademy.com\/es-es\/#organization\"},\"potentialAction\":[{\"@type\":\"SearchAction\",\"target\":{\"@type\":\"EntryPoint\",\"urlTemplate\":\"https:\/\/www.campariacademy.com\/es-es\/?s={search_term_string}\"},\"query-input\":{\"@type\":\"PropertyValueSpecification\",\"valueRequired\":true,\"valueName\":\"search_term_string\"}}],\"inLanguage\":\"es\"},{\"@type\":\"Organization\",\"@id\":\"https:\/\/www.campariacademy.com\/es-es\/#organization\",\"name\":\"Campari Academy\",\"url\":\"https:\/\/www.campariacademy.com\/es-es\/\",\"logo\":{\"@type\":\"ImageObject\",\"inLanguage\":\"es\",\"@id\":\"https:\/\/www.campariacademy.com\/es-es\/#\/schema\/logo\/image\/\",\"url\":\"https:\/\/www.campariacademy.com\/es-es\/wp-content\/uploads\/sites\/7\/2022\/07\/campariacademy-logo.jpeg\",\"contentUrl\":\"https:\/\/www.campariacademy.com\/es-es\/wp-content\/uploads\/sites\/7\/2022\/07\/campariacademy-logo.jpeg\",\"width\":500,\"height\":185,\"caption\":\"Campari Academy\"},\"image\":{\"@id\":\"https:\/\/www.campariacademy.com\/es-es\/#\/schema\/logo\/image\/\"}}]}<\/script>\n<!-- \/ Yoast SEO plugin. -->","yoast_head_json":{"title":"T\u00e9rminos y condiciones - Campari Academy","robots":{"index":"index","follow":"follow","max-snippet":"max-snippet:-1","max-image-preview":"max-image-preview:large","max-video-preview":"max-video-preview:-1"},"canonical":"https:\/\/www.campariacademy.com\/es-es\/terminos-condiciones\/","og_locale":"es_ES","og_type":"article","og_title":"T\u00e9rminos y condiciones - Campari Academy","og_description":"T\u00e9rminos de uso Los contenidos de este Sitio Web son publicados por Davide Campari-Milano N.V., con domicilio social en Via Franco Sacchetti 20, 20099 Sesto San Giovanni (MI), Italia (en adelante, con sus afiliados, \u201cGruppo Campari\u201d) con fines meramente informativos, en vista de potenciar el conocimiento del Gruppo Campari y de sus marcas. Antes de [&hellip;]","og_url":"https:\/\/www.campariacademy.com\/es-es\/terminos-condiciones\/","og_site_name":"Campari Academy","article_modified_time":"2022-10-24T10:17:35+00:00","twitter_card":"summary_large_image","twitter_misc":{"Tiempo de lectura":"6 minutos"},"schema":{"@context":"https:\/\/schema.org","@graph":[{"@type":"WebPage","@id":"https:\/\/www.campariacademy.com\/es-es\/terminos-condiciones\/","url":"https:\/\/www.campariacademy.com\/es-es\/terminos-condiciones\/","name":"T\u00e9rminos y condiciones - Campari Academy","isPartOf":{"@id":"https:\/\/www.campariacademy.com\/es-es\/#website"},"datePublished":"2022-04-17T15:11:02+00:00","dateModified":"2022-10-24T10:17:35+00:00","inLanguage":"es","potentialAction":[{"@type":"ReadAction","target":["https:\/\/www.campariacademy.com\/es-es\/terminos-condiciones\/"]}]},{"@type":"WebSite","@id":"https:\/\/www.campariacademy.com\/es-es\/#website","url":"https:\/\/www.campariacademy.com\/es-es\/","name":"Campari Academy","description":"","publisher":{"@id":"https:\/\/www.campariacademy.com\/es-es\/#organization"},"potentialAction":[{"@type":"SearchAction","target":{"@type":"EntryPoint","urlTemplate":"https:\/\/www.campariacademy.com\/es-es\/?s={search_term_string}"},"query-input":{"@type":"PropertyValueSpecification","valueRequired":true,"valueName":"search_term_string"}}],"inLanguage":"es"},{"@type":"Organization","@id":"https:\/\/www.campariacademy.com\/es-es\/#organization","name":"Campari Academy","url":"https:\/\/www.campariacademy.com\/es-es\/","logo":{"@type":"ImageObject","inLanguage":"es","@id":"https:\/\/www.campariacademy.com\/es-es\/#\/schema\/logo\/image\/","url":"https:\/\/www.campariacademy.com\/es-es\/wp-content\/uploads\/sites\/7\/2022\/07\/campariacademy-logo.jpeg","contentUrl":"https:\/\/www.campariacademy.com\/es-es\/wp-content\/uploads\/sites\/7\/2022\/07\/campariacademy-logo.jpeg","width":500,"height":185,"caption":"Campari Academy"},"image":{"@id":"https:\/\/www.campariacademy.com\/es-es\/#\/schema\/logo\/image\/"}}]}},"_links":{"self":[{"href":"https:\/\/www.campariacademy.com\/es-es\/wp-json\/wp\/v2\/pages\/363","targetHints":{"allow":["GET"]}}],"collection":[{"href":"https:\/\/www.campariacademy.com\/es-es\/wp-json\/wp\/v2\/pages"}],"about":[{"href":"https:\/\/www.campariacademy.com\/es-es\/wp-json\/wp\/v2\/types\/page"}],"author":[{"embeddable":true,"href":"https:\/\/www.campariacademy.com\/es-es\/wp-json\/wp\/v2\/users\/1"}],"replies":[{"embeddable":true,"href":"https:\/\/www.campariacademy.com\/es-es\/wp-json\/wp\/v2\/comments?post=363"}],"version-history":[{"count":8,"href":"https:\/\/www.campariacademy.com\/es-es\/wp-json\/wp\/v2\/pages\/363\/revisions"}],"predecessor-version":[{"id":1654,"href":"https:\/\/www.campariacademy.com\/es-es\/wp-json\/wp\/v2\/pages\/363\/revisions\/1654"}],"wp:attachment":[{"href":"https:\/\/www.campariacademy.com\/es-es\/wp-json\/wp\/v2\/media?parent=363"}],"curies":[{"name":"wp","href":"https:\/\/api.w.org\/{rel}","templated":true}]}}