{"id":519,"date":"2022-04-25T23:46:06","date_gmt":"2022-04-25T23:46:06","guid":{"rendered":"https:\/\/www.campariacademy.com\/es-es\/?page_id=519"},"modified":"2022-12-21T13:31:32","modified_gmt":"2022-12-21T11:31:32","slug":"contacto","status":"publish","type":"page","link":"https:\/\/www.campariacademy.com\/es-es\/contacto\/","title":{"rendered":"Contacto"},"content":{"rendered":"<h4 class=\"elementor-heading-title elementor-size-default\" style=\"text-align: center\">Direcci\u00f3n<\/h4>\n<p style=\"text-align: center\">Calle Marina, 16-18, Planta 29 D<br \/>\nTorre Mapfre<br \/>\n08005 Barcelona<\/p>\n<div class=\"elementor-element elementor-element-c0d34eb elementor-widget elementor-widget-heading\" data-id=\"c0d34eb\" data-element_type=\"widget\" data-widget_type=\"heading.default\">\n<div class=\"elementor-widget-container\">\n<h4 class=\"elementor-heading-title elementor-size-default\" style=\"text-align: center\">C\u00f3mo llegar<\/h4>\n<\/div>\n<\/div>\n<div class=\"elementor-element elementor-element-93d7b4b elementor-widget elementor-widget-text-editor\" data-id=\"93d7b4b\" data-element_type=\"widget\" data-widget_type=\"text-editor.default\">\n<div class=\"elementor-widget-container\">\n<div class=\"elementor-text-editor elementor-clearfix\">\n<p style=\"text-align: center\">Coche: por la B-10 (ronda litoral) salida Vila Ol\u00edmpica<br \/>\nMetro L4 \u2013 Vila Ol\u00edmpica<br \/>\nAutob\u00fas: 10, 36, 45, 57, 59, 71, 92 y 157<br \/>\nTranv\u00eda: TramBes\u00f2s l\u00ednea T4 \u2013 Ciutadella Vila Ol\u00edmpica<\/p>\n<h4 class=\"elementor-heading-title elementor-size-default\" style=\"text-align: center\">Tel\u00e9fono<\/h4>\n<p style=\"text-align: center\">Tel\u00e9fono +34\u00a0 93 224 73 00 (de lunes a viernes de 9:00 a 18:00)<\/p>\n<\/div>\n<\/div>\n<\/div>\n<h4 class=\"elementor-heading-title elementor-size-default\" style=\"text-align: center\">Email<\/h4>\n<p style=\"text-align: center\"><a href=\"mailto:info-es@campariacademy.com\">info-es@campariacademy.com<\/a><\/p>\n","protected":false},"excerpt":{"rendered":"<p>Direcci\u00f3n Calle Marina, 16-18, Planta 29 D Torre Mapfre 08005 Barcelona C\u00f3mo llegar Coche: por la B-10 (ronda litoral) salida Vila Ol\u00edmpica Metro L4 \u2013 Vila Ol\u00edmpica Autob\u00fas: 10, 36, 45, 57, 59, 71, 92 y 157 Tranv\u00eda: TramBes\u00f2s l\u00ednea T4 \u2013 Ciutadella Vila Ol\u00edmpica Tel\u00e9fono Tel\u00e9fono +34\u00a0 93 224 73 00 (de lunes a [&hellip;]<\/p>\n","protected":false},"author":1,"featured_media":0,"parent":0,"menu_order":0,"comment_status":"closed","ping_status":"closed","template":"","meta":{"_acf_changed":false,"footnotes":""},"class_list":["post-519","page","type-page","status-publish","hentry"],"acf":[],"yoast_head":"<!-- This site is optimized with the Yoast SEO plugin v26.9 - https:\/\/yoast.com\/product\/yoast-seo-wordpress\/ -->\n<title>Contacto - Campari Academy<\/title>\n<meta name=\"description\" content=\"Campari Academy is going beyond the bar to educate, spark conversation and inspire bartenders of all levels.\" \/>\n<meta name=\"robots\" content=\"index, follow, max-snippet:-1, max-image-preview:large, max-video-preview:-1\" \/>\n<link rel=\"canonical\" href=\"https:\/\/www.campariacademy.com\/es-es\/contacto\/\" \/>\n<meta property=\"og:locale\" content=\"es_ES\" \/>\n<meta property=\"og:type\" content=\"article\" \/>\n<meta property=\"og:title\" content=\"Contacto - Campari Academy\" \/>\n<meta property=\"og:description\" content=\"Campari Academy is going beyond the bar to educate, spark conversation and inspire bartenders of all levels.\" \/>\n<meta property=\"og:url\" content=\"https:\/\/www.campariacademy.com\/es-es\/contacto\/\" \/>\n<meta property=\"og:site_name\" content=\"Campari Academy\" \/>\n<meta property=\"article:modified_time\" content=\"2022-12-21T11:31:32+00:00\" \/>\n<meta name=\"twitter:card\" content=\"summary_large_image\" \/>\n<meta name=\"twitter:label1\" content=\"Tiempo de lectura\" \/>\n\t<meta name=\"twitter:data1\" content=\"1 minuto\" \/>\n<script type=\"application\/ld+json\" class=\"yoast-schema-graph\">{\"@context\":\"https:\/\/schema.org\",\"@graph\":[{\"@type\":\"WebPage\",\"@id\":\"https:\/\/www.campariacademy.com\/es-es\/contacto\/\",\"url\":\"https:\/\/www.campariacademy.com\/es-es\/contacto\/\",\"name\":\"Contacto - Campari Academy\",\"isPartOf\":{\"@id\":\"https:\/\/www.campariacademy.com\/es-es\/#website\"},\"datePublished\":\"2022-04-25T23:46:06+00:00\",\"dateModified\":\"2022-12-21T11:31:32+00:00\",\"description\":\"Campari Academy is going beyond the bar to educate, spark conversation and inspire bartenders of all levels.\",\"inLanguage\":\"es\",\"potentialAction\":[{\"@type\":\"ReadAction\",\"target\":[\"https:\/\/www.campariacademy.com\/es-es\/contacto\/\"]}]},{\"@type\":\"WebSite\",\"@id\":\"https:\/\/www.campariacademy.com\/es-es\/#website\",\"url\":\"https:\/\/www.campariacademy.com\/es-es\/\",\"name\":\"Campari Academy\",\"description\":\"\",\"publisher\":{\"@id\":\"https:\/\/www.campariacademy.com\/es-es\/#organization\"},\"potentialAction\":[{\"@type\":\"SearchAction\",\"target\":{\"@type\":\"EntryPoint\",\"urlTemplate\":\"https:\/\/www.campariacademy.com\/es-es\/?s={search_term_string}\"},\"query-input\":{\"@type\":\"PropertyValueSpecification\",\"valueRequired\":true,\"valueName\":\"search_term_string\"}}],\"inLanguage\":\"es\"},{\"@type\":\"Organization\",\"@id\":\"https:\/\/www.campariacademy.com\/es-es\/#organization\",\"name\":\"Campari Academy\",\"url\":\"https:\/\/www.campariacademy.com\/es-es\/\",\"logo\":{\"@type\":\"ImageObject\",\"inLanguage\":\"es\",\"@id\":\"https:\/\/www.campariacademy.com\/es-es\/#\/schema\/logo\/image\/\",\"url\":\"https:\/\/www.campariacademy.com\/es-es\/wp-content\/uploads\/sites\/7\/2022\/07\/campariacademy-logo.jpeg\",\"contentUrl\":\"https:\/\/www.campariacademy.com\/es-es\/wp-content\/uploads\/sites\/7\/2022\/07\/campariacademy-logo.jpeg\",\"width\":500,\"height\":185,\"caption\":\"Campari Academy\"},\"image\":{\"@id\":\"https:\/\/www.campariacademy.com\/es-es\/#\/schema\/logo\/image\/\"}}]}<\/script>\n<!-- \/ Yoast SEO plugin. -->","yoast_head_json":{"title":"Contacto - Campari Academy","description":"Campari Academy is going beyond the bar to educate, spark conversation and inspire bartenders of all levels.","robots":{"index":"index","follow":"follow","max-snippet":"max-snippet:-1","max-image-preview":"max-image-preview:large","max-video-preview":"max-video-preview:-1"},"canonical":"https:\/\/www.campariacademy.com\/es-es\/contacto\/","og_locale":"es_ES","og_type":"article","og_title":"Contacto - Campari Academy","og_description":"Campari Academy is going beyond the bar to educate, spark conversation and inspire bartenders of all levels.","og_url":"https:\/\/www.campariacademy.com\/es-es\/contacto\/","og_site_name":"Campari Academy","article_modified_time":"2022-12-21T11:31:32+00:00","twitter_card":"summary_large_image","twitter_misc":{"Tiempo de lectura":"1 minuto"},"schema":{"@context":"https:\/\/schema.org","@graph":[{"@type":"WebPage","@id":"https:\/\/www.campariacademy.com\/es-es\/contacto\/","url":"https:\/\/www.campariacademy.com\/es-es\/contacto\/","name":"Contacto - Campari Academy","isPartOf":{"@id":"https:\/\/www.campariacademy.com\/es-es\/#website"},"datePublished":"2022-04-25T23:46:06+00:00","dateModified":"2022-12-21T11:31:32+00:00","description":"Campari Academy is going beyond the bar to educate, spark conversation and inspire bartenders of all levels.","inLanguage":"es","potentialAction":[{"@type":"ReadAction","target":["https:\/\/www.campariacademy.com\/es-es\/contacto\/"]}]},{"@type":"WebSite","@id":"https:\/\/www.campariacademy.com\/es-es\/#website","url":"https:\/\/www.campariacademy.com\/es-es\/","name":"Campari Academy","description":"","publisher":{"@id":"https:\/\/www.campariacademy.com\/es-es\/#organization"},"potentialAction":[{"@type":"SearchAction","target":{"@type":"EntryPoint","urlTemplate":"https:\/\/www.campariacademy.com\/es-es\/?s={search_term_string}"},"query-input":{"@type":"PropertyValueSpecification","valueRequired":true,"valueName":"search_term_string"}}],"inLanguage":"es"},{"@type":"Organization","@id":"https:\/\/www.campariacademy.com\/es-es\/#organization","name":"Campari Academy","url":"https:\/\/www.campariacademy.com\/es-es\/","logo":{"@type":"ImageObject","inLanguage":"es","@id":"https:\/\/www.campariacademy.com\/es-es\/#\/schema\/logo\/image\/","url":"https:\/\/www.campariacademy.com\/es-es\/wp-content\/uploads\/sites\/7\/2022\/07\/campariacademy-logo.jpeg","contentUrl":"https:\/\/www.campariacademy.com\/es-es\/wp-content\/uploads\/sites\/7\/2022\/07\/campariacademy-logo.jpeg","width":500,"height":185,"caption":"Campari Academy"},"image":{"@id":"https:\/\/www.campariacademy.com\/es-es\/#\/schema\/logo\/image\/"}}]}},"_links":{"self":[{"href":"https:\/\/www.campariacademy.com\/es-es\/wp-json\/wp\/v2\/pages\/519","targetHints":{"allow":["GET"]}}],"collection":[{"href":"https:\/\/www.campariacademy.com\/es-es\/wp-json\/wp\/v2\/pages"}],"about":[{"href":"https:\/\/www.campariacademy.com\/es-es\/wp-json\/wp\/v2\/types\/page"}],"author":[{"embeddable":true,"href":"https:\/\/www.campariacademy.com\/es-es\/wp-json\/wp\/v2\/users\/1"}],"replies":[{"embeddable":true,"href":"https:\/\/www.campariacademy.com\/es-es\/wp-json\/wp\/v2\/comments?post=519"}],"version-history":[{"count":9,"href":"https:\/\/www.campariacademy.com\/es-es\/wp-json\/wp\/v2\/pages\/519\/revisions"}],"predecessor-version":[{"id":1812,"href":"https:\/\/www.campariacademy.com\/es-es\/wp-json\/wp\/v2\/pages\/519\/revisions\/1812"}],"wp:attachment":[{"href":"https:\/\/www.campariacademy.com\/es-es\/wp-json\/wp\/v2\/media?parent=519"}],"curies":[{"name":"wp","href":"https:\/\/api.w.org\/{rel}","templated":true}]}}