{"id":361,"date":"2022-04-17T15:10:00","date_gmt":"2022-04-17T18:10:00","guid":{"rendered":"https:\/\/www.campariacademy.com\/es-mx\/?page_id=361"},"modified":"2023-08-10T14:51:29","modified_gmt":"2023-08-10T17:51:29","slug":"politica-cookies","status":"publish","type":"page","link":"https:\/\/www.campariacademy.com\/es-mx\/politica-cookies\/","title":{"rendered":"Cookies"},"content":{"rendered":"<p>A menos que se indique expresamente lo contrario, los t\u00e9rminos en este aviso tienen el mismo significado que se define en el <a href=\"https:\/\/www.campariacademy.com\/es-mx\/politica-privacidad\/\">Aviso de Privacidad<\/a>.<\/p>\n<h1>Alcance del Aviso<\/h1>\n<p>Este Aviso de Cookies complementa la informaci\u00f3n contenida en el Aviso de Privacidad y explica c\u00f3mo nosotros y nuestros socios comerciales y proveedores de servicios utilizamos cookies y tecnolog\u00edas relacionadas en el curso de la gesti\u00f3n y provisi\u00f3n de nuestros servicios en l\u00ednea y nuestras comunicaciones con usted. Explica qu\u00e9 son estas tecnolog\u00edas y por qu\u00e9 las utilizamos, as\u00ed como sus derechos para controlar nuestro uso de las mismas. En algunos casos, podemos utilizar cookies y tecnolog\u00edas relacionadas descritas en este Aviso de Cookies para recopilar informaci\u00f3n personal o para recopilar informaci\u00f3n que se convierte en informaci\u00f3n personal si la combinamos con otra informaci\u00f3n. Para obtener m\u00e1s detalles sobre c\u00f3mo procesamos su informaci\u00f3n personal, revise el Aviso de Privacidad.<\/p>\n<h2>\u00bfQu\u00e9 Son las Cookies y Tecnolog\u00edas Relacionadas?<\/h2>\n<p>Como es pr\u00e1ctica com\u00fan en los sitios web, nuestros Servicios utilizan cookies, que son peque\u00f1os archivos descargados en su computadora que nos permiten a nosotros y a nuestros socios de terceros recopilar cierta informaci\u00f3n sobre sus interacciones con nuestras comunicaciones por correo electr\u00f3nico, sitios web y otros servicios en l\u00ednea, y que mejoran su experiencia. Nosotros y nuestros socios de terceros y proveedores tambi\u00e9n podemos utilizar otras tecnolog\u00edas relacionadas para recopilar esta informaci\u00f3n, como balizas web, p\u00edxeles, scripts integrados, tecnolog\u00edas de identificaci\u00f3n de ubicaci\u00f3n y tecnolog\u00edas de registro (en conjunto, &#8220;cookies&#8221;).<\/p>\n<h2>\u00bfQu\u00e9 Recopilamos al Usar Cookies?<\/h2>\n<p>Nosotros y nuestros socios de terceros y proveedores podemos utilizar cookies para recopilar autom\u00e1ticamente ciertos tipos de informaci\u00f3n de uso cuando visita o interact\u00faa con nuestras comunicaciones por correo electr\u00f3nico y servicios. Por ejemplo, podemos recopilar datos de registro sobre su dispositivo y su software, como su direcci\u00f3n IP, sistema operativo, tipo de navegador, fecha\/hora de su visita y otra informaci\u00f3n similar. Podemos recopilar datos de an\u00e1lisis o utilizar herramientas de an\u00e1lisis de terceros como Google Analytics para ayudarnos a medir las tendencias de uso y actividad de nuestros servicios en l\u00ednea y comprender mejor nuestra base de clientes. Tambi\u00e9n podemos recopilar datos de ubicaci\u00f3n, incluida la ubicaci\u00f3n geogr\u00e1fica general basada en la direcci\u00f3n IP o datos de ubicaci\u00f3n m\u00e1s precisos cuando un usuario accede a nuestros servicios en l\u00ednea a trav\u00e9s de un dispositivo m\u00f3vil.<\/p>\n<h2>Utilizamos los siguientes tipos de cookies:<\/h2>\n<h3>Cookies Estrictamente Necesarias.<\/h3>\n<p>Estas cookies habilitan funcionalidades b\u00e1sicas como la seguridad, la gesti\u00f3n de redes y la accesibilidad. Puede desactivarlas cambiando la configuraci\u00f3n de su navegador, pero esto podr\u00eda afectar el funcionamiento de los Servicios. La base legal para nuestro uso de cookies estrictamente necesarias es su solicitud de ingresar a nuestros sitios web y, por lo tanto, el cumplimiento de un contrato gratuito del cual usted es parte, es decir, la capacidad de proporcionar y mantener nuestros Servicios. Consulte la Tabla de Cookies del sitio web (abajo) para obtener m\u00e1s informaci\u00f3n.<\/p>\n<h3>Cookies de Preferencias.<\/h3>\n<p>Estas permiten que un sitio web recuerde informaci\u00f3n que cambia la forma en que se comporta o se ve el sitio, como su idioma preferido o la regi\u00f3n en la que se encuentra. Si est\u00e1 accediendo a nuestros Servicios, se le ha pedido que consienta el uso de estas cookies. Tiene la libertad de negar su consentimiento. Consulte la Tabla de Cookies del sitio web (abajo) para obtener m\u00e1s informaci\u00f3n.<\/p>\n<h3>Cookies de Estad\u00edsticas.<\/h3>\n<p>Estas cookies nos permiten reconocer y contar el n\u00famero de visitantes en nuestros Servicios, y ver c\u00f3mo se desplazan los visitantes por nuestros Servicios cuando los utilizan. Esto nos ayuda a mejorar la forma en que funcionan nuestros Servicios, por ejemplo, asegurando que los usuarios encuentren f\u00e1cilmente lo que buscan. Si est\u00e1 accediendo a nuestros Servicios, se le ha pedido que consienta el uso de estas cookies. Tiene la libertad de negar su consentimiento. Consulte la Tabla de Cookies del sitio web (abajo) para obtener m\u00e1s informaci\u00f3n.<\/p>\n<h3>Cookies de Marketing.<\/h3>\n<p>Estas cookies registran su visita a nuestros Servicios, las p\u00e1ginas que ha visitado y los enlaces que ha seguido. Se utilizan para rastrear a los visitantes en nuestros Servicios. Si est\u00e1 accediendo a nuestros Servicios, se le ha pedido que consienta el uso de estas cookies. Tiene la libertad de negar su consentimiento. Consulte la Tabla de Cookies del sitio web (abajo) para obtener m\u00e1s informaci\u00f3n.<\/p>\n<h2>\u00bfC\u00f3mo Utilizamos la Informaci\u00f3n Recopilada a trav\u00e9s de las Cookies?<\/h2>\n<h3>Utilizamos cookies por diversas razones, como se detalla a continuaci\u00f3n:<\/h3>\n<p>Si crea una cuenta con nosotros, utilizaremos cookies para la gesti\u00f3n del proceso de registro y la administraci\u00f3n general. Estas cookies generalmente se eliminar\u00e1n cuando cierre la sesi\u00f3n; sin embargo, en algunos casos, podr\u00edan permanecer despu\u00e9s para recordar sus preferencias de sitio cuando cierre la sesi\u00f3n. Utilizamos cookies cuando ha iniciado sesi\u00f3n para que podamos recordar este hecho. Esto evita que tenga que iniciar sesi\u00f3n cada vez que visite una nueva p\u00e1gina. Estas cookies se eliminan t\u00edpicamente o se borran cuando cierra la sesi\u00f3n para garantizar que solo pueda acceder a funciones y \u00e1reas restringidas cuando ha iniciado sesi\u00f3n. Los Servicios ofrecen servicios de suscripci\u00f3n a boletines o correo electr\u00f3nico, y las cookies pueden utilizarse para recordar si ya est\u00e1 registrado y si debe mostrar ciertas notificaciones que podr\u00edan ser v\u00e1lidas solo para usuarios suscritos\/no suscritos. Los Servicios ofrecen instalaciones de comercio electr\u00f3nico o de pago y algunas cookies son esenciales para garantizar que su pedido se recuerde entre las p\u00e1ginas para que podamos procesarlo correctamente. Cuando env\u00eda datos a trav\u00e9s de un formulario, como los que se encuentran en las p\u00e1ginas de contacto o formularios de comentarios, es posible que se configuren cookies para recordar sus datos de usuario para futuras correspondencias. Para brindarle una excelente experiencia en los Servicios, ofrecemos la funcionalidad de configurar sus preferencias sobre c\u00f3mo funcionan los Servicios cuando los utiliza. Para recordar sus preferencias, necesitamos configurar cookies para que esta informaci\u00f3n pueda ser llamada cada vez que interact\u00fae con una p\u00e1gina del sitio web. Utilizamos cookies para proporcionar y monitorear la eficacia de nuestros Servicios, supervisar el uso en l\u00ednea y las actividades de nuestros Servicios, y facilitar los fines identificados en la secci\u00f3n C\u00f3mo Utilizamos su Informaci\u00f3n Personal de nuestro Aviso de Privacidad. Tambi\u00e9n podemos utilizar la informaci\u00f3n que recopilamos a trav\u00e9s de cookies para comprender sus actividades de navegaci\u00f3n, incluso en sitios de terceros no afiliados, para poder proporcionar informaci\u00f3n sobre productos y servicios que pueden ser de su inter\u00e9s. Tenga en cuenta que vinculamos parte de la informaci\u00f3n personal que recopilamos a trav\u00e9s de cookies con la otra informaci\u00f3n personal que recopilamos sobre usted y para los fines descritos en nuestro Aviso de Privacidad.<\/p>\n<h2>Sus Opciones en Relaci\u00f3n a las Cookies<\/h2>\n<p>Si prefiere no aceptar cookies, la mayor\u00eda de los navegadores le permitir\u00e1n cambiar la configuraci\u00f3n de las cookies ajustando las preferencias en su navegador para: (i) recibir una notificaci\u00f3n cuando reciba una cookie, lo que le permite elegir si aceptarla o no; (ii) deshabilitar las cookies existentes; o (iii) configurar su navegador para rechazar autom\u00e1ticamente las cookies. Tenga en cuenta que deshabilitar las cookies puede afectar negativamente la funcionalidad de este y muchos otros sitios web que visite. La desactivaci\u00f3n de las cookies generalmente resultar\u00e1 en la desactivaci\u00f3n de ciertas funcionalidades y caracter\u00edsticas de los Servicios.<\/p>\n<p>Dependiendo de su dispositivo y sistema operativo, es posible que no pueda eliminar o bloquear todas las cookies. Adem\u00e1s, si desea rechazar las cookies en todos sus navegadores y dispositivos, deber\u00e1 hacerlo en cada navegador de cada dispositivo que utilice activamente. Tambi\u00e9n puede configurar las opciones de su correo electr\u00f3nico para evitar la descarga autom\u00e1tica de im\u00e1genes que puedan contener tecnolog\u00edas que nos permitan saber si ha accedido a nuestro correo electr\u00f3nico y ha realizado ciertas funciones con \u00e9l.<\/p>\n<p>Si se encuentra en el EEE, Reino Unido o Suiza, puede aprovechar las Opciones en L\u00ednea. Este servicio le permite seleccionar preferencias de seguimiento para la mayor\u00eda de las herramientas publicitarias. Por lo tanto, se recomienda que utilice este recurso adem\u00e1s de la informaci\u00f3n proporcionada en este documento.<\/p>\n<h2>Actualizaciones a Este Aviso de Cookies<\/h2>\n<p>Actualizaremos este Aviso de Cookies de vez en cuando. Cuando realicemos cambios en este Aviso de Cookies, cambiaremos la &#8220;Fecha Efectiva&#8221; al principio de este aviso. Si realizamos cambios sustanciales en este aviso, le notificaremos mediante una publicaci\u00f3n destacada en nuestros Servicios u a trav\u00e9s de otros canales de comunicaci\u00f3n adecuados. Todos los cambios ser\u00e1n efectivos a partir de la fecha de publicaci\u00f3n, a menos que se indique lo contrario en la notificaci\u00f3n.<\/p>\n<h2>Cont\u00e1ctenos<\/h2>\n<p>Si tiene alguna pregunta o solicitud relacionada con este Aviso de Cookies u otros asuntos relacionados con la privacidad, cont\u00e1ctenos en <a href=\"mailto:gpdp.office@campari.com\" target=\"_new\" rel=\"noopener\">gpdp.office@campari.com<\/a>.<\/p>\n<h2>Tabla de Cookies<\/h2>\n<h6>PR\u00d3XIMAMENTE<\/h6>\n","protected":false},"excerpt":{"rendered":"<p>A menos que se indique expresamente lo contrario, los t\u00e9rminos en este aviso tienen el mismo significado que se define en el Aviso de Privacidad. Alcance del Aviso Este Aviso de Cookies complementa la informaci\u00f3n contenida en el Aviso de Privacidad y explica c\u00f3mo nosotros y nuestros socios comerciales y proveedores de servicios utilizamos cookies [&hellip;]<\/p>\n","protected":false},"author":1,"featured_media":0,"parent":0,"menu_order":0,"comment_status":"closed","ping_status":"closed","template":"","meta":{"_acf_changed":false,"footnotes":""},"class_list":["post-361","page","type-page","status-publish","hentry"],"acf":[],"yoast_head":"<!-- This site is optimized with the Yoast SEO plugin v26.9 - https:\/\/yoast.com\/product\/yoast-seo-wordpress\/ -->\n<title>Cookies - Campari Academy<\/title>\n<meta name=\"robots\" content=\"index, follow, max-snippet:-1, max-image-preview:large, max-video-preview:-1\" \/>\n<link rel=\"canonical\" href=\"https:\/\/www.campariacademy.com\/es-mx\/politica-cookies\/\" \/>\n<meta property=\"og:locale\" content=\"es_MX\" \/>\n<meta property=\"og:type\" content=\"article\" \/>\n<meta property=\"og:title\" content=\"Cookies - Campari Academy\" \/>\n<meta property=\"og:description\" content=\"A menos que se indique expresamente lo contrario, los t\u00e9rminos en este aviso tienen el mismo significado que se define en el Aviso de Privacidad. Alcance del Aviso Este Aviso de Cookies complementa la informaci\u00f3n contenida en el Aviso de Privacidad y explica c\u00f3mo nosotros y nuestros socios comerciales y proveedores de servicios utilizamos cookies [&hellip;]\" \/>\n<meta property=\"og:url\" content=\"https:\/\/www.campariacademy.com\/es-mx\/politica-cookies\/\" \/>\n<meta property=\"og:site_name\" content=\"Campari Academy\" \/>\n<meta property=\"article:modified_time\" content=\"2023-08-10T17:51:29+00:00\" \/>\n<meta name=\"twitter:card\" content=\"summary_large_image\" \/>\n<meta name=\"twitter:label1\" content=\"Tiempo de lectura\" \/>\n\t<meta name=\"twitter:data1\" content=\"7 minutos\" \/>\n<script type=\"application\/ld+json\" class=\"yoast-schema-graph\">{\"@context\":\"https:\/\/schema.org\",\"@graph\":[{\"@type\":\"WebPage\",\"@id\":\"https:\/\/www.campariacademy.com\/es-mx\/politica-cookies\/\",\"url\":\"https:\/\/www.campariacademy.com\/es-mx\/politica-cookies\/\",\"name\":\"Cookies - Campari Academy\",\"isPartOf\":{\"@id\":\"https:\/\/www.campariacademy.com\/es-mx\/#website\"},\"datePublished\":\"2022-04-17T18:10:00+00:00\",\"dateModified\":\"2023-08-10T17:51:29+00:00\",\"inLanguage\":\"es\",\"potentialAction\":[{\"@type\":\"ReadAction\",\"target\":[\"https:\/\/www.campariacademy.com\/es-mx\/politica-cookies\/\"]}]},{\"@type\":\"WebSite\",\"@id\":\"https:\/\/www.campariacademy.com\/es-mx\/#website\",\"url\":\"https:\/\/www.campariacademy.com\/es-mx\/\",\"name\":\"Campari Academy\",\"description\":\"\",\"publisher\":{\"@id\":\"https:\/\/www.campariacademy.com\/es-mx\/#organization\"},\"potentialAction\":[{\"@type\":\"SearchAction\",\"target\":{\"@type\":\"EntryPoint\",\"urlTemplate\":\"https:\/\/www.campariacademy.com\/es-mx\/?s={search_term_string}\"},\"query-input\":{\"@type\":\"PropertyValueSpecification\",\"valueRequired\":true,\"valueName\":\"search_term_string\"}}],\"inLanguage\":\"es\"},{\"@type\":\"Organization\",\"@id\":\"https:\/\/www.campariacademy.com\/es-mx\/#organization\",\"name\":\"Campari Academy\",\"url\":\"https:\/\/www.campariacademy.com\/es-mx\/\",\"logo\":{\"@type\":\"ImageObject\",\"inLanguage\":\"es\",\"@id\":\"https:\/\/www.campariacademy.com\/es-mx\/#\/schema\/logo\/image\/\",\"url\":\"https:\/\/www.campariacademy.com\/es-mx\/wp-content\/uploads\/sites\/12\/2022\/12\/campariacademy-logo-500.jpeg\",\"contentUrl\":\"https:\/\/www.campariacademy.com\/es-mx\/wp-content\/uploads\/sites\/12\/2022\/12\/campariacademy-logo-500.jpeg\",\"width\":500,\"height\":185,\"caption\":\"Campari Academy\"},\"image\":{\"@id\":\"https:\/\/www.campariacademy.com\/es-mx\/#\/schema\/logo\/image\/\"}}]}<\/script>\n<!-- \/ Yoast SEO plugin. -->","yoast_head_json":{"title":"Cookies - Campari Academy","robots":{"index":"index","follow":"follow","max-snippet":"max-snippet:-1","max-image-preview":"max-image-preview:large","max-video-preview":"max-video-preview:-1"},"canonical":"https:\/\/www.campariacademy.com\/es-mx\/politica-cookies\/","og_locale":"es_MX","og_type":"article","og_title":"Cookies - Campari Academy","og_description":"A menos que se indique expresamente lo contrario, los t\u00e9rminos en este aviso tienen el mismo significado que se define en el Aviso de Privacidad. Alcance del Aviso Este Aviso de Cookies complementa la informaci\u00f3n contenida en el Aviso de Privacidad y explica c\u00f3mo nosotros y nuestros socios comerciales y proveedores de servicios utilizamos cookies [&hellip;]","og_url":"https:\/\/www.campariacademy.com\/es-mx\/politica-cookies\/","og_site_name":"Campari Academy","article_modified_time":"2023-08-10T17:51:29+00:00","twitter_card":"summary_large_image","twitter_misc":{"Tiempo de lectura":"7 minutos"},"schema":{"@context":"https:\/\/schema.org","@graph":[{"@type":"WebPage","@id":"https:\/\/www.campariacademy.com\/es-mx\/politica-cookies\/","url":"https:\/\/www.campariacademy.com\/es-mx\/politica-cookies\/","name":"Cookies - Campari Academy","isPartOf":{"@id":"https:\/\/www.campariacademy.com\/es-mx\/#website"},"datePublished":"2022-04-17T18:10:00+00:00","dateModified":"2023-08-10T17:51:29+00:00","inLanguage":"es","potentialAction":[{"@type":"ReadAction","target":["https:\/\/www.campariacademy.com\/es-mx\/politica-cookies\/"]}]},{"@type":"WebSite","@id":"https:\/\/www.campariacademy.com\/es-mx\/#website","url":"https:\/\/www.campariacademy.com\/es-mx\/","name":"Campari Academy","description":"","publisher":{"@id":"https:\/\/www.campariacademy.com\/es-mx\/#organization"},"potentialAction":[{"@type":"SearchAction","target":{"@type":"EntryPoint","urlTemplate":"https:\/\/www.campariacademy.com\/es-mx\/?s={search_term_string}"},"query-input":{"@type":"PropertyValueSpecification","valueRequired":true,"valueName":"search_term_string"}}],"inLanguage":"es"},{"@type":"Organization","@id":"https:\/\/www.campariacademy.com\/es-mx\/#organization","name":"Campari Academy","url":"https:\/\/www.campariacademy.com\/es-mx\/","logo":{"@type":"ImageObject","inLanguage":"es","@id":"https:\/\/www.campariacademy.com\/es-mx\/#\/schema\/logo\/image\/","url":"https:\/\/www.campariacademy.com\/es-mx\/wp-content\/uploads\/sites\/12\/2022\/12\/campariacademy-logo-500.jpeg","contentUrl":"https:\/\/www.campariacademy.com\/es-mx\/wp-content\/uploads\/sites\/12\/2022\/12\/campariacademy-logo-500.jpeg","width":500,"height":185,"caption":"Campari Academy"},"image":{"@id":"https:\/\/www.campariacademy.com\/es-mx\/#\/schema\/logo\/image\/"}}]}},"_links":{"self":[{"href":"https:\/\/www.campariacademy.com\/es-mx\/wp-json\/wp\/v2\/pages\/361","targetHints":{"allow":["GET"]}}],"collection":[{"href":"https:\/\/www.campariacademy.com\/es-mx\/wp-json\/wp\/v2\/pages"}],"about":[{"href":"https:\/\/www.campariacademy.com\/es-mx\/wp-json\/wp\/v2\/types\/page"}],"author":[{"embeddable":true,"href":"https:\/\/www.campariacademy.com\/es-mx\/wp-json\/wp\/v2\/users\/1"}],"replies":[{"embeddable":true,"href":"https:\/\/www.campariacademy.com\/es-mx\/wp-json\/wp\/v2\/comments?post=361"}],"version-history":[{"count":4,"href":"https:\/\/www.campariacademy.com\/es-mx\/wp-json\/wp\/v2\/pages\/361\/revisions"}],"predecessor-version":[{"id":3395,"href":"https:\/\/www.campariacademy.com\/es-mx\/wp-json\/wp\/v2\/pages\/361\/revisions\/3395"}],"wp:attachment":[{"href":"https:\/\/www.campariacademy.com\/es-mx\/wp-json\/wp\/v2\/media?parent=361"}],"curies":[{"name":"wp","href":"https:\/\/api.w.org\/{rel}","templated":true}]}}