{"id":363,"date":"2022-04-17T15:11:02","date_gmt":"2022-04-17T18:11:02","guid":{"rendered":"https:\/\/www.campariacademy.com\/es-mx\/?page_id=363"},"modified":"2023-10-24T14:58:08","modified_gmt":"2023-10-24T17:58:08","slug":"terminos-condiciones","status":"publish","type":"page","link":"https:\/\/www.campariacademy.com\/es-mx\/terminos-condiciones\/","title":{"rendered":"T\u00e9rminos y Condiciones"},"content":{"rendered":"<h2>T\u00e9rminos de Uso<\/h2>\n<p>El contenido de este sitio web es publicado por Davide Campari-Milano N.V., con sede en Via Franco Sacchetti 20, 20099 Sesto San Giovanni (MI), Italia (en adelante, junto con sus afiliadas, &#8220;Grupo Campari&#8221;) con fines de informaci\u00f3n exclusiva, con el objetivo de mejorar el conocimiento de Grupo Campari y sus marcas. Antes de navegar y utilizar el Sitio Web, le pedimos que lea detenidamente todos los t\u00e9rminos y condiciones de acceso que se muestran a continuaci\u00f3n, ya que el consentimiento proporcionado por su parte en la p\u00e1gina de inicio o, en cualquier caso, el uso general del Sitio Web, implica la aceptaci\u00f3n total de dichos t\u00e9rminos y condiciones. Tenga en cuenta que estar\u00e1 vinculado por dicha aceptaci\u00f3n de su parte. Si, por el contrario, no est\u00e1 de acuerdo con los mencionados t\u00e9rminos y condiciones, y por lo tanto no est\u00e1 dispuesto a quedar vinculado por ellos, se le invitar\u00e1 amablemente a abandonar la p\u00e1gina. Adem\u00e1s, se le pedir\u00e1 amablemente que abandone la p\u00e1gina si no es mayor de edad seg\u00fan las leyes sobre el consumo de bebidas alcoh\u00f3licas en el pa\u00eds donde se encuentra, es decir, si se encuentra en un pa\u00eds donde el uso o acceso exclusivo al contenido del Sitio Web no est\u00e1 permitido por ley. Grupo Campari puede modificar libremente los t\u00e9rminos y condiciones de acceso al Sitio Web en cualquier momento que considere conveniente, sin necesidad de previo aviso, y por lo tanto ser\u00e1 responsabilidad exclusiva del usuario con acceso al Sitio Web leer los t\u00e9rminos y condiciones cada vez que acceda nuevamente.<\/p>\n<h2>Marcas registradas y otros derechos de propiedad intelectual<\/h2>\n<p>Grupo Campari es el propietario exclusivo o el usuario legal del contenido del Sitio Web, incluyendo, entre otras cosas, dise\u00f1os, extractos, im\u00e1genes, audio y video. Todas las marcas registradas mostradas, ya sean nominativas o figurativas, son propiedad exclusiva de Grupo Campari o de sus empresas subsidiarias, o se refieren a productos que Grupo Campari distribuye en nombre de otras empresas en virtud de acuerdos comerciales. Todas las marcas registradas est\u00e1n registradas en las autoridades italianas o internacionales pertinentes y protegidas por las leyes de Propiedad Intelectual aplicables. Cualquier uso o reproducci\u00f3n de cualquier tipo estar\u00e1 prohibido en caso de falta de autorizaci\u00f3n por escrito de los titulares de los derechos de marca correspondientes. Cualquier contenido de este Sitio Web puede ser impreso directamente o a trav\u00e9s de terceros, siempre que el uso del material descargado sea exclusivamente para fines personales y no comerciales, y que dicho material no sea modificado de ninguna manera y, en particular, que no se coloque ninguna referencia de derechos de autor en el material descargado, como &#8220;\u00a9 Davide Gruppo Campari-Milano N.V. 2004&#8221; o cualquier otra indicaci\u00f3n de exclusividad que eventualmente pueda ser insertada.<\/p>\n<h2>Limitaci\u00f3n de responsabilidad<\/h2>\n<p>Cualquier usuario que acceda al Sitio Web ser\u00e1 el \u00fanico y exclusivo responsable de su uso y navegaci\u00f3n. Grupo Campari se compromete a proporcionar acceso continuo al Sitio Web a los usuarios que puedan navegar legalmente en el Sitio Web, as\u00ed como a proporcionar informaci\u00f3n actualizada. Sin embargo, el Sitio Web y su contenido se proporcionan y aceptan tal como est\u00e1n, sin garant\u00eda alguna, ya sea impl\u00edcita o expresa, en relaci\u00f3n con el funcionamiento del Sitio Web, la presencia de virus, la precisi\u00f3n de los servicios ofrecidos y\/o la exactitud y la integridad de la informaci\u00f3n publicada en el mencionado Sitio Web. Por lo tanto, Grupo Campari, sus subsidiarias y sus directores, gerentes y colaboradores no ser\u00e1n responsables de ning\u00fan error, inexactitud u omisi\u00f3n relacionados con el material incluido en el Sitio Web, ni ser\u00e1n responsables de cualquier da\u00f1o que pueda surgir del acceso o navegaci\u00f3n relevante o de la imposibilidad de uso, as\u00ed como tampoco ser\u00e1n responsables de la confianza depositada en el material incluido en el Sitio Web. Grupo Campari se reserva el derecho de suspender el acceso al Sitio Web o cualquier desactivaci\u00f3n que pueda evitar la consulta de un problema o de una parte del Sitio Web en cualquier momento, sin necesidad de previo aviso. Las referencias a un producto o servicio en particular no implicar\u00e1n que Grupo Campari pretende garantizar que dicho producto o servicio est\u00e9 disponible en todos los pa\u00edses.<\/p>\n<h2>Comunicaciones al Sitio Web<\/h2>\n<p>Cualquier comunicaci\u00f3n u otro material enviado al Sitio Web, ya sea por correo electr\u00f3nico u otro medio, se tratar\u00e1 como no confidencial; por lo tanto, le rogamos que no env\u00ede informaci\u00f3n que desee mantener confidencial. La comunicaci\u00f3n de informaci\u00f3n u otro material implica el reconocimiento en beneficio de Grupo Campari de una autorizaci\u00f3n gratuita e irrevocable para utilizar, reproducir, modificar, publicar, traducir, distribuir o mostrar lo que haya recibido, tambi\u00e9n de manera no exclusiva, ya sea por s\u00ed solo o como parte de otro proyecto, de cualquier manera y por cualquier medio o tecnolog\u00eda. Usted reconoce que Grupo Campari estar\u00e1 en libertad para utilizar el material enviado al Sitio Web para cualquier prop\u00f3sito, incluido el desarrollo, fabricaci\u00f3n y venta de productos. Grupo Campari no reconocer\u00e1 ning\u00fan tipo de compensaci\u00f3n por el material enviado, independientemente de su uso efectivo. Grupo Campari no realiza selecci\u00f3n ni control alguno sobre el contenido enviado al Sitio Web por terceros y no ser\u00e1 responsable de la selecci\u00f3n y\/o el control de dicho material; por lo tanto, Grupo Campari no asume en modo alguno responsabilidad u obligaci\u00f3n alguna al respecto.<\/p>\n<p>Informaci\u00f3n recopilada autom\u00e1ticamente<\/p>\n<p>Cada vez que accede al Sitio Web, su navegador transferir\u00e1 autom\u00e1ticamente la direcci\u00f3n del Protocolo de Internet, junto con cierta informaci\u00f3n, como el tipo de navegador utilizado y la fecha y hora de acceso al Sitio Web, con el fin de adaptar su navegaci\u00f3n, mostrar contenido personalizado y para su propia administraci\u00f3n. Adem\u00e1s, tenga en cuenta que pueden recopilarse informaci\u00f3n a trav\u00e9s de &#8220;cookies&#8221;. Las cookies proporcionan informaci\u00f3n sobre cualquier acceso previo al Sitio Web y, en su caso, las p\u00e1ginas espec\u00edficas visitadas; sin embargo, no se utilizar\u00e1n para recopilar informaci\u00f3n personal con el prop\u00f3sito de ponerse en contacto con usted o recopilar informaci\u00f3n de su computadora. Sin embargo, con la mayor\u00eda de los navegadores de Internet, es posible cancelar o bloquear las cookies o recibir un aviso antes de que se guarden en la computadora.<\/p>\n<h2>Enlaces a otros sitios web<\/h2>\n<p>El Sitio Web puede incluir enlaces a sitios de terceros. Dichos enlaces no implicar\u00e1n de ninguna manera que Grupo Campari otorgue o apruebe el contenido de dichas p\u00e1ginas. Grupo Campari no ser\u00e1 en absoluto responsable de su contenido. Usted ser\u00e1 directa y exclusivamente responsable del acceso y la navegaci\u00f3n en todas las p\u00e1ginas mencionadas. Se entiende que Grupo Campari no ser\u00e1 en absoluto responsable de los t\u00e9rminos y condiciones establecidos por otras empresas. Cualquier usuario que desee incluir en su propia &#8220;p\u00e1gina de inicio&#8221; un enlace a un sitio web deber\u00e1 solicitar expresamente un formulario de autorizaci\u00f3n formal a Grupo Campari en la siguiente direcci\u00f3n de correo electr\u00f3nico: <a href=\"mailto:communications@campari.com\" target=\"_new\" rel=\"noopener\">communications@campari.com<\/a><\/p>\n<h2>Ley y jurisdicci\u00f3n aplicables<\/h2>\n<p>Los t\u00e9rminos y condiciones de acceso al Sitio Web se regir\u00e1n e interpretar\u00e1n de acuerdo con las leyes italianas. Usted acepta irrevocablemente que los tribunales italianos sean la jurisdicci\u00f3n competente en caso de cualquier disputa derivada o relacionada con los mencionados t\u00e9rminos y condiciones y su navegaci\u00f3n o uso del Sitio Web.<\/p>\n","protected":false},"excerpt":{"rendered":"<p>T\u00e9rminos de Uso El contenido de este sitio web es publicado por Davide Campari-Milano N.V., con sede en Via Franco Sacchetti 20, 20099 Sesto San Giovanni (MI), Italia (en adelante, junto con sus afiliadas, &#8220;Grupo Campari&#8221;) con fines de informaci\u00f3n exclusiva, con el objetivo de mejorar el conocimiento de Grupo Campari y sus marcas. Antes [&hellip;]<\/p>\n","protected":false},"author":1,"featured_media":0,"parent":0,"menu_order":0,"comment_status":"closed","ping_status":"closed","template":"","meta":{"_acf_changed":false,"footnotes":""},"class_list":["post-363","page","type-page","status-publish","hentry"],"acf":[],"yoast_head":"<!-- This site is optimized with the Yoast SEO plugin v26.9 - https:\/\/yoast.com\/product\/yoast-seo-wordpress\/ -->\n<title>T\u00e9rminos y Condiciones - Campari Academy<\/title>\n<meta name=\"description\" content=\"Antes de navegar y utilizar el Sitio Web, te pedimos que leas detenidamente todos los t\u00e9rminos y condiciones.\" \/>\n<meta name=\"robots\" content=\"index, follow, max-snippet:-1, max-image-preview:large, max-video-preview:-1\" \/>\n<link rel=\"canonical\" href=\"https:\/\/www.campariacademy.com\/es-mx\/terminos-condiciones\/\" \/>\n<meta property=\"og:locale\" content=\"es_MX\" \/>\n<meta property=\"og:type\" content=\"article\" \/>\n<meta property=\"og:title\" content=\"T\u00e9rminos y Condiciones - Campari Academy\" \/>\n<meta property=\"og:description\" content=\"Antes de navegar y utilizar el Sitio Web, te pedimos que leas detenidamente todos los t\u00e9rminos y condiciones.\" \/>\n<meta property=\"og:url\" content=\"https:\/\/www.campariacademy.com\/es-mx\/terminos-condiciones\/\" \/>\n<meta property=\"og:site_name\" content=\"Campari Academy\" \/>\n<meta property=\"article:modified_time\" content=\"2023-10-24T17:58:08+00:00\" \/>\n<meta name=\"twitter:card\" content=\"summary_large_image\" \/>\n<meta name=\"twitter:label1\" content=\"Tiempo de lectura\" \/>\n\t<meta name=\"twitter:data1\" content=\"6 minutos\" \/>\n<script type=\"application\/ld+json\" class=\"yoast-schema-graph\">{\"@context\":\"https:\/\/schema.org\",\"@graph\":[{\"@type\":\"WebPage\",\"@id\":\"https:\/\/www.campariacademy.com\/es-mx\/terminos-condiciones\/\",\"url\":\"https:\/\/www.campariacademy.com\/es-mx\/terminos-condiciones\/\",\"name\":\"T\u00e9rminos y Condiciones - Campari Academy\",\"isPartOf\":{\"@id\":\"https:\/\/www.campariacademy.com\/es-mx\/#website\"},\"datePublished\":\"2022-04-17T18:11:02+00:00\",\"dateModified\":\"2023-10-24T17:58:08+00:00\",\"description\":\"Antes de navegar y utilizar el Sitio Web, te pedimos que leas detenidamente todos los t\u00e9rminos y condiciones.\",\"inLanguage\":\"es\",\"potentialAction\":[{\"@type\":\"ReadAction\",\"target\":[\"https:\/\/www.campariacademy.com\/es-mx\/terminos-condiciones\/\"]}]},{\"@type\":\"WebSite\",\"@id\":\"https:\/\/www.campariacademy.com\/es-mx\/#website\",\"url\":\"https:\/\/www.campariacademy.com\/es-mx\/\",\"name\":\"Campari Academy\",\"description\":\"\",\"publisher\":{\"@id\":\"https:\/\/www.campariacademy.com\/es-mx\/#organization\"},\"potentialAction\":[{\"@type\":\"SearchAction\",\"target\":{\"@type\":\"EntryPoint\",\"urlTemplate\":\"https:\/\/www.campariacademy.com\/es-mx\/?s={search_term_string}\"},\"query-input\":{\"@type\":\"PropertyValueSpecification\",\"valueRequired\":true,\"valueName\":\"search_term_string\"}}],\"inLanguage\":\"es\"},{\"@type\":\"Organization\",\"@id\":\"https:\/\/www.campariacademy.com\/es-mx\/#organization\",\"name\":\"Campari Academy\",\"url\":\"https:\/\/www.campariacademy.com\/es-mx\/\",\"logo\":{\"@type\":\"ImageObject\",\"inLanguage\":\"es\",\"@id\":\"https:\/\/www.campariacademy.com\/es-mx\/#\/schema\/logo\/image\/\",\"url\":\"https:\/\/www.campariacademy.com\/es-mx\/wp-content\/uploads\/sites\/12\/2022\/12\/campariacademy-logo-500.jpeg\",\"contentUrl\":\"https:\/\/www.campariacademy.com\/es-mx\/wp-content\/uploads\/sites\/12\/2022\/12\/campariacademy-logo-500.jpeg\",\"width\":500,\"height\":185,\"caption\":\"Campari Academy\"},\"image\":{\"@id\":\"https:\/\/www.campariacademy.com\/es-mx\/#\/schema\/logo\/image\/\"}}]}<\/script>\n<!-- \/ Yoast SEO plugin. -->","yoast_head_json":{"title":"T\u00e9rminos y Condiciones - Campari Academy","description":"Antes de navegar y utilizar el Sitio Web, te pedimos que leas detenidamente todos los t\u00e9rminos y condiciones.","robots":{"index":"index","follow":"follow","max-snippet":"max-snippet:-1","max-image-preview":"max-image-preview:large","max-video-preview":"max-video-preview:-1"},"canonical":"https:\/\/www.campariacademy.com\/es-mx\/terminos-condiciones\/","og_locale":"es_MX","og_type":"article","og_title":"T\u00e9rminos y Condiciones - Campari Academy","og_description":"Antes de navegar y utilizar el Sitio Web, te pedimos que leas detenidamente todos los t\u00e9rminos y condiciones.","og_url":"https:\/\/www.campariacademy.com\/es-mx\/terminos-condiciones\/","og_site_name":"Campari Academy","article_modified_time":"2023-10-24T17:58:08+00:00","twitter_card":"summary_large_image","twitter_misc":{"Tiempo de lectura":"6 minutos"},"schema":{"@context":"https:\/\/schema.org","@graph":[{"@type":"WebPage","@id":"https:\/\/www.campariacademy.com\/es-mx\/terminos-condiciones\/","url":"https:\/\/www.campariacademy.com\/es-mx\/terminos-condiciones\/","name":"T\u00e9rminos y Condiciones - Campari Academy","isPartOf":{"@id":"https:\/\/www.campariacademy.com\/es-mx\/#website"},"datePublished":"2022-04-17T18:11:02+00:00","dateModified":"2023-10-24T17:58:08+00:00","description":"Antes de navegar y utilizar el Sitio Web, te pedimos que leas detenidamente todos los t\u00e9rminos y condiciones.","inLanguage":"es","potentialAction":[{"@type":"ReadAction","target":["https:\/\/www.campariacademy.com\/es-mx\/terminos-condiciones\/"]}]},{"@type":"WebSite","@id":"https:\/\/www.campariacademy.com\/es-mx\/#website","url":"https:\/\/www.campariacademy.com\/es-mx\/","name":"Campari Academy","description":"","publisher":{"@id":"https:\/\/www.campariacademy.com\/es-mx\/#organization"},"potentialAction":[{"@type":"SearchAction","target":{"@type":"EntryPoint","urlTemplate":"https:\/\/www.campariacademy.com\/es-mx\/?s={search_term_string}"},"query-input":{"@type":"PropertyValueSpecification","valueRequired":true,"valueName":"search_term_string"}}],"inLanguage":"es"},{"@type":"Organization","@id":"https:\/\/www.campariacademy.com\/es-mx\/#organization","name":"Campari Academy","url":"https:\/\/www.campariacademy.com\/es-mx\/","logo":{"@type":"ImageObject","inLanguage":"es","@id":"https:\/\/www.campariacademy.com\/es-mx\/#\/schema\/logo\/image\/","url":"https:\/\/www.campariacademy.com\/es-mx\/wp-content\/uploads\/sites\/12\/2022\/12\/campariacademy-logo-500.jpeg","contentUrl":"https:\/\/www.campariacademy.com\/es-mx\/wp-content\/uploads\/sites\/12\/2022\/12\/campariacademy-logo-500.jpeg","width":500,"height":185,"caption":"Campari Academy"},"image":{"@id":"https:\/\/www.campariacademy.com\/es-mx\/#\/schema\/logo\/image\/"}}]}},"_links":{"self":[{"href":"https:\/\/www.campariacademy.com\/es-mx\/wp-json\/wp\/v2\/pages\/363","targetHints":{"allow":["GET"]}}],"collection":[{"href":"https:\/\/www.campariacademy.com\/es-mx\/wp-json\/wp\/v2\/pages"}],"about":[{"href":"https:\/\/www.campariacademy.com\/es-mx\/wp-json\/wp\/v2\/types\/page"}],"author":[{"embeddable":true,"href":"https:\/\/www.campariacademy.com\/es-mx\/wp-json\/wp\/v2\/users\/1"}],"replies":[{"embeddable":true,"href":"https:\/\/www.campariacademy.com\/es-mx\/wp-json\/wp\/v2\/comments?post=363"}],"version-history":[{"count":9,"href":"https:\/\/www.campariacademy.com\/es-mx\/wp-json\/wp\/v2\/pages\/363\/revisions"}],"predecessor-version":[{"id":3671,"href":"https:\/\/www.campariacademy.com\/es-mx\/wp-json\/wp\/v2\/pages\/363\/revisions\/3671"}],"wp:attachment":[{"href":"https:\/\/www.campariacademy.com\/es-mx\/wp-json\/wp\/v2\/media?parent=363"}],"curies":[{"name":"wp","href":"https:\/\/api.w.org\/{rel}","templated":true}]}}