{"id":509,"date":"2022-04-25T13:23:51","date_gmt":"2022-04-25T13:23:51","guid":{"rendered":"https:\/\/www.campariacademy.com\/es-mx\/?page_id=509"},"modified":"2023-08-07T22:17:23","modified_gmt":"2023-08-08T01:17:23","slug":"marcas","status":"publish","type":"page","link":"https:\/\/www.campariacademy.com\/es-mx\/marcas\/","title":{"rendered":"Marcas"},"content":{"rendered":"","protected":false},"excerpt":{"rendered":"","protected":false},"author":1,"featured_media":0,"parent":0,"menu_order":0,"comment_status":"closed","ping_status":"closed","template":"template-brands.php","meta":{"_acf_changed":false,"footnotes":""},"class_list":["post-509","page","type-page","status-publish","hentry"],"acf":[],"yoast_head":"<!-- This site is optimized with the Yoast SEO plugin v26.9 - https:\/\/yoast.com\/product\/yoast-seo-wordpress\/ -->\n<title>Campari Academy M\u00e9xico - Marcas Grupo Campari en M\u00e9xico<\/title>\n<meta name=\"description\" content=\"Conoce las marcas de Grupo Campari M\u00e9xico: Aperol, Campari, Bulldog, SKYY, Cinzano, Wild Turkey, Averna, Montelobos, Ancho Reyes y mucho m\u00e1s.\" \/>\n<meta name=\"robots\" content=\"index, follow, max-snippet:-1, max-image-preview:large, max-video-preview:-1\" \/>\n<link rel=\"canonical\" href=\"https:\/\/www.campariacademy.com\/es-mx\/marcas\/\" \/>\n<meta property=\"og:locale\" content=\"es_MX\" \/>\n<meta property=\"og:type\" content=\"article\" \/>\n<meta property=\"og:title\" content=\"Marcas Grupo Campari en M\u00e9xico - Campari Academy M\u00e9xico\" \/>\n<meta property=\"og:description\" content=\"Conoce las marcas de Grupo Campari M\u00e9xico: Aperol, Campari, Bulldog, SKYY, Cinzano, Wild Turkey, Averna, Montelobos, Ancho Reyes y mucho m\u00e1s.\" \/>\n<meta property=\"og:url\" content=\"https:\/\/www.campariacademy.com\/es-mx\/marcas\/\" \/>\n<meta property=\"og:site_name\" content=\"Campari Academy\" \/>\n<meta property=\"article:modified_time\" content=\"2023-08-08T01:17:23+00:00\" \/>\n<meta name=\"twitter:card\" content=\"summary_large_image\" \/>\n<meta name=\"twitter:title\" content=\"Marcas Grupo Campari en M\u00e9xico - Campari Academy M\u00e9xico\" \/>\n<meta name=\"twitter:description\" content=\"Conoce las marcas de Grupo Campari M\u00e9xico: Aperol, Campari, Bulldog, SKYY, Cinzano, Wild Turkey, Averna, Montelobos, Ancho Reyes y mucho m\u00e1s.\" \/>\n<script type=\"application\/ld+json\" class=\"yoast-schema-graph\">{\"@context\":\"https:\/\/schema.org\",\"@graph\":[{\"@type\":\"WebPage\",\"@id\":\"https:\/\/www.campariacademy.com\/es-mx\/marcas\/\",\"url\":\"https:\/\/www.campariacademy.com\/es-mx\/marcas\/\",\"name\":\"Campari Academy M\u00e9xico - Marcas Grupo Campari en M\u00e9xico\",\"isPartOf\":{\"@id\":\"https:\/\/www.campariacademy.com\/es-mx\/#website\"},\"datePublished\":\"2022-04-25T13:23:51+00:00\",\"dateModified\":\"2023-08-08T01:17:23+00:00\",\"description\":\"Conoce las marcas de Grupo Campari M\u00e9xico: Aperol, Campari, Bulldog, SKYY, Cinzano, Wild Turkey, Averna, Montelobos, Ancho Reyes y mucho m\u00e1s.\",\"inLanguage\":\"es\",\"potentialAction\":[{\"@type\":\"ReadAction\",\"target\":[\"https:\/\/www.campariacademy.com\/es-mx\/marcas\/\"]}]},{\"@type\":\"WebSite\",\"@id\":\"https:\/\/www.campariacademy.com\/es-mx\/#website\",\"url\":\"https:\/\/www.campariacademy.com\/es-mx\/\",\"name\":\"Campari Academy\",\"description\":\"\",\"publisher\":{\"@id\":\"https:\/\/www.campariacademy.com\/es-mx\/#organization\"},\"potentialAction\":[{\"@type\":\"SearchAction\",\"target\":{\"@type\":\"EntryPoint\",\"urlTemplate\":\"https:\/\/www.campariacademy.com\/es-mx\/?s={search_term_string}\"},\"query-input\":{\"@type\":\"PropertyValueSpecification\",\"valueRequired\":true,\"valueName\":\"search_term_string\"}}],\"inLanguage\":\"es\"},{\"@type\":\"Organization\",\"@id\":\"https:\/\/www.campariacademy.com\/es-mx\/#organization\",\"name\":\"Campari Academy\",\"url\":\"https:\/\/www.campariacademy.com\/es-mx\/\",\"logo\":{\"@type\":\"ImageObject\",\"inLanguage\":\"es\",\"@id\":\"https:\/\/www.campariacademy.com\/es-mx\/#\/schema\/logo\/image\/\",\"url\":\"https:\/\/www.campariacademy.com\/es-mx\/wp-content\/uploads\/sites\/12\/2022\/12\/campariacademy-logo-500.jpeg\",\"contentUrl\":\"https:\/\/www.campariacademy.com\/es-mx\/wp-content\/uploads\/sites\/12\/2022\/12\/campariacademy-logo-500.jpeg\",\"width\":500,\"height\":185,\"caption\":\"Campari Academy\"},\"image\":{\"@id\":\"https:\/\/www.campariacademy.com\/es-mx\/#\/schema\/logo\/image\/\"}}]}<\/script>\n<!-- \/ Yoast SEO plugin. -->","yoast_head_json":{"title":"Campari Academy M\u00e9xico - Marcas Grupo Campari en M\u00e9xico","description":"Conoce las marcas de Grupo Campari M\u00e9xico: Aperol, Campari, Bulldog, SKYY, Cinzano, Wild Turkey, Averna, Montelobos, Ancho Reyes y mucho m\u00e1s.","robots":{"index":"index","follow":"follow","max-snippet":"max-snippet:-1","max-image-preview":"max-image-preview:large","max-video-preview":"max-video-preview:-1"},"canonical":"https:\/\/www.campariacademy.com\/es-mx\/marcas\/","og_locale":"es_MX","og_type":"article","og_title":"Marcas Grupo Campari en M\u00e9xico - Campari Academy M\u00e9xico","og_description":"Conoce las marcas de Grupo Campari M\u00e9xico: Aperol, Campari, Bulldog, SKYY, Cinzano, Wild Turkey, Averna, Montelobos, Ancho Reyes y mucho m\u00e1s.","og_url":"https:\/\/www.campariacademy.com\/es-mx\/marcas\/","og_site_name":"Campari Academy","article_modified_time":"2023-08-08T01:17:23+00:00","twitter_card":"summary_large_image","twitter_title":"Marcas Grupo Campari en M\u00e9xico - Campari Academy M\u00e9xico","twitter_description":"Conoce las marcas de Grupo Campari M\u00e9xico: Aperol, Campari, Bulldog, SKYY, Cinzano, Wild Turkey, Averna, Montelobos, Ancho Reyes y mucho m\u00e1s.","schema":{"@context":"https:\/\/schema.org","@graph":[{"@type":"WebPage","@id":"https:\/\/www.campariacademy.com\/es-mx\/marcas\/","url":"https:\/\/www.campariacademy.com\/es-mx\/marcas\/","name":"Campari Academy M\u00e9xico - Marcas Grupo Campari en M\u00e9xico","isPartOf":{"@id":"https:\/\/www.campariacademy.com\/es-mx\/#website"},"datePublished":"2022-04-25T13:23:51+00:00","dateModified":"2023-08-08T01:17:23+00:00","description":"Conoce las marcas de Grupo Campari M\u00e9xico: Aperol, Campari, Bulldog, SKYY, Cinzano, Wild Turkey, Averna, Montelobos, Ancho Reyes y mucho m\u00e1s.","inLanguage":"es","potentialAction":[{"@type":"ReadAction","target":["https:\/\/www.campariacademy.com\/es-mx\/marcas\/"]}]},{"@type":"WebSite","@id":"https:\/\/www.campariacademy.com\/es-mx\/#website","url":"https:\/\/www.campariacademy.com\/es-mx\/","name":"Campari Academy","description":"","publisher":{"@id":"https:\/\/www.campariacademy.com\/es-mx\/#organization"},"potentialAction":[{"@type":"SearchAction","target":{"@type":"EntryPoint","urlTemplate":"https:\/\/www.campariacademy.com\/es-mx\/?s={search_term_string}"},"query-input":{"@type":"PropertyValueSpecification","valueRequired":true,"valueName":"search_term_string"}}],"inLanguage":"es"},{"@type":"Organization","@id":"https:\/\/www.campariacademy.com\/es-mx\/#organization","name":"Campari Academy","url":"https:\/\/www.campariacademy.com\/es-mx\/","logo":{"@type":"ImageObject","inLanguage":"es","@id":"https:\/\/www.campariacademy.com\/es-mx\/#\/schema\/logo\/image\/","url":"https:\/\/www.campariacademy.com\/es-mx\/wp-content\/uploads\/sites\/12\/2022\/12\/campariacademy-logo-500.jpeg","contentUrl":"https:\/\/www.campariacademy.com\/es-mx\/wp-content\/uploads\/sites\/12\/2022\/12\/campariacademy-logo-500.jpeg","width":500,"height":185,"caption":"Campari Academy"},"image":{"@id":"https:\/\/www.campariacademy.com\/es-mx\/#\/schema\/logo\/image\/"}}]}},"_links":{"self":[{"href":"https:\/\/www.campariacademy.com\/es-mx\/wp-json\/wp\/v2\/pages\/509","targetHints":{"allow":["GET"]}}],"collection":[{"href":"https:\/\/www.campariacademy.com\/es-mx\/wp-json\/wp\/v2\/pages"}],"about":[{"href":"https:\/\/www.campariacademy.com\/es-mx\/wp-json\/wp\/v2\/types\/page"}],"author":[{"embeddable":true,"href":"https:\/\/www.campariacademy.com\/es-mx\/wp-json\/wp\/v2\/users\/1"}],"replies":[{"embeddable":true,"href":"https:\/\/www.campariacademy.com\/es-mx\/wp-json\/wp\/v2\/comments?post=509"}],"version-history":[{"count":1,"href":"https:\/\/www.campariacademy.com\/es-mx\/wp-json\/wp\/v2\/pages\/509\/revisions"}],"predecessor-version":[{"id":1089,"href":"https:\/\/www.campariacademy.com\/es-mx\/wp-json\/wp\/v2\/pages\/509\/revisions\/1089"}],"wp:attachment":[{"href":"https:\/\/www.campariacademy.com\/es-mx\/wp-json\/wp\/v2\/media?parent=509"}],"curies":[{"name":"wp","href":"https:\/\/api.w.org\/{rel}","templated":true}]}}