{"id":519,"date":"2022-04-25T23:46:06","date_gmt":"2022-04-25T23:46:06","guid":{"rendered":"https:\/\/www.campariacademy.com\/es-mx\/?page_id=519"},"modified":"2024-01-24T14:39:42","modified_gmt":"2024-01-24T17:39:42","slug":"contactanos","status":"publish","type":"page","link":"https:\/\/www.campariacademy.com\/es-mx\/contactanos\/","title":{"rendered":"Cont\u00e1ctanos"},"content":{"rendered":"<h3>Preguntas Frecuentes<\/h3>\n<ul>\n<li>\n<h4>\u00bfQu\u00e9 es Campari Academy?<\/h4>\n<\/li>\n<\/ul>\n<p>Somos los guardianes de una t\u00e9cnica de excelencia. Utilizamos la ciencia para transformar los elementos, dosificamos nuestro conocimiento para crear nuevos mundos. Para nosotros, la creatividad no tiene l\u00edmites, incluso cuando est\u00e1 contenida en el espacio de una copa. Solo necesitamos mirar para comprender a qui\u00e9n tenemos frente y una sonrisa para hacer que se sienta bien. Es nuestra habilidad. Ofrecer lo que a\u00fan no sabe que desea y despertar recuerdos olvidados. Somos estudiantes de un conocimiento que nos es transmitido y maestros de un arte en evoluci\u00f3n. En nuestras manos, el pasado de toda una cultura. En nuestros gestos, las semillas de una nueva historia. Tenemos el don de ser excepcionales y la tenacidad para perfeccionarnos. Somos la academia del talento. Impulsados por una pasi\u00f3n que nos inspira a ser los mejores.<\/p>\n<ul>\n<li>\n<h4>He completado un m\u00f3dulo y no he recibido un certificado, \u00bfqu\u00e9 podr\u00eda haber sucedido?<\/h4>\n<\/li>\n<\/ul>\n<p>Para recibir el certificado es necesario que obtengas un 70% de aprobaci\u00f3n en la Prueba de Conocimiento. Para acceder a la Prueba, ingresa a la \u00faltima clase del m\u00f3dulo y haz clic en &#8220;QUIZ&#8221;.<\/p>\n<ul>\n<li>\n<h4>\u00bfQu\u00e9 m\u00f3dulos ofrecen certificados?<\/h4>\n<\/li>\n<\/ul>\n<p>Los m\u00f3dulos que permiten obtener certificados son #Bar01, #Bar02, #Bar03 y #Bar04. Al completar el m\u00f3dulo Historia de las Marcas no recibir\u00e1 un certificado, solo puntos.<\/p>\n<ul>\n<li>\n<h4>\u00bfC\u00f3mo se obtienen las insignias?<\/h4>\n<\/li>\n<\/ul>\n<p>Las insignias se pueden obtener al completar categor\u00edas de contenido dentro de un m\u00f3dulo. Tambi\u00e9n se otorgan insignias al completar el m\u00f3dulo Historia de las Marcas; despu\u00e9s de acceder por primera vez a la plataforma; al iniciar la primera clase; y cuando el usuario finaliza los m\u00f3dulos 3 y 4.<\/p>\n<h3>Contacto<\/h3>\n<p>Si a\u00fan tiene preguntas o si desea expresar un elogio o cr\u00edtica, env\u00ede un correo electr\u00f3nico a <a href=\"mailto:suporte@digitalcampari.com.br\">suporte@digitalcampari.com.br<\/a>.<\/p>\n<p>&nbsp;<\/p>\n","protected":false},"excerpt":{"rendered":"<p>Preguntas Frecuentes \u00bfQu\u00e9 es Campari Academy? Somos los guardianes de una t\u00e9cnica de excelencia. Utilizamos la ciencia para transformar los elementos, dosificamos nuestro conocimiento para crear nuevos mundos. Para nosotros, la creatividad no tiene l\u00edmites, incluso cuando est\u00e1 contenida en el espacio de una copa. Solo necesitamos mirar para comprender a qui\u00e9n tenemos frente y [&hellip;]<\/p>\n","protected":false},"author":1,"featured_media":0,"parent":0,"menu_order":0,"comment_status":"closed","ping_status":"closed","template":"","meta":{"_acf_changed":false,"footnotes":""},"class_list":["post-519","page","type-page","status-publish","hentry"],"acf":[],"yoast_head":"<!-- This site is optimized with the Yoast SEO plugin v26.9 - https:\/\/yoast.com\/product\/yoast-seo-wordpress\/ -->\n<title>Cont\u00e1ctanos - Campari Academy<\/title>\n<meta name=\"description\" content=\"Entre em contato com o time Campari Academy Brasil.\" \/>\n<meta name=\"robots\" content=\"index, follow, max-snippet:-1, max-image-preview:large, max-video-preview:-1\" \/>\n<link rel=\"canonical\" href=\"https:\/\/www.campariacademy.com\/es-mx\/contactanos\/\" \/>\n<meta property=\"og:locale\" content=\"es_MX\" \/>\n<meta property=\"og:type\" content=\"article\" \/>\n<meta property=\"og:title\" content=\"Cont\u00e1ctanos - Campari Academy\" \/>\n<meta property=\"og:description\" content=\"Entre em contato com o time Campari Academy Brasil.\" \/>\n<meta property=\"og:url\" content=\"https:\/\/www.campariacademy.com\/es-mx\/contactanos\/\" \/>\n<meta property=\"og:site_name\" content=\"Campari Academy\" \/>\n<meta property=\"article:modified_time\" content=\"2024-01-24T17:39:42+00:00\" \/>\n<meta name=\"twitter:card\" content=\"summary_large_image\" \/>\n<meta name=\"twitter:label1\" content=\"Tiempo de lectura\" \/>\n\t<meta name=\"twitter:data1\" content=\"2 minutos\" \/>\n<script type=\"application\/ld+json\" class=\"yoast-schema-graph\">{\"@context\":\"https:\/\/schema.org\",\"@graph\":[{\"@type\":\"WebPage\",\"@id\":\"https:\/\/www.campariacademy.com\/es-mx\/contactanos\/\",\"url\":\"https:\/\/www.campariacademy.com\/es-mx\/contactanos\/\",\"name\":\"Cont\u00e1ctanos - Campari Academy\",\"isPartOf\":{\"@id\":\"https:\/\/www.campariacademy.com\/es-mx\/#website\"},\"datePublished\":\"2022-04-25T23:46:06+00:00\",\"dateModified\":\"2024-01-24T17:39:42+00:00\",\"description\":\"Entre em contato com o time Campari Academy Brasil.\",\"inLanguage\":\"es\",\"potentialAction\":[{\"@type\":\"ReadAction\",\"target\":[\"https:\/\/www.campariacademy.com\/es-mx\/contactanos\/\"]}]},{\"@type\":\"WebSite\",\"@id\":\"https:\/\/www.campariacademy.com\/es-mx\/#website\",\"url\":\"https:\/\/www.campariacademy.com\/es-mx\/\",\"name\":\"Campari Academy\",\"description\":\"\",\"publisher\":{\"@id\":\"https:\/\/www.campariacademy.com\/es-mx\/#organization\"},\"potentialAction\":[{\"@type\":\"SearchAction\",\"target\":{\"@type\":\"EntryPoint\",\"urlTemplate\":\"https:\/\/www.campariacademy.com\/es-mx\/?s={search_term_string}\"},\"query-input\":{\"@type\":\"PropertyValueSpecification\",\"valueRequired\":true,\"valueName\":\"search_term_string\"}}],\"inLanguage\":\"es\"},{\"@type\":\"Organization\",\"@id\":\"https:\/\/www.campariacademy.com\/es-mx\/#organization\",\"name\":\"Campari Academy\",\"url\":\"https:\/\/www.campariacademy.com\/es-mx\/\",\"logo\":{\"@type\":\"ImageObject\",\"inLanguage\":\"es\",\"@id\":\"https:\/\/www.campariacademy.com\/es-mx\/#\/schema\/logo\/image\/\",\"url\":\"https:\/\/www.campariacademy.com\/es-mx\/wp-content\/uploads\/sites\/12\/2022\/12\/campariacademy-logo-500.jpeg\",\"contentUrl\":\"https:\/\/www.campariacademy.com\/es-mx\/wp-content\/uploads\/sites\/12\/2022\/12\/campariacademy-logo-500.jpeg\",\"width\":500,\"height\":185,\"caption\":\"Campari Academy\"},\"image\":{\"@id\":\"https:\/\/www.campariacademy.com\/es-mx\/#\/schema\/logo\/image\/\"}}]}<\/script>\n<!-- \/ Yoast SEO plugin. -->","yoast_head_json":{"title":"Cont\u00e1ctanos - Campari Academy","description":"Entre em contato com o time Campari Academy Brasil.","robots":{"index":"index","follow":"follow","max-snippet":"max-snippet:-1","max-image-preview":"max-image-preview:large","max-video-preview":"max-video-preview:-1"},"canonical":"https:\/\/www.campariacademy.com\/es-mx\/contactanos\/","og_locale":"es_MX","og_type":"article","og_title":"Cont\u00e1ctanos - Campari Academy","og_description":"Entre em contato com o time Campari Academy Brasil.","og_url":"https:\/\/www.campariacademy.com\/es-mx\/contactanos\/","og_site_name":"Campari Academy","article_modified_time":"2024-01-24T17:39:42+00:00","twitter_card":"summary_large_image","twitter_misc":{"Tiempo de lectura":"2 minutos"},"schema":{"@context":"https:\/\/schema.org","@graph":[{"@type":"WebPage","@id":"https:\/\/www.campariacademy.com\/es-mx\/contactanos\/","url":"https:\/\/www.campariacademy.com\/es-mx\/contactanos\/","name":"Cont\u00e1ctanos - Campari Academy","isPartOf":{"@id":"https:\/\/www.campariacademy.com\/es-mx\/#website"},"datePublished":"2022-04-25T23:46:06+00:00","dateModified":"2024-01-24T17:39:42+00:00","description":"Entre em contato com o time Campari Academy Brasil.","inLanguage":"es","potentialAction":[{"@type":"ReadAction","target":["https:\/\/www.campariacademy.com\/es-mx\/contactanos\/"]}]},{"@type":"WebSite","@id":"https:\/\/www.campariacademy.com\/es-mx\/#website","url":"https:\/\/www.campariacademy.com\/es-mx\/","name":"Campari Academy","description":"","publisher":{"@id":"https:\/\/www.campariacademy.com\/es-mx\/#organization"},"potentialAction":[{"@type":"SearchAction","target":{"@type":"EntryPoint","urlTemplate":"https:\/\/www.campariacademy.com\/es-mx\/?s={search_term_string}"},"query-input":{"@type":"PropertyValueSpecification","valueRequired":true,"valueName":"search_term_string"}}],"inLanguage":"es"},{"@type":"Organization","@id":"https:\/\/www.campariacademy.com\/es-mx\/#organization","name":"Campari Academy","url":"https:\/\/www.campariacademy.com\/es-mx\/","logo":{"@type":"ImageObject","inLanguage":"es","@id":"https:\/\/www.campariacademy.com\/es-mx\/#\/schema\/logo\/image\/","url":"https:\/\/www.campariacademy.com\/es-mx\/wp-content\/uploads\/sites\/12\/2022\/12\/campariacademy-logo-500.jpeg","contentUrl":"https:\/\/www.campariacademy.com\/es-mx\/wp-content\/uploads\/sites\/12\/2022\/12\/campariacademy-logo-500.jpeg","width":500,"height":185,"caption":"Campari Academy"},"image":{"@id":"https:\/\/www.campariacademy.com\/es-mx\/#\/schema\/logo\/image\/"}}]}},"_links":{"self":[{"href":"https:\/\/www.campariacademy.com\/es-mx\/wp-json\/wp\/v2\/pages\/519","targetHints":{"allow":["GET"]}}],"collection":[{"href":"https:\/\/www.campariacademy.com\/es-mx\/wp-json\/wp\/v2\/pages"}],"about":[{"href":"https:\/\/www.campariacademy.com\/es-mx\/wp-json\/wp\/v2\/types\/page"}],"author":[{"embeddable":true,"href":"https:\/\/www.campariacademy.com\/es-mx\/wp-json\/wp\/v2\/users\/1"}],"replies":[{"embeddable":true,"href":"https:\/\/www.campariacademy.com\/es-mx\/wp-json\/wp\/v2\/comments?post=519"}],"version-history":[{"count":14,"href":"https:\/\/www.campariacademy.com\/es-mx\/wp-json\/wp\/v2\/pages\/519\/revisions"}],"predecessor-version":[{"id":3837,"href":"https:\/\/www.campariacademy.com\/es-mx\/wp-json\/wp\/v2\/pages\/519\/revisions\/3837"}],"wp:attachment":[{"href":"https:\/\/www.campariacademy.com\/es-mx\/wp-json\/wp\/v2\/media?parent=519"}],"curies":[{"name":"wp","href":"https:\/\/api.w.org\/{rel}","templated":true}]}}