{"id":3371,"date":"2025-07-31T17:20:06","date_gmt":"2025-07-31T20:20:06","guid":{"rendered":"https:\/\/www.campariacademy.com\/pt-br\/?page_id=3371"},"modified":"2025-07-31T17:24:00","modified_gmt":"2025-07-31T20:24:00","slug":"em-busca-de-localidade","status":"publish","type":"page","link":"https:\/\/www.campariacademy.com\/pt-br\/perspectivas\/temporada-3\/em-busca-de-localidade\/","title":{"rendered":"Em busca de localidade"},"content":{"rendered":"","protected":false},"excerpt":{"rendered":"","protected":false},"author":24139,"featured_media":0,"parent":3016,"menu_order":0,"comment_status":"closed","ping_status":"closed","template":"template-season-theme.php","meta":{"_acf_changed":false,"footnotes":""},"class_list":["post-3371","page","type-page","status-publish","hentry"],"acf":[],"yoast_head":"<!-- This site is optimized with the Yoast SEO plugin v26.9 - https:\/\/yoast.com\/product\/yoast-seo-wordpress\/ -->\n<title>Em busca de localidade - Campari Academy<\/title>\n<meta name=\"robots\" content=\"index, follow, max-snippet:-1, max-image-preview:large, max-video-preview:-1\" \/>\n<link rel=\"canonical\" href=\"https:\/\/www.campariacademy.com\/pt-br\/perspectivas\/temporada-3\/em-busca-de-localidade\/\" \/>\n<meta property=\"og:locale\" content=\"pt_BR\" \/>\n<meta property=\"og:type\" content=\"article\" \/>\n<meta property=\"og:title\" content=\"Em busca de localidade - Campari Academy\" \/>\n<meta property=\"og:url\" content=\"https:\/\/www.campariacademy.com\/pt-br\/perspectivas\/temporada-3\/em-busca-de-localidade\/\" \/>\n<meta property=\"og:site_name\" content=\"Campari Academy\" \/>\n<meta property=\"article:modified_time\" content=\"2025-07-31T20:24:00+00:00\" \/>\n<meta name=\"twitter:card\" content=\"summary_large_image\" \/>\n<script type=\"application\/ld+json\" class=\"yoast-schema-graph\">{\"@context\":\"https:\/\/schema.org\",\"@graph\":[{\"@type\":\"WebPage\",\"@id\":\"https:\/\/www.campariacademy.com\/pt-br\/perspectivas\/temporada-3\/em-busca-de-localidade\/\",\"url\":\"https:\/\/www.campariacademy.com\/pt-br\/perspectivas\/temporada-3\/em-busca-de-localidade\/\",\"name\":\"Em busca de localidade - Campari Academy\",\"isPartOf\":{\"@id\":\"https:\/\/www.campariacademy.com\/pt-br\/#website\"},\"datePublished\":\"2025-07-31T20:20:06+00:00\",\"dateModified\":\"2025-07-31T20:24:00+00:00\",\"breadcrumb\":{\"@id\":\"https:\/\/www.campariacademy.com\/pt-br\/perspectivas\/temporada-3\/em-busca-de-localidade\/#breadcrumb\"},\"inLanguage\":\"pt-BR\",\"potentialAction\":[{\"@type\":\"ReadAction\",\"target\":[\"https:\/\/www.campariacademy.com\/pt-br\/perspectivas\/temporada-3\/em-busca-de-localidade\/\"]}]},{\"@type\":\"BreadcrumbList\",\"@id\":\"https:\/\/www.campariacademy.com\/pt-br\/perspectivas\/temporada-3\/em-busca-de-localidade\/#breadcrumb\",\"itemListElement\":[{\"@type\":\"ListItem\",\"position\":1,\"name\":\"Perspectivas\",\"item\":\"https:\/\/www.campariacademy.com\/pt-br\/perspectivas\/\"},{\"@type\":\"ListItem\",\"position\":2,\"name\":\"Temporada 3\",\"item\":\"https:\/\/www.campariacademy.com\/pt-br\/perspectivas\/temporada-3\/\"},{\"@type\":\"ListItem\",\"position\":3,\"name\":\"Em busca de localidade\"}]},{\"@type\":\"WebSite\",\"@id\":\"https:\/\/www.campariacademy.com\/pt-br\/#website\",\"url\":\"https:\/\/www.campariacademy.com\/pt-br\/\",\"name\":\"Campari Academy\",\"description\":\"Uma plataforma de informa\u00e7\u00e3o, forma\u00e7\u00e3o e inspira\u00e7\u00e3o para os bartenders de todo Brasil\",\"publisher\":{\"@id\":\"https:\/\/www.campariacademy.com\/pt-br\/#organization\"},\"potentialAction\":[{\"@type\":\"SearchAction\",\"target\":{\"@type\":\"EntryPoint\",\"urlTemplate\":\"https:\/\/www.campariacademy.com\/pt-br\/?s={search_term_string}\"},\"query-input\":{\"@type\":\"PropertyValueSpecification\",\"valueRequired\":true,\"valueName\":\"search_term_string\"}}],\"inLanguage\":\"pt-BR\"},{\"@type\":\"Organization\",\"@id\":\"https:\/\/www.campariacademy.com\/pt-br\/#organization\",\"name\":\"Campari Academy\",\"url\":\"https:\/\/www.campariacademy.com\/pt-br\/\",\"logo\":{\"@type\":\"ImageObject\",\"inLanguage\":\"pt-BR\",\"@id\":\"https:\/\/www.campariacademy.com\/pt-br\/#\/schema\/logo\/image\/\",\"url\":\"https:\/\/www.campariacademy.com\/pt-br\/wp-content\/uploads\/sites\/5\/2022\/12\/campariacademy-logo-500.jpeg\",\"contentUrl\":\"https:\/\/www.campariacademy.com\/pt-br\/wp-content\/uploads\/sites\/5\/2022\/12\/campariacademy-logo-500.jpeg\",\"width\":500,\"height\":185,\"caption\":\"Campari Academy\"},\"image\":{\"@id\":\"https:\/\/www.campariacademy.com\/pt-br\/#\/schema\/logo\/image\/\"}}]}<\/script>\n<!-- \/ Yoast SEO plugin. -->","yoast_head_json":{"title":"Em busca de localidade - Campari Academy","robots":{"index":"index","follow":"follow","max-snippet":"max-snippet:-1","max-image-preview":"max-image-preview:large","max-video-preview":"max-video-preview:-1"},"canonical":"https:\/\/www.campariacademy.com\/pt-br\/perspectivas\/temporada-3\/em-busca-de-localidade\/","og_locale":"pt_BR","og_type":"article","og_title":"Em busca de localidade - Campari Academy","og_url":"https:\/\/www.campariacademy.com\/pt-br\/perspectivas\/temporada-3\/em-busca-de-localidade\/","og_site_name":"Campari Academy","article_modified_time":"2025-07-31T20:24:00+00:00","twitter_card":"summary_large_image","schema":{"@context":"https:\/\/schema.org","@graph":[{"@type":"WebPage","@id":"https:\/\/www.campariacademy.com\/pt-br\/perspectivas\/temporada-3\/em-busca-de-localidade\/","url":"https:\/\/www.campariacademy.com\/pt-br\/perspectivas\/temporada-3\/em-busca-de-localidade\/","name":"Em busca de localidade - Campari Academy","isPartOf":{"@id":"https:\/\/www.campariacademy.com\/pt-br\/#website"},"datePublished":"2025-07-31T20:20:06+00:00","dateModified":"2025-07-31T20:24:00+00:00","breadcrumb":{"@id":"https:\/\/www.campariacademy.com\/pt-br\/perspectivas\/temporada-3\/em-busca-de-localidade\/#breadcrumb"},"inLanguage":"pt-BR","potentialAction":[{"@type":"ReadAction","target":["https:\/\/www.campariacademy.com\/pt-br\/perspectivas\/temporada-3\/em-busca-de-localidade\/"]}]},{"@type":"BreadcrumbList","@id":"https:\/\/www.campariacademy.com\/pt-br\/perspectivas\/temporada-3\/em-busca-de-localidade\/#breadcrumb","itemListElement":[{"@type":"ListItem","position":1,"name":"Perspectivas","item":"https:\/\/www.campariacademy.com\/pt-br\/perspectivas\/"},{"@type":"ListItem","position":2,"name":"Temporada 3","item":"https:\/\/www.campariacademy.com\/pt-br\/perspectivas\/temporada-3\/"},{"@type":"ListItem","position":3,"name":"Em busca de localidade"}]},{"@type":"WebSite","@id":"https:\/\/www.campariacademy.com\/pt-br\/#website","url":"https:\/\/www.campariacademy.com\/pt-br\/","name":"Campari Academy","description":"Uma plataforma de informa\u00e7\u00e3o, forma\u00e7\u00e3o e inspira\u00e7\u00e3o para os bartenders de todo Brasil","publisher":{"@id":"https:\/\/www.campariacademy.com\/pt-br\/#organization"},"potentialAction":[{"@type":"SearchAction","target":{"@type":"EntryPoint","urlTemplate":"https:\/\/www.campariacademy.com\/pt-br\/?s={search_term_string}"},"query-input":{"@type":"PropertyValueSpecification","valueRequired":true,"valueName":"search_term_string"}}],"inLanguage":"pt-BR"},{"@type":"Organization","@id":"https:\/\/www.campariacademy.com\/pt-br\/#organization","name":"Campari Academy","url":"https:\/\/www.campariacademy.com\/pt-br\/","logo":{"@type":"ImageObject","inLanguage":"pt-BR","@id":"https:\/\/www.campariacademy.com\/pt-br\/#\/schema\/logo\/image\/","url":"https:\/\/www.campariacademy.com\/pt-br\/wp-content\/uploads\/sites\/5\/2022\/12\/campariacademy-logo-500.jpeg","contentUrl":"https:\/\/www.campariacademy.com\/pt-br\/wp-content\/uploads\/sites\/5\/2022\/12\/campariacademy-logo-500.jpeg","width":500,"height":185,"caption":"Campari Academy"},"image":{"@id":"https:\/\/www.campariacademy.com\/pt-br\/#\/schema\/logo\/image\/"}}]}},"_links":{"self":[{"href":"https:\/\/www.campariacademy.com\/pt-br\/wp-json\/wp\/v2\/pages\/3371","targetHints":{"allow":["GET"]}}],"collection":[{"href":"https:\/\/www.campariacademy.com\/pt-br\/wp-json\/wp\/v2\/pages"}],"about":[{"href":"https:\/\/www.campariacademy.com\/pt-br\/wp-json\/wp\/v2\/types\/page"}],"author":[{"embeddable":true,"href":"https:\/\/www.campariacademy.com\/pt-br\/wp-json\/wp\/v2\/users\/24139"}],"replies":[{"embeddable":true,"href":"https:\/\/www.campariacademy.com\/pt-br\/wp-json\/wp\/v2\/comments?post=3371"}],"version-history":[{"count":2,"href":"https:\/\/www.campariacademy.com\/pt-br\/wp-json\/wp\/v2\/pages\/3371\/revisions"}],"predecessor-version":[{"id":3373,"href":"https:\/\/www.campariacademy.com\/pt-br\/wp-json\/wp\/v2\/pages\/3371\/revisions\/3373"}],"up":[{"embeddable":true,"href":"https:\/\/www.campariacademy.com\/pt-br\/wp-json\/wp\/v2\/pages\/3016"}],"wp:attachment":[{"href":"https:\/\/www.campariacademy.com\/pt-br\/wp-json\/wp\/v2\/media?parent=3371"}],"curies":[{"name":"wp","href":"https:\/\/api.w.org\/{rel}","templated":true}]}}