{"id":363,"date":"2022-04-17T15:11:02","date_gmt":"2022-04-17T18:11:02","guid":{"rendered":"https:\/\/www.campariacademy.com\/pt-br\/?page_id=363"},"modified":"2022-12-16T18:38:54","modified_gmt":"2022-12-16T21:38:54","slug":"terms-conditions","status":"publish","type":"page","link":"https:\/\/www.campariacademy.com\/pt-br\/terms-conditions\/","title":{"rendered":"Termos e condi\u00e7\u00f5es"},"content":{"rendered":"<h2>Termos de uso<\/h2>\n<p>O conte\u00fado desta p\u00e1gina \u00e9 publicado pela Davide Campari-Milano N.V., com sede na Via Franco Sacchetti 20, 20099 Sesto San Giovanni (MI), It\u00e1lia (doravante com suas afiliadas, \u201cGruppo Campari\u201d) para fins de informa\u00e7\u00e3o exclusiva, com vista a melhorar o conhecimento do Gruppo Campari e suas marcas.<br \/>\nAntes de navegar e utilizar a P\u00e1gina de Rede, pedimos que leia atentamente todos os termos e condi\u00e7\u00f5es de acesso mostrados abaixo, uma vez que o consentimento fornecido de sua parte na p\u00e1gina inicial ou, em qualquer caso, a utiliza\u00e7\u00e3o geral da P\u00e1gina de Rede, envolve a aceita\u00e7\u00e3o integral dos referidos termos e condi\u00e7\u00f5es. Note que voc\u00ea estar\u00e1 vinculado \u00e0 referida aceita\u00e7\u00e3o de sua parte.<br \/>\nSe, pelo contr\u00e1rio, voc\u00ea discordar quanto aos referidos termos e condi\u00e7\u00f5es, n\u00e3o estando, portanto, disposto a ser vinculado a eles, voc\u00ea ser\u00e1 gentilmente convidado a sair da p\u00e1gina.<br \/>\nAl\u00e9m disso, voc\u00ea ser\u00e1 gentilmente convidado a sair da p\u00e1gina, caso n\u00e3o seja maior de idade no que diz respeito ao consumo de bebidas alco\u00f3licas no pa\u00eds em que voc\u00ea est\u00e1 localizado, ou seja, se voc\u00ea estiver em um pa\u00eds no qual o uso ou o acesso exclusivo ao conte\u00fado da P\u00e1gina de Rede n\u00e3o s\u00e3o permitidos por lei.<br \/>\nO Gruppo Campari pode variar livremente os termos e condi\u00e7\u00f5es de acesso \u00e0 Pagina de Rede sempre que julgar conveniente, sem necessidade de qualquer per\u00edodo de aviso pr\u00e9vio e, portanto, ser\u00e1 de responsabilidade exclusiva do usu\u00e1rio com acesso \u00e0 P\u00e1gina de Rede ler os termos e as condi\u00e7\u00f5es a cada novo acesso.<\/p>\n<h3>Marcas registradas e outros direitos de propriedade intelectual<\/h3>\n<p>O Gruppo Campari \u00e9 o propriet\u00e1rio exclusivo ou o usu\u00e1rio legal do conte\u00fado da P\u00e1gina de Rede, incluindo, entre outras coisas, projetos, extratos, imagens, \u00e1udio e v\u00eddeo.<br \/>\nTodas as marcas registradas mostradas, nominativas ou figurativas, s\u00e3o de propriedade exclusiva do Gruppo Campari ou de suas empresas controladas, ou referem-se a produtos que o Gruppo Campari distribui em nome de outras empresas com base em acordos comerciais.<br \/>\nTodas as marcas registradas s\u00e3o arquivadas junto \u00e0s autoridades italianas ou internacionais relevantes e protegidas pelas leis de Propriedade Intelectual aplic\u00e1veis.<br \/>\nQualquer uso ou reprodu\u00e7\u00e3o de qualquer tipo ser\u00e1 proibida em caso de falta de autoriza\u00e7\u00e3o por escrito dos titulares dos direitos de marca relevantes.<br \/>\nQualquer conte\u00fado desta P\u00e1gina de Rede pode ser impresso diretamente ou atrav\u00e9s de terceiros, desde que o uso do material baixado seja exclusivamente para fins pessoais e n\u00e3o para fins comerciais e que o referido material n\u00e3o seja de forma alguma alterado e, em especial, desde que nenhuma refer\u00eancia de direitos autorais seja colocada no referido material baixado, como &#8220;\u00a9 Davide Gruppo Campari-Milano N.V. 2004\u2033 ou qualquer outra indica\u00e7\u00e3o de exclusividade que possa eventualmente ser inserida.<\/p>\n<h3>Limita\u00e7\u00e3o de Responsabilidade<\/h3>\n<p>Qualquer usu\u00e1rio que tenha acesso \u00e0 P\u00e1gina de Rede ser\u00e1 o \u00fanico e exclusivo respons\u00e1vel por sua utiliza\u00e7\u00e3o e navega\u00e7\u00e3o.<br \/>\nO Gruppo Campari compromete-se a fornecer acesso cont\u00ednuo \u00e0 P\u00e1gina de Rede aos usu\u00e1rios que possam navegar legalmente no P\u00e1gina de Rede, al\u00e9m de fornecer informa\u00e7\u00f5es atualizadas.<br \/>\nNo entanto, a P\u00e1gina de Rede e seu conte\u00fado s\u00e3o fornecidos e aceitos conforme aparecem, sem qualquer garantia, impl\u00edcita ou expressa, no que diz respeito ao funcionamento da P\u00e1gina de Rede ou \u00e0 falha por v\u00edrus, \u00e0 precis\u00e3o dos servi\u00e7os oferecidos e\/ou \u00e0 exatid\u00e3o e \u00e0 integridade das informa\u00e7\u00f5es publicadas na referida P\u00e1gina de Rede.<br \/>\nPortanto, o Gruppo Campari, suas controladas e seus diretores, gerentes e colaboradores n\u00e3o ser\u00e3o respons\u00e1veis por qualquer eventual erro, imprecis\u00e3o ou omiss\u00e3o relativa ao material inclu\u00eddo na P\u00e1gina de Rede, nem ser\u00e3o respons\u00e1veis por eventuais danos de qualquer tipo resultantes do acesso ou da navega\u00e7\u00e3o relevante ou da impossibilidade de seu uso, bem como n\u00e3o ser\u00e3o respons\u00e1veis pela confiabilidade colocada no material inclu\u00eddo na P\u00e1gina de Rede.<br \/>\nO Gruppo Campari reserva-se o direito de suspender o acesso \u00e0 P\u00e1gina de Rede ou a qualquer desativa\u00e7\u00e3o que possa impedir a consulta de um problema ou de uma parte da P\u00e1gina de Rede a qualquer momento, sem necessidade de aviso pr\u00e9vio.<br \/>\nAs refer\u00eancias feitas a um determinado produto ou servi\u00e7o n\u00e3o implicar\u00e3o que o Gruppo Campari pretenda garantir que esse produto ou servi\u00e7o esteja dispon\u00edvel em todos os pa\u00edses.<\/p>\n<h3>Comunica\u00e7\u00f5es para a P\u00e1gina de Rede<\/h3>\n<p>Qualquer comunica\u00e7\u00e3o ou qualquer outro material enviado para a P\u00e1gina de Rede, seja por mensagem eletr\u00f4nica ou por qualquer outro meio, ser\u00e1 tratado como n\u00e3o confidencial; portanto, \u00e9 gentilmente solicitado que voc\u00ea n\u00e3o envie informa\u00e7\u00f5es que possa desejar manter confidenciais.<br \/>\nA comunica\u00e7\u00e3o de informa\u00e7\u00f5es ou de qualquer outro material envolve o reconhecimento em benef\u00edcio do Gruppo Campari quanto a uma autoriza\u00e7\u00e3o gratuita e irrevog\u00e1vel para utilizar, reproduzir, modificar, publicar, traduzir, distribuir ou mostrar o que recebeu, tamb\u00e9m de forma n\u00e3o exclusiva, sozinho ou como parte de outro projeto, de qualquer forma e por qualquer meio ou tecnologia.<br \/>\nVoc\u00ea reconhece que o Gruppo Campari estar\u00e1 livre para utilizar o material enviado \u00e0 P\u00e1gina de Rede para qualquer finalidade, incluindo o desenvolvimento, fabrica\u00e7\u00e3o e venda de produtos.<br \/>\nO Gruppo Campari n\u00e3o reconhece qualquer tipo de compensa\u00e7\u00e3o pelo material enviado independentemente de sua utiliza\u00e7\u00e3o efetuada.<br \/>\nO Gruppo Campari n\u00e3o realiza qualquer sele\u00e7\u00e3o ou qualquer controle sobre o conte\u00fado enviado \u00e0 P\u00e1gina de Rede por terceiros e n\u00e3o ser\u00e1 respons\u00e1vel pela sele\u00e7\u00e3o e\/ou pelo controle do referido material; portanto, o Gruppo Campari n\u00e3o assume de forma alguma qualquer responsabilidade ou obriga\u00e7\u00e3o em rela\u00e7\u00e3o a ele.<\/p>\n<h3>Informa\u00e7\u00f5es coletadas automaticamente<\/h3>\n<p>Sempre que acessar a P\u00e1gina de Rede, seu navegador transferir\u00e1 automaticamente o endere\u00e7o do Protocolo da Internet, juntamente com determinadas informa\u00e7\u00f5es, tais como o tipo de navegador utilizado e a data e a hora de acesso \u00e0 P\u00e0gfina de Rede, a fim de adaptar sua navega\u00e7\u00e3o, mostrar-lhe conte\u00fados preferidos personalizados e para sua pr\u00f3pria administra\u00e7\u00e3o.<br \/>\nAl\u00e9m disso, esteja ciente de que informa\u00e7\u00f5es por meio de &#8220;cookies&#8221; podem ser coletadas.<br \/>\nOs cookies fornecem informa\u00e7\u00f5es sobre qualquer acesso anterior \u00e0 P\u00e1gina de Rede e, em caso afirmativo, as p\u00e1ginas visitadas espec\u00edficas; no entanto, elas n\u00e3o ser\u00e3o utilizadas para coletar informa\u00e7\u00f5es pessoais destinadas a entrar em contato com voc\u00ea ou informa\u00e7\u00f5es de seu computador.<br \/>\nContudo, com a maioria dos navegadores da Internet, \u00e9 poss\u00edvel cancelar ou bloquear os cookies ou receber um aviso antes de eles serem gravados no computador.<\/p>\n<h3>Link para outras p\u00e1ginas de rede<\/h3>\n<p>A P\u00e1gina de Rede pode incluir endere\u00e7os para p\u00e1ginas de terceiros.<br \/>\nOs referidos endere\u00e7os n\u00e3o implicar\u00e3o de forma alguma que o Gruppo Campari conceda ou aprove o conte\u00fado das referidas p\u00e1ginas. O Gruppo Campari n\u00e3o ser\u00e1 de forma alguma respons\u00e1vel por seu conte\u00fado.<br \/>\nVoc\u00ea ser\u00e1 direta e exclusivamente respons\u00e1vel pelo acesso e pela navega\u00e7\u00e3o em todos as referidas p\u00e1ginas. Fica entendido que o Gruppo Campari n\u00e3o ser\u00e1 de forma alguma respons\u00e1vel pelos termos e condi\u00e7\u00f5es estabelecidos por outras empresas. Qualquer usu\u00e1rio que deseje incluir em sua pr\u00f3pria &#8220;p\u00e1gina inicial&#8221; um endere\u00e7o de uma P\u00e1gina de Rede dever\u00e1 solicitar expressamente um formul\u00e1rio de autoriza\u00e7\u00e3o formal para o Gruppo Campari, no seguinte endere\u00e7o de eletr\u00f4nico: communications@campari.com<\/p>\n<h3>Lei e Jurisdi\u00e7\u00e3o Aplic\u00e1vel<\/h3>\n<p>Os termos e as condi\u00e7\u00f5es de acesso \u00e0 P\u00e1gina de Rede ser\u00e3o regidos e interpretados em conformidade com as leis italianas.<br \/>\nVoc\u00ea concorda irrevogavelmente que os tribunais italianos sejam a jurisdi\u00e7\u00e3o competente no caso de qualquer disputa decorrente ou relacionada aos referidos termos e condi\u00e7\u00f5es e \u00e0 sua navega\u00e7\u00e3o ou utiliza\u00e7\u00e3o da P\u00e1gina de Rede.<\/p>\n","protected":false},"excerpt":{"rendered":"<p>Termos de uso O conte\u00fado desta p\u00e1gina \u00e9 publicado pela Davide Campari-Milano N.V., com sede na Via Franco Sacchetti 20, 20099 Sesto San Giovanni (MI), It\u00e1lia (doravante com suas afiliadas, \u201cGruppo Campari\u201d) para fins de informa\u00e7\u00e3o exclusiva, com vista a melhorar o conhecimento do Gruppo Campari e suas marcas. Antes de navegar e utilizar a [&hellip;]<\/p>\n","protected":false},"author":1,"featured_media":0,"parent":0,"menu_order":0,"comment_status":"closed","ping_status":"closed","template":"","meta":{"_acf_changed":false,"footnotes":""},"class_list":["post-363","page","type-page","status-publish","hentry"],"acf":[],"yoast_head":"<!-- This site is optimized with the Yoast SEO plugin v26.9 - https:\/\/yoast.com\/product\/yoast-seo-wordpress\/ -->\n<title>Termos e condi\u00e7\u00f5es - Campari Academy<\/title>\n<meta name=\"robots\" content=\"index, follow, max-snippet:-1, max-image-preview:large, max-video-preview:-1\" \/>\n<link rel=\"canonical\" href=\"https:\/\/www.campariacademy.com\/pt-br\/terms-conditions\/\" \/>\n<meta property=\"og:locale\" content=\"pt_BR\" \/>\n<meta property=\"og:type\" content=\"article\" \/>\n<meta property=\"og:title\" content=\"Termos e condi\u00e7\u00f5es - Campari Academy\" \/>\n<meta property=\"og:description\" content=\"Termos de uso O conte\u00fado desta p\u00e1gina \u00e9 publicado pela Davide Campari-Milano N.V., com sede na Via Franco Sacchetti 20, 20099 Sesto San Giovanni (MI), It\u00e1lia (doravante com suas afiliadas, \u201cGruppo Campari\u201d) para fins de informa\u00e7\u00e3o exclusiva, com vista a melhorar o conhecimento do Gruppo Campari e suas marcas. Antes de navegar e utilizar a [&hellip;]\" \/>\n<meta property=\"og:url\" content=\"https:\/\/www.campariacademy.com\/pt-br\/terms-conditions\/\" \/>\n<meta property=\"og:site_name\" content=\"Campari Academy\" \/>\n<meta property=\"article:modified_time\" content=\"2022-12-16T21:38:54+00:00\" \/>\n<meta name=\"twitter:card\" content=\"summary_large_image\" \/>\n<meta name=\"twitter:label1\" content=\"Est. tempo de leitura\" \/>\n\t<meta name=\"twitter:data1\" content=\"7 minutos\" \/>\n<script type=\"application\/ld+json\" class=\"yoast-schema-graph\">{\"@context\":\"https:\/\/schema.org\",\"@graph\":[{\"@type\":\"WebPage\",\"@id\":\"https:\/\/www.campariacademy.com\/pt-br\/terms-conditions\/\",\"url\":\"https:\/\/www.campariacademy.com\/pt-br\/terms-conditions\/\",\"name\":\"Termos e condi\u00e7\u00f5es - Campari Academy\",\"isPartOf\":{\"@id\":\"https:\/\/www.campariacademy.com\/pt-br\/#website\"},\"datePublished\":\"2022-04-17T18:11:02+00:00\",\"dateModified\":\"2022-12-16T21:38:54+00:00\",\"inLanguage\":\"pt-BR\",\"potentialAction\":[{\"@type\":\"ReadAction\",\"target\":[\"https:\/\/www.campariacademy.com\/pt-br\/terms-conditions\/\"]}]},{\"@type\":\"WebSite\",\"@id\":\"https:\/\/www.campariacademy.com\/pt-br\/#website\",\"url\":\"https:\/\/www.campariacademy.com\/pt-br\/\",\"name\":\"Campari Academy\",\"description\":\"Uma plataforma de informa\u00e7\u00e3o, forma\u00e7\u00e3o e inspira\u00e7\u00e3o para os bartenders de todo Brasil\",\"publisher\":{\"@id\":\"https:\/\/www.campariacademy.com\/pt-br\/#organization\"},\"potentialAction\":[{\"@type\":\"SearchAction\",\"target\":{\"@type\":\"EntryPoint\",\"urlTemplate\":\"https:\/\/www.campariacademy.com\/pt-br\/?s={search_term_string}\"},\"query-input\":{\"@type\":\"PropertyValueSpecification\",\"valueRequired\":true,\"valueName\":\"search_term_string\"}}],\"inLanguage\":\"pt-BR\"},{\"@type\":\"Organization\",\"@id\":\"https:\/\/www.campariacademy.com\/pt-br\/#organization\",\"name\":\"Campari Academy\",\"url\":\"https:\/\/www.campariacademy.com\/pt-br\/\",\"logo\":{\"@type\":\"ImageObject\",\"inLanguage\":\"pt-BR\",\"@id\":\"https:\/\/www.campariacademy.com\/pt-br\/#\/schema\/logo\/image\/\",\"url\":\"https:\/\/www.campariacademy.com\/pt-br\/wp-content\/uploads\/sites\/5\/2022\/12\/campariacademy-logo-500.jpeg\",\"contentUrl\":\"https:\/\/www.campariacademy.com\/pt-br\/wp-content\/uploads\/sites\/5\/2022\/12\/campariacademy-logo-500.jpeg\",\"width\":500,\"height\":185,\"caption\":\"Campari Academy\"},\"image\":{\"@id\":\"https:\/\/www.campariacademy.com\/pt-br\/#\/schema\/logo\/image\/\"}}]}<\/script>\n<!-- \/ Yoast SEO plugin. -->","yoast_head_json":{"title":"Termos e condi\u00e7\u00f5es - Campari Academy","robots":{"index":"index","follow":"follow","max-snippet":"max-snippet:-1","max-image-preview":"max-image-preview:large","max-video-preview":"max-video-preview:-1"},"canonical":"https:\/\/www.campariacademy.com\/pt-br\/terms-conditions\/","og_locale":"pt_BR","og_type":"article","og_title":"Termos e condi\u00e7\u00f5es - Campari Academy","og_description":"Termos de uso O conte\u00fado desta p\u00e1gina \u00e9 publicado pela Davide Campari-Milano N.V., com sede na Via Franco Sacchetti 20, 20099 Sesto San Giovanni (MI), It\u00e1lia (doravante com suas afiliadas, \u201cGruppo Campari\u201d) para fins de informa\u00e7\u00e3o exclusiva, com vista a melhorar o conhecimento do Gruppo Campari e suas marcas. Antes de navegar e utilizar a [&hellip;]","og_url":"https:\/\/www.campariacademy.com\/pt-br\/terms-conditions\/","og_site_name":"Campari Academy","article_modified_time":"2022-12-16T21:38:54+00:00","twitter_card":"summary_large_image","twitter_misc":{"Est. tempo de leitura":"7 minutos"},"schema":{"@context":"https:\/\/schema.org","@graph":[{"@type":"WebPage","@id":"https:\/\/www.campariacademy.com\/pt-br\/terms-conditions\/","url":"https:\/\/www.campariacademy.com\/pt-br\/terms-conditions\/","name":"Termos e condi\u00e7\u00f5es - Campari Academy","isPartOf":{"@id":"https:\/\/www.campariacademy.com\/pt-br\/#website"},"datePublished":"2022-04-17T18:11:02+00:00","dateModified":"2022-12-16T21:38:54+00:00","inLanguage":"pt-BR","potentialAction":[{"@type":"ReadAction","target":["https:\/\/www.campariacademy.com\/pt-br\/terms-conditions\/"]}]},{"@type":"WebSite","@id":"https:\/\/www.campariacademy.com\/pt-br\/#website","url":"https:\/\/www.campariacademy.com\/pt-br\/","name":"Campari Academy","description":"Uma plataforma de informa\u00e7\u00e3o, forma\u00e7\u00e3o e inspira\u00e7\u00e3o para os bartenders de todo Brasil","publisher":{"@id":"https:\/\/www.campariacademy.com\/pt-br\/#organization"},"potentialAction":[{"@type":"SearchAction","target":{"@type":"EntryPoint","urlTemplate":"https:\/\/www.campariacademy.com\/pt-br\/?s={search_term_string}"},"query-input":{"@type":"PropertyValueSpecification","valueRequired":true,"valueName":"search_term_string"}}],"inLanguage":"pt-BR"},{"@type":"Organization","@id":"https:\/\/www.campariacademy.com\/pt-br\/#organization","name":"Campari Academy","url":"https:\/\/www.campariacademy.com\/pt-br\/","logo":{"@type":"ImageObject","inLanguage":"pt-BR","@id":"https:\/\/www.campariacademy.com\/pt-br\/#\/schema\/logo\/image\/","url":"https:\/\/www.campariacademy.com\/pt-br\/wp-content\/uploads\/sites\/5\/2022\/12\/campariacademy-logo-500.jpeg","contentUrl":"https:\/\/www.campariacademy.com\/pt-br\/wp-content\/uploads\/sites\/5\/2022\/12\/campariacademy-logo-500.jpeg","width":500,"height":185,"caption":"Campari Academy"},"image":{"@id":"https:\/\/www.campariacademy.com\/pt-br\/#\/schema\/logo\/image\/"}}]}},"_links":{"self":[{"href":"https:\/\/www.campariacademy.com\/pt-br\/wp-json\/wp\/v2\/pages\/363","targetHints":{"allow":["GET"]}}],"collection":[{"href":"https:\/\/www.campariacademy.com\/pt-br\/wp-json\/wp\/v2\/pages"}],"about":[{"href":"https:\/\/www.campariacademy.com\/pt-br\/wp-json\/wp\/v2\/types\/page"}],"author":[{"embeddable":true,"href":"https:\/\/www.campariacademy.com\/pt-br\/wp-json\/wp\/v2\/users\/1"}],"replies":[{"embeddable":true,"href":"https:\/\/www.campariacademy.com\/pt-br\/wp-json\/wp\/v2\/comments?post=363"}],"version-history":[{"count":3,"href":"https:\/\/www.campariacademy.com\/pt-br\/wp-json\/wp\/v2\/pages\/363\/revisions"}],"predecessor-version":[{"id":1169,"href":"https:\/\/www.campariacademy.com\/pt-br\/wp-json\/wp\/v2\/pages\/363\/revisions\/1169"}],"wp:attachment":[{"href":"https:\/\/www.campariacademy.com\/pt-br\/wp-json\/wp\/v2\/media?parent=363"}],"curies":[{"name":"wp","href":"https:\/\/api.w.org\/{rel}","templated":true}]}}