{"id":519,"date":"2022-04-25T23:46:06","date_gmt":"2022-04-25T23:46:06","guid":{"rendered":"https:\/\/www.campariacademy.com\/pt-br\/?page_id=519"},"modified":"2022-10-14T14:01:41","modified_gmt":"2022-10-14T17:01:41","slug":"contato","status":"publish","type":"page","link":"https:\/\/www.campariacademy.com\/pt-br\/contato\/","title":{"rendered":"Contato"},"content":{"rendered":"<h3 style=\"text-align: left\"><strong>Perguntas Frequentes<\/strong><\/h3>\n<ul>\n<li><strong>O que \u00e9 a Campari Academy<br \/>\n<\/strong>Somos os guardi\u00f5es de uma t\u00e9cnica de excel\u00eancia. Usamos a ci\u00eancia para transformar os elementos, dosamos nosso conhecimento para criar novos mundos. Para n\u00f3s, a criatividade n\u00e3o tem limites, mesmo quando est\u00e1 contida no espa\u00e7o de um copo. S\u00f3 precisamos olhar para entender quem temos pela frente e um sorriso para faz\u00ea-lo se sentir bem. \u00c9 nossa habilidade. D\u00ea o que voc\u00ea ainda n\u00e3o sabe que quer e desperte mem\u00f3rias esquecidas. Somos estudantes de um conhecimento que nos \u00e9 transmitido e mestres de uma arte em evolu\u00e7\u00e3o. Em nossas m\u00e3os, o passado de toda uma cultura. Em nossos gestos, as sementes de uma nova hist\u00f3ria. Temos o dom de ser excepcionais e a tenacidade para nos aperfei\u00e7oar. Somos a academia de talentos. Movidos por uma paix\u00e3o que nos inspira a ser os melhores.<\/li>\n<li><strong>Conclu\u00ed um m\u00f3dulo e n\u00e3o recebi certificado, o que pode ter acontecido?<br \/>\n<\/strong>Para receber o certificado \u00e9 necess\u00e1rio que voc\u00ea tenha 70% de aprova\u00e7\u00e3o no Teste de Conhecimento. Para acessar o Teste, acesse a \u00faltima aula do m\u00f3dulo e clique em QUIZ.<\/li>\n<li><strong>Quais m\u00f3dulos oferecem certificados?<br \/>\n<\/strong>Os m\u00f3dulos que possibilitam certificados s\u00e3o #Bar01, #Bar02, #Bar03 e #Bar04. Ao concluir o m\u00f3dulo Hist\u00f3ria das Marcas voc\u00ea n\u00e3o receber\u00e1 certificado, apenas pontos.<\/li>\n<li><strong>Como s\u00e3o obtidas as badges?<\/strong><br \/>\nAs badges podem ser obtidas ao concluir categorias de conte\u00fado dentro de um m\u00f3dulo. Tamb\u00e9m s\u00e3o concedidas badges ao concluir o m\u00f3dulo Hist\u00f3ria das Marcas; ap\u00f3s o primeiro acesso \u00e0 plataforma; quando o usu\u00e1rio inicia a primeira aula; e quando o usu\u00e1rio finaliza os m\u00f3dulos 3 e 4.<\/li>\n<\/ul>\n<h3><strong>Contato<\/strong><\/h3>\n<p>Se voc\u00ea ainda tiver d\u00favidas, ou caso deseje fazer um elogio ou cr\u00edtica, envie um email para <a href=\"mailto:suporte@digitalcampari.com.br\">suporte@digitalcampari.com.br<\/a>.<\/p>\n","protected":false},"excerpt":{"rendered":"<p>Perguntas Frequentes O que \u00e9 a Campari Academy Somos os guardi\u00f5es de uma t\u00e9cnica de excel\u00eancia. Usamos a ci\u00eancia para transformar os elementos, dosamos nosso conhecimento para criar novos mundos. Para n\u00f3s, a criatividade n\u00e3o tem limites, mesmo quando est\u00e1 contida no espa\u00e7o de um copo. S\u00f3 precisamos olhar para entender quem temos pela frente [&hellip;]<\/p>\n","protected":false},"author":1,"featured_media":0,"parent":0,"menu_order":0,"comment_status":"closed","ping_status":"closed","template":"","meta":{"_acf_changed":false,"footnotes":""},"class_list":["post-519","page","type-page","status-publish","hentry"],"acf":[],"yoast_head":"<!-- This site is optimized with the Yoast SEO plugin v26.9 - https:\/\/yoast.com\/product\/yoast-seo-wordpress\/ -->\n<title>Contato - Campari Academy<\/title>\n<meta name=\"description\" content=\"Entre em contato com o time Campari Academy Brasil.\" \/>\n<meta name=\"robots\" content=\"index, follow, max-snippet:-1, max-image-preview:large, max-video-preview:-1\" \/>\n<link rel=\"canonical\" href=\"https:\/\/www.campariacademy.com\/pt-br\/contato\/\" \/>\n<meta property=\"og:locale\" content=\"pt_BR\" \/>\n<meta property=\"og:type\" content=\"article\" \/>\n<meta property=\"og:title\" content=\"Contato - Campari Academy\" \/>\n<meta property=\"og:description\" content=\"Entre em contato com o time Campari Academy Brasil.\" \/>\n<meta property=\"og:url\" content=\"https:\/\/www.campariacademy.com\/pt-br\/contato\/\" \/>\n<meta property=\"og:site_name\" content=\"Campari Academy\" \/>\n<meta property=\"article:modified_time\" content=\"2022-10-14T17:01:41+00:00\" \/>\n<meta name=\"twitter:card\" content=\"summary_large_image\" \/>\n<meta name=\"twitter:label1\" content=\"Est. tempo de leitura\" \/>\n\t<meta name=\"twitter:data1\" content=\"2 minutos\" \/>\n<script type=\"application\/ld+json\" class=\"yoast-schema-graph\">{\"@context\":\"https:\/\/schema.org\",\"@graph\":[{\"@type\":\"WebPage\",\"@id\":\"https:\/\/www.campariacademy.com\/pt-br\/contato\/\",\"url\":\"https:\/\/www.campariacademy.com\/pt-br\/contato\/\",\"name\":\"Contato - Campari Academy\",\"isPartOf\":{\"@id\":\"https:\/\/www.campariacademy.com\/pt-br\/#website\"},\"datePublished\":\"2022-04-25T23:46:06+00:00\",\"dateModified\":\"2022-10-14T17:01:41+00:00\",\"description\":\"Entre em contato com o time Campari Academy Brasil.\",\"inLanguage\":\"pt-BR\",\"potentialAction\":[{\"@type\":\"ReadAction\",\"target\":[\"https:\/\/www.campariacademy.com\/pt-br\/contato\/\"]}]},{\"@type\":\"WebSite\",\"@id\":\"https:\/\/www.campariacademy.com\/pt-br\/#website\",\"url\":\"https:\/\/www.campariacademy.com\/pt-br\/\",\"name\":\"Campari Academy\",\"description\":\"Uma plataforma de informa\u00e7\u00e3o, forma\u00e7\u00e3o e inspira\u00e7\u00e3o para os bartenders de todo Brasil\",\"publisher\":{\"@id\":\"https:\/\/www.campariacademy.com\/pt-br\/#organization\"},\"potentialAction\":[{\"@type\":\"SearchAction\",\"target\":{\"@type\":\"EntryPoint\",\"urlTemplate\":\"https:\/\/www.campariacademy.com\/pt-br\/?s={search_term_string}\"},\"query-input\":{\"@type\":\"PropertyValueSpecification\",\"valueRequired\":true,\"valueName\":\"search_term_string\"}}],\"inLanguage\":\"pt-BR\"},{\"@type\":\"Organization\",\"@id\":\"https:\/\/www.campariacademy.com\/pt-br\/#organization\",\"name\":\"Campari Academy\",\"url\":\"https:\/\/www.campariacademy.com\/pt-br\/\",\"logo\":{\"@type\":\"ImageObject\",\"inLanguage\":\"pt-BR\",\"@id\":\"https:\/\/www.campariacademy.com\/pt-br\/#\/schema\/logo\/image\/\",\"url\":\"https:\/\/www.campariacademy.com\/pt-br\/wp-content\/uploads\/sites\/5\/2022\/12\/campariacademy-logo-500.jpeg\",\"contentUrl\":\"https:\/\/www.campariacademy.com\/pt-br\/wp-content\/uploads\/sites\/5\/2022\/12\/campariacademy-logo-500.jpeg\",\"width\":500,\"height\":185,\"caption\":\"Campari Academy\"},\"image\":{\"@id\":\"https:\/\/www.campariacademy.com\/pt-br\/#\/schema\/logo\/image\/\"}}]}<\/script>\n<!-- \/ Yoast SEO plugin. -->","yoast_head_json":{"title":"Contato - Campari Academy","description":"Entre em contato com o time Campari Academy Brasil.","robots":{"index":"index","follow":"follow","max-snippet":"max-snippet:-1","max-image-preview":"max-image-preview:large","max-video-preview":"max-video-preview:-1"},"canonical":"https:\/\/www.campariacademy.com\/pt-br\/contato\/","og_locale":"pt_BR","og_type":"article","og_title":"Contato - Campari Academy","og_description":"Entre em contato com o time Campari Academy Brasil.","og_url":"https:\/\/www.campariacademy.com\/pt-br\/contato\/","og_site_name":"Campari Academy","article_modified_time":"2022-10-14T17:01:41+00:00","twitter_card":"summary_large_image","twitter_misc":{"Est. tempo de leitura":"2 minutos"},"schema":{"@context":"https:\/\/schema.org","@graph":[{"@type":"WebPage","@id":"https:\/\/www.campariacademy.com\/pt-br\/contato\/","url":"https:\/\/www.campariacademy.com\/pt-br\/contato\/","name":"Contato - Campari Academy","isPartOf":{"@id":"https:\/\/www.campariacademy.com\/pt-br\/#website"},"datePublished":"2022-04-25T23:46:06+00:00","dateModified":"2022-10-14T17:01:41+00:00","description":"Entre em contato com o time Campari Academy Brasil.","inLanguage":"pt-BR","potentialAction":[{"@type":"ReadAction","target":["https:\/\/www.campariacademy.com\/pt-br\/contato\/"]}]},{"@type":"WebSite","@id":"https:\/\/www.campariacademy.com\/pt-br\/#website","url":"https:\/\/www.campariacademy.com\/pt-br\/","name":"Campari Academy","description":"Uma plataforma de informa\u00e7\u00e3o, forma\u00e7\u00e3o e inspira\u00e7\u00e3o para os bartenders de todo Brasil","publisher":{"@id":"https:\/\/www.campariacademy.com\/pt-br\/#organization"},"potentialAction":[{"@type":"SearchAction","target":{"@type":"EntryPoint","urlTemplate":"https:\/\/www.campariacademy.com\/pt-br\/?s={search_term_string}"},"query-input":{"@type":"PropertyValueSpecification","valueRequired":true,"valueName":"search_term_string"}}],"inLanguage":"pt-BR"},{"@type":"Organization","@id":"https:\/\/www.campariacademy.com\/pt-br\/#organization","name":"Campari Academy","url":"https:\/\/www.campariacademy.com\/pt-br\/","logo":{"@type":"ImageObject","inLanguage":"pt-BR","@id":"https:\/\/www.campariacademy.com\/pt-br\/#\/schema\/logo\/image\/","url":"https:\/\/www.campariacademy.com\/pt-br\/wp-content\/uploads\/sites\/5\/2022\/12\/campariacademy-logo-500.jpeg","contentUrl":"https:\/\/www.campariacademy.com\/pt-br\/wp-content\/uploads\/sites\/5\/2022\/12\/campariacademy-logo-500.jpeg","width":500,"height":185,"caption":"Campari Academy"},"image":{"@id":"https:\/\/www.campariacademy.com\/pt-br\/#\/schema\/logo\/image\/"}}]}},"_links":{"self":[{"href":"https:\/\/www.campariacademy.com\/pt-br\/wp-json\/wp\/v2\/pages\/519","targetHints":{"allow":["GET"]}}],"collection":[{"href":"https:\/\/www.campariacademy.com\/pt-br\/wp-json\/wp\/v2\/pages"}],"about":[{"href":"https:\/\/www.campariacademy.com\/pt-br\/wp-json\/wp\/v2\/types\/page"}],"author":[{"embeddable":true,"href":"https:\/\/www.campariacademy.com\/pt-br\/wp-json\/wp\/v2\/users\/1"}],"replies":[{"embeddable":true,"href":"https:\/\/www.campariacademy.com\/pt-br\/wp-json\/wp\/v2\/comments?post=519"}],"version-history":[{"count":6,"href":"https:\/\/www.campariacademy.com\/pt-br\/wp-json\/wp\/v2\/pages\/519\/revisions"}],"predecessor-version":[{"id":2195,"href":"https:\/\/www.campariacademy.com\/pt-br\/wp-json\/wp\/v2\/pages\/519\/revisions\/2195"}],"wp:attachment":[{"href":"https:\/\/www.campariacademy.com\/pt-br\/wp-json\/wp\/v2\/media?parent=519"}],"curies":[{"name":"wp","href":"https:\/\/api.w.org\/{rel}","templated":true}]}}