{"id":653,"date":"2022-05-12T14:23:53","date_gmt":"2022-05-12T14:23:53","guid":{"rendered":"https:\/\/www.campariacademy.com\/pt-br\/?page_id=653"},"modified":"2022-12-16T12:21:30","modified_gmt":"2022-12-16T15:21:30","slug":"cadastro","status":"publish","type":"page","link":"https:\/\/www.campariacademy.com\/pt-br\/cadastro\/","title":{"rendered":"Cadastro"},"content":{"rendered":"","protected":false},"excerpt":{"rendered":"","protected":false},"author":1,"featured_media":0,"parent":0,"menu_order":0,"comment_status":"closed","ping_status":"closed","template":"template-register.php","meta":{"_acf_changed":false,"footnotes":""},"class_list":["post-653","page","type-page","status-publish","hentry"],"acf":[],"yoast_head":"<!-- This site is optimized with the Yoast SEO plugin v26.9 - https:\/\/yoast.com\/product\/yoast-seo-wordpress\/ -->\n<title>Cadastro - Campari Academy<\/title>\n<meta name=\"description\" content=\"Cadastre-se agora e descubra mais sobre o Universo de Campari Academy.\" \/>\n<meta name=\"robots\" content=\"noindex, nofollow\" \/>\n<meta property=\"og:locale\" content=\"pt_BR\" \/>\n<meta property=\"og:type\" content=\"article\" \/>\n<meta property=\"og:title\" content=\"Cadastro - Campari Academy\" \/>\n<meta property=\"og:description\" content=\"Cadastre-se agora e descubra mais sobre o Universo de Campari Academy.\" \/>\n<meta property=\"og:url\" content=\"https:\/\/www.campariacademy.com\/pt-br\/cadastro\/\" \/>\n<meta property=\"og:site_name\" content=\"Campari Academy\" \/>\n<meta property=\"article:modified_time\" content=\"2022-12-16T15:21:30+00:00\" \/>\n<meta name=\"twitter:card\" content=\"summary_large_image\" \/>\n<script type=\"application\/ld+json\" class=\"yoast-schema-graph\">{\"@context\":\"https:\/\/schema.org\",\"@graph\":[{\"@type\":\"WebPage\",\"@id\":\"https:\/\/www.campariacademy.com\/pt-br\/cadastro\/\",\"url\":\"https:\/\/www.campariacademy.com\/pt-br\/cadastro\/\",\"name\":\"Cadastro - Campari Academy\",\"isPartOf\":{\"@id\":\"https:\/\/www.campariacademy.com\/pt-br\/#website\"},\"datePublished\":\"2022-05-12T14:23:53+00:00\",\"dateModified\":\"2022-12-16T15:21:30+00:00\",\"description\":\"Cadastre-se agora e descubra mais sobre o Universo de Campari Academy.\",\"inLanguage\":\"pt-BR\",\"potentialAction\":[{\"@type\":\"ReadAction\",\"target\":[\"https:\/\/www.campariacademy.com\/pt-br\/cadastro\/\"]}]},{\"@type\":\"WebSite\",\"@id\":\"https:\/\/www.campariacademy.com\/pt-br\/#website\",\"url\":\"https:\/\/www.campariacademy.com\/pt-br\/\",\"name\":\"Campari Academy\",\"description\":\"Uma plataforma de informa\u00e7\u00e3o, forma\u00e7\u00e3o e inspira\u00e7\u00e3o para os bartenders de todo Brasil\",\"publisher\":{\"@id\":\"https:\/\/www.campariacademy.com\/pt-br\/#organization\"},\"potentialAction\":[{\"@type\":\"SearchAction\",\"target\":{\"@type\":\"EntryPoint\",\"urlTemplate\":\"https:\/\/www.campariacademy.com\/pt-br\/?s={search_term_string}\"},\"query-input\":{\"@type\":\"PropertyValueSpecification\",\"valueRequired\":true,\"valueName\":\"search_term_string\"}}],\"inLanguage\":\"pt-BR\"},{\"@type\":\"Organization\",\"@id\":\"https:\/\/www.campariacademy.com\/pt-br\/#organization\",\"name\":\"Campari Academy\",\"url\":\"https:\/\/www.campariacademy.com\/pt-br\/\",\"logo\":{\"@type\":\"ImageObject\",\"inLanguage\":\"pt-BR\",\"@id\":\"https:\/\/www.campariacademy.com\/pt-br\/#\/schema\/logo\/image\/\",\"url\":\"https:\/\/www.campariacademy.com\/pt-br\/wp-content\/uploads\/sites\/5\/2022\/12\/campariacademy-logo-500.jpeg\",\"contentUrl\":\"https:\/\/www.campariacademy.com\/pt-br\/wp-content\/uploads\/sites\/5\/2022\/12\/campariacademy-logo-500.jpeg\",\"width\":500,\"height\":185,\"caption\":\"Campari Academy\"},\"image\":{\"@id\":\"https:\/\/www.campariacademy.com\/pt-br\/#\/schema\/logo\/image\/\"}}]}<\/script>\n<!-- \/ Yoast SEO plugin. -->","yoast_head_json":{"title":"Cadastro - Campari Academy","description":"Cadastre-se agora e descubra mais sobre o Universo de Campari Academy.","robots":{"index":"noindex","follow":"nofollow"},"og_locale":"pt_BR","og_type":"article","og_title":"Cadastro - Campari Academy","og_description":"Cadastre-se agora e descubra mais sobre o Universo de Campari Academy.","og_url":"https:\/\/www.campariacademy.com\/pt-br\/cadastro\/","og_site_name":"Campari Academy","article_modified_time":"2022-12-16T15:21:30+00:00","twitter_card":"summary_large_image","schema":{"@context":"https:\/\/schema.org","@graph":[{"@type":"WebPage","@id":"https:\/\/www.campariacademy.com\/pt-br\/cadastro\/","url":"https:\/\/www.campariacademy.com\/pt-br\/cadastro\/","name":"Cadastro - Campari Academy","isPartOf":{"@id":"https:\/\/www.campariacademy.com\/pt-br\/#website"},"datePublished":"2022-05-12T14:23:53+00:00","dateModified":"2022-12-16T15:21:30+00:00","description":"Cadastre-se agora e descubra mais sobre o Universo de Campari Academy.","inLanguage":"pt-BR","potentialAction":[{"@type":"ReadAction","target":["https:\/\/www.campariacademy.com\/pt-br\/cadastro\/"]}]},{"@type":"WebSite","@id":"https:\/\/www.campariacademy.com\/pt-br\/#website","url":"https:\/\/www.campariacademy.com\/pt-br\/","name":"Campari Academy","description":"Uma plataforma de informa\u00e7\u00e3o, forma\u00e7\u00e3o e inspira\u00e7\u00e3o para os bartenders de todo Brasil","publisher":{"@id":"https:\/\/www.campariacademy.com\/pt-br\/#organization"},"potentialAction":[{"@type":"SearchAction","target":{"@type":"EntryPoint","urlTemplate":"https:\/\/www.campariacademy.com\/pt-br\/?s={search_term_string}"},"query-input":{"@type":"PropertyValueSpecification","valueRequired":true,"valueName":"search_term_string"}}],"inLanguage":"pt-BR"},{"@type":"Organization","@id":"https:\/\/www.campariacademy.com\/pt-br\/#organization","name":"Campari Academy","url":"https:\/\/www.campariacademy.com\/pt-br\/","logo":{"@type":"ImageObject","inLanguage":"pt-BR","@id":"https:\/\/www.campariacademy.com\/pt-br\/#\/schema\/logo\/image\/","url":"https:\/\/www.campariacademy.com\/pt-br\/wp-content\/uploads\/sites\/5\/2022\/12\/campariacademy-logo-500.jpeg","contentUrl":"https:\/\/www.campariacademy.com\/pt-br\/wp-content\/uploads\/sites\/5\/2022\/12\/campariacademy-logo-500.jpeg","width":500,"height":185,"caption":"Campari Academy"},"image":{"@id":"https:\/\/www.campariacademy.com\/pt-br\/#\/schema\/logo\/image\/"}}]}},"_links":{"self":[{"href":"https:\/\/www.campariacademy.com\/pt-br\/wp-json\/wp\/v2\/pages\/653","targetHints":{"allow":["GET"]}}],"collection":[{"href":"https:\/\/www.campariacademy.com\/pt-br\/wp-json\/wp\/v2\/pages"}],"about":[{"href":"https:\/\/www.campariacademy.com\/pt-br\/wp-json\/wp\/v2\/types\/page"}],"author":[{"embeddable":true,"href":"https:\/\/www.campariacademy.com\/pt-br\/wp-json\/wp\/v2\/users\/1"}],"replies":[{"embeddable":true,"href":"https:\/\/www.campariacademy.com\/pt-br\/wp-json\/wp\/v2\/comments?post=653"}],"version-history":[{"count":3,"href":"https:\/\/www.campariacademy.com\/pt-br\/wp-json\/wp\/v2\/pages\/653\/revisions"}],"predecessor-version":[{"id":2328,"href":"https:\/\/www.campariacademy.com\/pt-br\/wp-json\/wp\/v2\/pages\/653\/revisions\/2328"}],"wp:attachment":[{"href":"https:\/\/www.campariacademy.com\/pt-br\/wp-json\/wp\/v2\/media?parent=653"}],"curies":[{"name":"wp","href":"https:\/\/api.w.org\/{rel}","templated":true}]}}